{"id":353,"date":"2023-02-07T00:07:25","date_gmt":"2023-02-07T00:07:25","guid":{"rendered":"https:\/\/pre.fontanals-solicitors.com\/claims\/"},"modified":"2023-02-19T20:08:48","modified_gmt":"2023-02-19T20:08:48","slug":"reclamaciones","status":"publish","type":"page","link":"https:\/\/fontanals-solicitors.com\/es\/reclamaciones\/","title":{"rendered":"Reclamaciones"},"content":{"rendered":"\n<div class=\"wp-block-columns fnt-main__group is-layout-flex wp-container-2\">\n<div class=\"wp-block-column fnt-main__group--begin fnt-main__group--span-4 is-layout-flow\" style=\"flex-basis:50%\">\n<h2 class=\"wp-block-heading\">\u00bfC\u00f3mo podemos ayudarte?<\/h2>\n<\/div>\n<\/div>\n\n\n\n<div class=\"wp-block-columns fnt-main__group-bg is-layout-flex wp-container-5\">\n<div class=\"wp-block-column is-layout-flow\" style=\"flex-basis:50%\">\n<p>Antes o despu\u00e9s todos nos enfrentamos a situaciones desagradables e injustas. Por suerte, en Espa\u00f1a contamos con un sistema legal que nos protege ante abusos e inconformidades.<\/p>\n<\/div>\n\n\n\n<div class=\"wp-block-column is-layout-flow\" style=\"flex-basis:50%\">\n<p>Contar con el consejo de un abogado es recomendable ante casi cualquier situaci\u00f3n, te ayudaremos a evaluar los riesgos y oportunidades a los que te enfrentes asegur\u00e1ndonos de que tu posici\u00f3n es objetivamente bene\ufb01ciosa y te expondremos cuales son los pasos a seguir ante cualquier proceso.<\/p>\n\n\n\n<p class=\"fnt-main__button fnt-main__group--begin fnt-main__group--span-3\"><a href=\"https:\/\/fontanals-solicitors.com\/es\/contacto\/\">Solicita m\u00e1s informaci\u00f3n<\/a><\/p>\n<\/div>\n<\/div>\n\n\n\n<div class=\"wp-block-columns fnt-main__group is-layout-flex wp-container-7\">\n<div class=\"wp-block-column fnt-main__group--begin fnt-main__group--span-4 is-layout-flow\" style=\"flex-basis:50%\">\n<h2 class=\"wp-block-heading\">Servicios relacionados<\/h2>\n<\/div>\n<\/div>\n\n\n\n<div class=\"wp-block-group fnt-servicios is-layout-flex\">\n<div class=\"wp-block-group fnt-servicios__item is-nowrap is-layout-flex wp-container-9\">\n<figure class=\"wp-block-image size-full\"><img decoding=\"async\" src=\"https:\/\/fontanals-solicitors.com\/wp-content\/uploads\/2023\/02\/tribunal.svg\" alt=\"\" class=\"wp-image-266\"\/><\/figure>\n\n\n\n<div class=\"wp-block-group fnt-servicios__content is-vertical is-layout-flex wp-container-8\">\n<p class=\"fnt-servicios__title\"><strong>Bancos<\/strong><\/p>\n\n\n\n<p class=\"fnt-servicios__description\">Te ayudamos en la redacci\u00f3n y presentamos la queja o reclamaci\u00f3n ante tu banco en Espa\u00f1a.<\/p>\n<\/div>\n<\/div>\n\n\n\n<div class=\"wp-block-group fnt-servicios__item is-nowrap is-layout-flex wp-container-11\">\n<figure class=\"wp-block-image size-full\"><img decoding=\"async\" src=\"https:\/\/fontanals-solicitors.com\/wp-content\/uploads\/2023\/02\/administration.svg\" alt=\"\" class=\"wp-image-267\"\/><\/figure>\n\n\n\n<div class=\"wp-block-group fnt-servicios__content is-vertical is-layout-flex wp-container-10\">\n<p class=\"fnt-servicios__title\"><strong>Comunidad de vecinos\n<\/strong><\/p>\n\n\n\n<p class=\"fnt-servicios__description\">Si no se puedes llegar a un acuerdo mediante el di\u00e1logo, presentaremos la denuncia por escrito a tu comunidad.<\/p>\n<\/div>\n<\/div>\n\n\n\n<div class=\"wp-block-group fnt-servicios__item is-nowrap is-layout-flex wp-container-13\">\n<figure class=\"wp-block-image size-full\"><img decoding=\"async\" src=\"https:\/\/fontanals-solicitors.com\/wp-content\/uploads\/2023\/02\/divorce.svg\" alt=\"\" class=\"wp-image-268\"\/><\/figure>\n\n\n\n<div class=\"wp-block-group fnt-servicios__content is-vertical is-layout-flex wp-container-12\">\n<p class=\"fnt-servicios__title\"><strong>Divorcio<\/strong><\/p>\n\n\n\n<p class=\"fnt-servicios__description\">El divorcio es un procedimiento jur\u00eddico que da finalizaci\u00f3n del v\u00ednculo conyugal, nuestros especialistas te ayudar\u00e1n a defender tus intereses.<\/p>\n<\/div>\n<\/div>\n\n\n\n<div class=\"wp-block-group fnt-servicios__item is-nowrap is-layout-flex wp-container-15\">\n<figure class=\"wp-block-image size-full\"><img decoding=\"async\" src=\"https:\/\/fontanals-solicitors.com\/wp-content\/uploads\/2023\/02\/neighbours.svg\" alt=\"\" class=\"wp-image-269\"\/><\/figure>\n\n\n\n<div class=\"wp-block-group fnt-servicios__content is-vertical is-layout-flex wp-container-14\">\n<p class=\"fnt-servicios__title\"><strong>Administraci\u00f3n<\/strong><\/p>\n\n\n\n<p class=\"fnt-servicios__description\">Si crees que la administraci\u00f3n p\u00fablica espa\u00f1ola ha vulnerado alguno de tus derechos, te ayudamos a procesar la queja y te acompa\u00f1amos hasta el final del proceso.<\/p>\n<\/div>\n<\/div>\n\n\n\n<div class=\"wp-block-group fnt-servicios__item is-nowrap is-layout-flex wp-container-17\">\n<figure class=\"wp-block-image size-full\"><img decoding=\"async\" src=\"https:\/\/fontanals-solicitors.com\/wp-content\/uploads\/2023\/02\/suministros.svg\" alt=\"\" class=\"wp-image-251\"\/><\/figure>\n\n\n\n<div class=\"wp-block-group fnt-servicios__content is-vertical is-layout-flex wp-container-16\">\n<p class=\"fnt-servicios__title\"><strong>Suministros<\/strong><\/p>\n\n\n\n<p class=\"fnt-servicios__description\">Como consumidor, puedes presentar reclamaciones en relaci\u00f3n con los suministros, en caso de desacuerdo lo haremos ante el organismo de consumo competente.<\/p>\n<\/div>\n<\/div>\n\n\n\n<div class=\"wp-block-group fnt-servicios__item is-nowrap is-layout-flex wp-container-19\">\n<figure class=\"wp-block-image size-full\"><img decoding=\"async\" src=\"https:\/\/fontanals-solicitors.com\/wp-content\/uploads\/2023\/02\/tax_planning.svg\" alt=\"\" class=\"wp-image-226\"\/><\/figure>\n\n\n\n<div class=\"wp-block-group fnt-servicios__content is-vertical is-layout-flex wp-container-18\">\n<p class=\"fnt-servicios__title\"><strong>Gesti\u00f3n tributaria<\/strong><\/p>\n\n\n\n<p class=\"fnt-servicios__description\">Presentaremos por ti la reclamaci\u00f3n econ\u00f3mico-administrativa contra actos de Gesti\u00f3n Tributaria.<\/p>\n<\/div>\n<\/div>\n\n\n\n<div class=\"wp-block-group fnt-servicios__item is-nowrap is-layout-flex wp-container-21\">\n<figure class=\"wp-block-image size-full\"><img decoding=\"async\" src=\"https:\/\/fontanals-solicitors.com\/wp-content\/uploads\/2023\/02\/power-icon.svg\" alt=\"\" class=\"wp-image-84\"\/><\/figure>\n\n\n\n<div class=\"wp-block-group fnt-servicios__content is-vertical is-layout-flex wp-container-20\">\n<p class=\"fnt-servicios__title\"><strong>Poder legal<\/strong><\/p>\n\n\n\n<p class=\"fnt-servicios__description\">Si no puedes estar presente f\u00edsicamente y lo necesitas, seremos tu representante legal.<\/p>\n<\/div>\n<\/div>\n\n\n\n<div class=\"wp-block-group fnt-servicios__item is-nowrap is-layout-flex wp-container-23\">\n<div class=\"wp-block-group fnt-servicios__content is-vertical is-layout-flex wp-container-22\"><\/div>\n<\/div>\n<\/div>\n\n\n\n<div class=\"wp-block-columns is-layout-flex wp-container-25\"><\/div>\n\n\n\n<div class=\"wp-block-columns fnt-main__group is-layout-flex wp-container-28\">\n<div class=\"wp-block-column fnt-main__group--begin fnt-main__group--span-4 is-layout-flow\" style=\"flex-basis:50%\">\n<h2 class=\"wp-block-heading\">Preguntas frecuentes<\/h2>\n<\/div>\n\n\n\n<div class=\"wp-block-column fnt-main__group--span-6 fnt-main__group--begin-mid is-layout-flow\" style=\"flex-basis:50%\">\n<details class=\"wp-block-fontanals-blocks-faq\"><summary class=\"question\"><h2>\u00bfQu\u00e9 impuestos pago al comprar una propiedad nueva?<\/h2><img decoding=\"async\" src=\"data:image\/svg+xml;base64,PHN2ZyB4bWxucz0iaHR0cDovL3d3dy53My5vcmcvMjAwMC9zdmciIHdpZHRoPSIxMC44MiIgaGVpZ2h0PSI2LjU0MSIgdmlld0JveD0iMCAwIDEwLjgyIDYuNTQxIj4NCiAgPHBhdGggaWQ9ImFycm93LWRvd24iIGQ9Ik0xMC44MiwzLjIzOSw1LjQxLDguNjQ5LDAsMy4yMzksMS4xMzEsMi4xMDgsNS40MSw2LjM3LDkuNjcyLDIuMTA4WiIgdHJhbnNmb3JtPSJ0cmFuc2xhdGUoMCAtMi4xMDgpIi8+DQo8L3N2Zz4NCg==\" alt=\"Triangulo\"\/><\/summary><div class=\"answer\">\n<p>Todas las compras de casas nuevas est\u00e1n sujetas al 10% de IVA sobre el valor de la propiedad, as\u00ed como al 1,5% por un impuesto de documentaci\u00f3n legal. <\/p>\n\n\n\n<p>Al comprar una propiedad existente, debe pagar un Impuesto de Transmisiones Patrimoniales, o ITP. Esto se aplica en una escala m\u00f3vil dependiendo del precio de compra.<\/p>\n<\/div><\/details>\n\n\n\n<details class=\"wp-block-fontanals-blocks-faq\"><summary class=\"question\"><h2>\u00bfPuedo obtener la ciudadan\u00eda si compro una propiedad?<\/h2><img decoding=\"async\" src=\"data:image\/svg+xml;base64,PHN2ZyB4bWxucz0iaHR0cDovL3d3dy53My5vcmcvMjAwMC9zdmciIHdpZHRoPSIxMC44MiIgaGVpZ2h0PSI2LjU0MSIgdmlld0JveD0iMCAwIDEwLjgyIDYuNTQxIj4NCiAgPHBhdGggaWQ9ImFycm93LWRvd24iIGQ9Ik0xMC44MiwzLjIzOSw1LjQxLDguNjQ5LDAsMy4yMzksMS4xMzEsMi4xMDgsNS40MSw2LjM3LDkuNjcyLDIuMTA4WiIgdHJhbnNmb3JtPSJ0cmFuc2xhdGUoMCAtMi4xMDgpIi8+DQo8L3N2Zz4NCg==\" alt=\"Triangulo\"\/><\/summary><div class=\"answer\">\n<p>La Golden VISA o VISA de oro es un visado de residencia para inversores.&nbsp; La inversi\u00f3n puede ser en un activo financiero, un inmueble o proyectos empresariales. La compra de un inmueble por un valor de 500.000 euros libres de deuda, permitir\u00eda aplicar al visado de residencia. Podr\u00eda consistir en la adquisici\u00f3n de varios inmuebles, pero al menos uno debe estar destinado a la residencia habitual en Espa\u00f1a del inversor. Si la inversi\u00f3n se realiza a trav\u00e9s de una sociedad, el solicitante debe ser el propietario de la mayor\u00eda del capital accionario.<\/p>\n\n\n\n<p>No obstante, la residencia puede ser solicitada por cualquier persona que cumpla con los requisitos econ\u00f3micos para su ubicaci\u00f3n y mantenimiento vital.<\/p>\n<\/div><\/details>\n\n\n\n<details class=\"wp-block-fontanals-blocks-faq\"><summary class=\"question\"><h2>\u00bfPueden los extranjeros comprar una propiedad es Espa\u00f1a?<\/h2><img decoding=\"async\" src=\"data:image\/svg+xml;base64,PHN2ZyB4bWxucz0iaHR0cDovL3d3dy53My5vcmcvMjAwMC9zdmciIHdpZHRoPSIxMC44MiIgaGVpZ2h0PSI2LjU0MSIgdmlld0JveD0iMCAwIDEwLjgyIDYuNTQxIj4NCiAgPHBhdGggaWQ9ImFycm93LWRvd24iIGQ9Ik0xMC44MiwzLjIzOSw1LjQxLDguNjQ5LDAsMy4yMzksMS4xMzEsMi4xMDgsNS40MSw2LjM3LDkuNjcyLDIuMTA4WiIgdHJhbnNmb3JtPSJ0cmFuc2xhdGUoMCAtMi4xMDgpIi8+DQo8L3N2Zz4NCg==\" alt=\"Triangulo\"\/><\/summary><div class=\"answer\">\n<p>No existe ninguna restriccion para comprar una propiedad en Espa\u00f1a, si no requisitos que dependen de la nacionalidad del comprador.<\/p>\n<\/div><\/details>\n<\/div>\n<\/div>\n","protected":false},"excerpt":{"rendered":"<p>\u00bfC\u00f3mo podemos ayudarte? Antes o despu\u00e9s todos nos enfrentamos a situaciones desagradables e injustas. Por suerte, en Espa\u00f1a contamos con un sistema legal que nos protege ante abusos e inconformidades. Contar con el consejo de un abogado es recomendable ante casi cualquier situaci\u00f3n, te ayudaremos a evaluar los riesgos y oportunidades a los que te [&hellip;]<\/p>\n","protected":false},"author":2,"featured_media":312,"parent":0,"menu_order":0,"comment_status":"closed","ping_status":"closed","template":"","meta":[],"categories":[13],"yoast_head":"<!-- This site is optimized with the Yoast SEO plugin v21.4 - https:\/\/yoast.com\/wordpress\/plugins\/seo\/ -->\n<title>Reclamaciones - Real Estate Lawyers in Spain | Fontanals Solicitors<\/title>\n<meta name=\"robots\" content=\"index, follow, max-snippet:-1, max-image-preview:large, max-video-preview:-1\" \/>\n<link rel=\"canonical\" href=\"https:\/\/fontanals-solicitors.com\/es\/reclamaciones\/\" \/>\n<meta property=\"og:locale\" content=\"es_ES\" \/>\n<meta property=\"og:type\" content=\"article\" \/>\n<meta property=\"og:title\" content=\"Reclamaciones - Real Estate Lawyers in Spain | Fontanals Solicitors\" \/>\n<meta property=\"og:description\" content=\"\u00bfC\u00f3mo podemos ayudarte? Antes o despu\u00e9s todos nos enfrentamos a situaciones desagradables e injustas. Por suerte, en Espa\u00f1a contamos con un sistema legal que nos protege ante abusos e inconformidades. Contar con el consejo de un abogado es recomendable ante casi cualquier situaci\u00f3n, te ayudaremos a evaluar los riesgos y oportunidades a los que te [&hellip;]\" \/>\n<meta property=\"og:url\" content=\"https:\/\/fontanals-solicitors.com\/es\/reclamaciones\/\" \/>\n<meta property=\"og:site_name\" content=\"Real Estate Lawyers in Spain | Fontanals Solicitors\" \/>\n<meta property=\"article:modified_time\" content=\"2023-02-19T20:08:48+00:00\" \/>\n<meta property=\"og:image\" content=\"https:\/\/fontanals-solicitors.com\/wp-content\/uploads\/2023\/02\/claims-featured-scaled.jpg\" \/>\n\t<meta property=\"og:image:width\" content=\"1707\" \/>\n\t<meta property=\"og:image:height\" content=\"2560\" \/>\n\t<meta property=\"og:image:type\" content=\"image\/jpeg\" \/>\n<meta name=\"twitter:card\" content=\"summary_large_image\" \/>\n<meta name=\"twitter:label1\" content=\"Tiempo de lectura\" \/>\n\t<meta name=\"twitter:data1\" content=\"2 minutos\" \/>\n<script type=\"application\/ld+json\" class=\"yoast-schema-graph\">{\"@context\":\"https:\/\/schema.org\",\"@graph\":[{\"@type\":\"WebPage\",\"@id\":\"https:\/\/fontanals-solicitors.com\/es\/reclamaciones\/\",\"url\":\"https:\/\/fontanals-solicitors.com\/es\/reclamaciones\/\",\"name\":\"Reclamaciones - Real Estate Lawyers in Spain | Fontanals Solicitors\",\"isPartOf\":{\"@id\":\"https:\/\/fontanals-solicitors.com\/#website\"},\"datePublished\":\"2023-02-07T00:07:25+00:00\",\"dateModified\":\"2023-02-19T20:08:48+00:00\",\"breadcrumb\":{\"@id\":\"https:\/\/fontanals-solicitors.com\/es\/reclamaciones\/#breadcrumb\"},\"inLanguage\":\"es\",\"potentialAction\":[{\"@type\":\"ReadAction\",\"target\":[\"https:\/\/fontanals-solicitors.com\/es\/reclamaciones\/\"]}]},{\"@type\":\"BreadcrumbList\",\"@id\":\"https:\/\/fontanals-solicitors.com\/es\/reclamaciones\/#breadcrumb\",\"itemListElement\":[{\"@type\":\"ListItem\",\"position\":1,\"name\":\"Home\",\"item\":\"https:\/\/fontanals-solicitors.com\/es\/\"},{\"@type\":\"ListItem\",\"position\":2,\"name\":\"Reclamaciones\"}]},{\"@type\":\"WebSite\",\"@id\":\"https:\/\/fontanals-solicitors.com\/#website\",\"url\":\"https:\/\/fontanals-solicitors.com\/\",\"name\":\"Real Estate Lawyers in Spain | Fontanals Solicitors\",\"description\":\"\",\"publisher\":{\"@id\":\"https:\/\/fontanals-solicitors.com\/#organization\"},\"potentialAction\":[{\"@type\":\"SearchAction\",\"target\":{\"@type\":\"EntryPoint\",\"urlTemplate\":\"https:\/\/fontanals-solicitors.com\/?s={search_term_string}\"},\"query-input\":\"required name=search_term_string\"}],\"inLanguage\":\"es\"},{\"@type\":\"Organization\",\"@id\":\"https:\/\/fontanals-solicitors.com\/#organization\",\"name\":\"Fontanals Solicitors\",\"url\":\"https:\/\/fontanals-solicitors.com\/\",\"logo\":{\"@type\":\"ImageObject\",\"inLanguage\":\"es\",\"@id\":\"https:\/\/fontanals-solicitors.com\/#\/schema\/logo\/image\/\",\"url\":\"https:\/\/fontanals-solicitors.com\/wp-content\/uploads\/2023\/06\/LOGO-FONTANALS-SOLICITORS-1.png\",\"contentUrl\":\"https:\/\/fontanals-solicitors.com\/wp-content\/uploads\/2023\/06\/LOGO-FONTANALS-SOLICITORS-1.png\",\"width\":1507,\"height\":507,\"caption\":\"Fontanals Solicitors\"},\"image\":{\"@id\":\"https:\/\/fontanals-solicitors.com\/#\/schema\/logo\/image\/\"}}]}<\/script>\n<!-- \/ Yoast SEO plugin. -->","yoast_head_json":{"title":"Reclamaciones - Real Estate Lawyers in Spain | Fontanals Solicitors","robots":{"index":"index","follow":"follow","max-snippet":"max-snippet:-1","max-image-preview":"max-image-preview:large","max-video-preview":"max-video-preview:-1"},"canonical":"https:\/\/fontanals-solicitors.com\/es\/reclamaciones\/","og_locale":"es_ES","og_type":"article","og_title":"Reclamaciones - Real Estate Lawyers in Spain | Fontanals Solicitors","og_description":"\u00bfC\u00f3mo podemos ayudarte? Antes o despu\u00e9s todos nos enfrentamos a situaciones desagradables e injustas. Por suerte, en Espa\u00f1a contamos con un sistema legal que nos protege ante abusos e inconformidades. Contar con el consejo de un abogado es recomendable ante casi cualquier situaci\u00f3n, te ayudaremos a evaluar los riesgos y oportunidades a los que te [&hellip;]","og_url":"https:\/\/fontanals-solicitors.com\/es\/reclamaciones\/","og_site_name":"Real Estate Lawyers in Spain | Fontanals Solicitors","article_modified_time":"2023-02-19T20:08:48+00:00","og_image":[{"width":1707,"height":2560,"url":"https:\/\/fontanals-solicitors.com\/wp-content\/uploads\/2023\/02\/claims-featured-scaled.jpg","type":"image\/jpeg"}],"twitter_card":"summary_large_image","twitter_misc":{"Tiempo de lectura":"2 minutos"},"schema":{"@context":"https:\/\/schema.org","@graph":[{"@type":"WebPage","@id":"https:\/\/fontanals-solicitors.com\/es\/reclamaciones\/","url":"https:\/\/fontanals-solicitors.com\/es\/reclamaciones\/","name":"Reclamaciones - Real Estate Lawyers in Spain | Fontanals Solicitors","isPartOf":{"@id":"https:\/\/fontanals-solicitors.com\/#website"},"datePublished":"2023-02-07T00:07:25+00:00","dateModified":"2023-02-19T20:08:48+00:00","breadcrumb":{"@id":"https:\/\/fontanals-solicitors.com\/es\/reclamaciones\/#breadcrumb"},"inLanguage":"es","potentialAction":[{"@type":"ReadAction","target":["https:\/\/fontanals-solicitors.com\/es\/reclamaciones\/"]}]},{"@type":"BreadcrumbList","@id":"https:\/\/fontanals-solicitors.com\/es\/reclamaciones\/#breadcrumb","itemListElement":[{"@type":"ListItem","position":1,"name":"Home","item":"https:\/\/fontanals-solicitors.com\/es\/"},{"@type":"ListItem","position":2,"name":"Reclamaciones"}]},{"@type":"WebSite","@id":"https:\/\/fontanals-solicitors.com\/#website","url":"https:\/\/fontanals-solicitors.com\/","name":"Real Estate Lawyers in Spain | Fontanals Solicitors","description":"","publisher":{"@id":"https:\/\/fontanals-solicitors.com\/#organization"},"potentialAction":[{"@type":"SearchAction","target":{"@type":"EntryPoint","urlTemplate":"https:\/\/fontanals-solicitors.com\/?s={search_term_string}"},"query-input":"required name=search_term_string"}],"inLanguage":"es"},{"@type":"Organization","@id":"https:\/\/fontanals-solicitors.com\/#organization","name":"Fontanals Solicitors","url":"https:\/\/fontanals-solicitors.com\/","logo":{"@type":"ImageObject","inLanguage":"es","@id":"https:\/\/fontanals-solicitors.com\/#\/schema\/logo\/image\/","url":"https:\/\/fontanals-solicitors.com\/wp-content\/uploads\/2023\/06\/LOGO-FONTANALS-SOLICITORS-1.png","contentUrl":"https:\/\/fontanals-solicitors.com\/wp-content\/uploads\/2023\/06\/LOGO-FONTANALS-SOLICITORS-1.png","width":1507,"height":507,"caption":"Fontanals Solicitors"},"image":{"@id":"https:\/\/fontanals-solicitors.com\/#\/schema\/logo\/image\/"}}]}},"_links":{"self":[{"href":"https:\/\/fontanals-solicitors.com\/es\/wp-json\/wp\/v2\/pages\/353"}],"collection":[{"href":"https:\/\/fontanals-solicitors.com\/es\/wp-json\/wp\/v2\/pages"}],"about":[{"href":"https:\/\/fontanals-solicitors.com\/es\/wp-json\/wp\/v2\/types\/page"}],"author":[{"embeddable":true,"href":"https:\/\/fontanals-solicitors.com\/es\/wp-json\/wp\/v2\/users\/2"}],"replies":[{"embeddable":true,"href":"https:\/\/fontanals-solicitors.com\/es\/wp-json\/wp\/v2\/comments?post=353"}],"version-history":[{"count":8,"href":"https:\/\/fontanals-solicitors.com\/es\/wp-json\/wp\/v2\/pages\/353\/revisions"}],"predecessor-version":[{"id":653,"href":"https:\/\/fontanals-solicitors.com\/es\/wp-json\/wp\/v2\/pages\/353\/revisions\/653"}],"wp:featuredmedia":[{"embeddable":true,"href":"https:\/\/fontanals-solicitors.com\/es\/wp-json\/wp\/v2\/media\/312"}],"wp:attachment":[{"href":"https:\/\/fontanals-solicitors.com\/es\/wp-json\/wp\/v2\/media?parent=353"}],"wp:term":[{"taxonomy":"category","embeddable":true,"href":"https:\/\/fontanals-solicitors.com\/es\/wp-json\/wp\/v2\/categories?post=353"}],"curies":[{"name":"wp","href":"https:\/\/api.w.org\/{rel}","templated":true}]}}