{"id":368,"date":"2023-02-07T00:05:33","date_gmt":"2023-02-07T00:05:33","guid":{"rendered":"https:\/\/pre.fontanals-solicitors.com\/propiedad-y-bienes\/"},"modified":"2023-02-24T11:05:25","modified_gmt":"2023-02-24T11:05:25","slug":"propiedad-y-bienes","status":"publish","type":"page","link":"https:\/\/fontanals-solicitors.com\/es\/propiedad-y-bienes\/","title":{"rendered":"Propiedad y bienes"},"content":{"rendered":"\n<div class=\"wp-block-columns fnt-main__group is-layout-flex wp-container-4\">\n<div class=\"wp-block-column fnt-main__group--begin fnt-main__group--span-4 is-layout-flow\" style=\"flex-basis:50%\">\n<h2 class=\"wp-block-heading\">\u00bfEstas valorando comprar una casa en Espa\u00f1a?<\/h2>\n<\/div>\n\n\n\n<div class=\"wp-block-column fnt-main__group--span-6 fnt-main__group--begin-mid is-layout-flow\" style=\"flex-basis:50%\">\n<div class=\"wp-block-group fnt-main__group-text-button is-vertical is-layout-flex wp-container-2\">\n<p class=\"fnt-main__group--begin fnt-main__group--span-6\">Las implicaciones legales y los impuestos pueden resultar complejos, tanto en la compra, como en la venta de un inmueble, en Fontanals Solicitors somos especialistas desde hace m\u00e1s de 30 a\u00f1os en derecho inmobiliario.<br><br><span class=\"Apple-converted-space\">Te guiamos desde el principio para que sea un proceso lo m\u00e1s sencillo posible, garantizando que tus intereses est\u00e9n protegidos y asegur\u00e1ndonos de que la operaci\u00f3n resulta eficiente y segura.<\/span><br><\/p>\n\n\n\n<p class=\"fnt-main__button fnt-main__group--begin fnt-main__group--span-3\"><a href=\"https:\/\/fontanals-solicitors.com\/es\/contacto\/\">\u00a1Hablemos ahora!<\/a><\/p>\n<\/div>\n<\/div>\n<\/div>\n\n\n\n<div class=\"wp-block-columns fnt-main__group is-layout-flex wp-container-8\">\n<div class=\"wp-block-column fnt-main__group--begin fnt-main__group--span-4 is-layout-flow\" style=\"flex-basis:50%\">\n<h2 class=\"wp-block-heading\">\u00bfC\u00f3mo podemos ayudarte?<\/h2>\n<\/div>\n\n\n\n<div class=\"wp-block-column fnt-main__group--span-6 fnt-main__group--begin-mid is-layout-flow\" style=\"flex-basis:50%\">\n<div class=\"wp-block-group fnt-main__group-text-button is-vertical is-layout-flex wp-container-6\">\n<p class=\"fnt-main__group--begin fnt-main__group--span-6\">Simplificamos el proceso de compra o venta de una propiedad, asesorandote desde el primer momento, asegurandonos de que tus intereses estan cubiertos e incluso actuando por ti si es necesario en cada paso del proceso.<\/p>\n<\/div>\n<\/div>\n<\/div>\n\n\n\n<div class=\"wp-block-group fnt-main__enumeration is-nowrap is-layout-flex wp-container-14\">\n<div class=\"wp-block-group fnt-background--blue-100 is-vertical is-layout-flex wp-container-9\">\n<p class=\"fnt-text-colossal\">1<\/p>\n\n\n\n<p class=\"fnt-text-small\"><strong>Planificaci\u00f3n<\/strong> <\/p>\n\n\n\n<p class=\"fnt-text-small\">Te ayudamos a encontrar tu inmueble y a calcular la totalidad de los gastos e impuestos para que conozcas el importe exacto de la compra.<\/p>\n<\/div>\n\n\n\n<div class=\"wp-block-group fnt-background--blue-200 is-vertical is-layout-flex wp-container-10\">\n<p class=\"fnt-text-colossal\">2<\/p>\n\n\n\n<p class=\"fnt-text-small\"><strong>Estado de la vivienda<\/strong> <\/p>\n\n\n\n<p class=\"fnt-text-small\">Analizaremos la situaci\u00f3n jur\u00eddica de la propiedad; titularidad, cargas, embargos, etc<\/p>\n<\/div>\n\n\n\n<div class=\"wp-block-group fnt-background--blue-300 is-vertical is-layout-flex wp-container-11\">\n<p class=\"fnt-text-colossal\">3<\/p>\n\n\n\n<p class=\"fnt-text-small\"><strong>Poder notarial, NIE y cuenta bancaria<\/strong> <\/p>\n\n\n\n<p class=\"fnt-text-small\">Nos permitir\u00e1 actuar en tu nombre, evitando que tengas que acudir presencialmente en cada paso del proceso.<\/p>\n<\/div>\n\n\n\n<div class=\"wp-block-group fnt-background--blue-400 is-vertical is-layout-flex wp-container-12\">\n<p class=\"fnt-text-colossal\">4<\/p>\n\n\n\n<p class=\"fnt-text-small\"><strong>Finalizaci\u00f3n de la compra<\/strong> <\/p>\n\n\n\n<p class=\"fnt-text-small\">Te acompa\u00f1amos durante la \ufb01rma de la escritura, realizando todos los tr\u00e1mites necesarios hasta que tu propiedad se encuentre correctamente inscrita en el registro de la propiedad.<\/p>\n<\/div>\n\n\n\n<div class=\"wp-block-group fnt-background--blue-500 is-vertical is-layout-flex wp-container-13\">\n<p class=\"fnt-text-colossal\">5<\/p>\n\n\n\n<p class=\"fnt-text-small\"><strong>Impuestos y conveniencia+<\/strong> <\/p>\n\n\n\n<p class=\"fnt-text-small\">Optimizamos tu declaracion de impuestos, cambiamos de  nombre los suministros de la vivienda y redactaremos tu testamento protegiendo tus intereses y los de los tuyos.<\/p>\n<\/div>\n<\/div>\n\n\n\n<div class=\"wp-block-columns fnt-main__group is-layout-flex wp-container-16\">\n<div class=\"wp-block-column fnt-main__group--begin fnt-main__group--span-4 is-layout-flow\" style=\"flex-basis:50%\">\n<h2 class=\"wp-block-heading\">Servicios relacionados<\/h2>\n<\/div>\n<\/div>\n\n\n\n<div class=\"wp-block-group fnt-servicios is-layout-flex\">\n<div class=\"wp-block-group fnt-servicios__item is-nowrap is-layout-flex wp-container-18\">\n<figure class=\"wp-block-image size-full\"><img decoding=\"async\" src=\"https:\/\/fontanals-solicitors.com\/wp-content\/uploads\/2023\/02\/purchase-icon.svg\" alt=\"\" class=\"wp-image-81\"\/><\/figure>\n\n\n\n<div class=\"wp-block-group fnt-servicios__content is-vertical is-layout-flex wp-container-17\">\n<p class=\"fnt-servicios__title\"><strong>Compra<\/strong><\/p>\n\n\n\n<p class=\"fnt-servicios__description\">Analizamos y evitamos cualquier posible inconveniente legal, garantizando una transacci\u00f3n sin complicaciones.<\/p>\n<\/div>\n<\/div>\n\n\n\n<div class=\"wp-block-group fnt-servicios__item is-nowrap is-layout-flex wp-container-20\">\n<figure class=\"wp-block-image size-full\"><img decoding=\"async\" src=\"https:\/\/fontanals-solicitors.com\/wp-content\/uploads\/2023\/02\/sale-icon.svg\" alt=\"\" class=\"wp-image-88\"\/><\/figure>\n\n\n\n<div class=\"wp-block-group fnt-servicios__content is-vertical is-layout-flex wp-container-19\">\n<p class=\"fnt-servicios__title\"><strong>Venta<\/strong><\/p>\n\n\n\n<p class=\"fnt-servicios__description\">Te mantenemos informado durante todo el proceso y nos aseguramos de que tus intereses est\u00e9n cubiertos.<\/p>\n<\/div>\n<\/div>\n\n\n\n<div class=\"wp-block-group fnt-servicios__item is-nowrap is-layout-flex wp-container-22\">\n<figure class=\"wp-block-image size-full\"><img decoding=\"async\" src=\"https:\/\/fontanals-solicitors.com\/wp-content\/uploads\/2023\/02\/arras-icon.svg\" alt=\"\" class=\"wp-image-87\"\/><\/figure>\n\n\n\n<div class=\"wp-block-group fnt-servicios__content is-vertical is-layout-flex wp-container-21\">\n<p class=\"fnt-servicios__title\"><strong>Arras o se\u00f1al<\/strong><\/p>\n\n\n\n<p class=\"fnt-servicios__description\">Es una parte fundamental del proceso de compra venta. Te ayudamos a definir y defender tus intereses desde el primer momento.<\/p>\n<\/div>\n<\/div>\n\n\n\n<div class=\"wp-block-group fnt-servicios__item is-nowrap is-layout-flex wp-container-24\">\n<figure class=\"wp-block-image size-full\"><img decoding=\"async\" src=\"https:\/\/fontanals-solicitors.com\/wp-content\/uploads\/2023\/02\/will-icon.svg\" alt=\"\" class=\"wp-image-86\"\/><\/figure>\n\n\n\n<div class=\"wp-block-group fnt-servicios__content is-vertical is-layout-flex wp-container-23\">\n<p class=\"fnt-servicios__title\"><strong>Testamento<\/strong><\/p>\n\n\n\n<p class=\"fnt-servicios__description\">Decide que sucede con tus posesiones es Espa\u00f1a y hazlo de la manera m\u00e1s eficiente a nivel impositivo,para que tus herederos obtengan la mejor soluci\u00f3n<\/p>\n<\/div>\n<\/div>\n\n\n\n<div class=\"wp-block-group fnt-servicios__item is-nowrap is-layout-flex wp-container-26\">\n<figure class=\"wp-block-image size-full\"><img decoding=\"async\" src=\"https:\/\/fontanals-solicitors.com\/wp-content\/uploads\/2023\/02\/donation-icon.svg\" alt=\"\" class=\"wp-image-82\"\/><\/figure>\n\n\n\n<div class=\"wp-block-group fnt-servicios__content is-vertical is-layout-flex wp-container-25\">\n<p class=\"fnt-servicios__title\"><strong>Donaci\u00f3n<\/strong><\/p>\n\n\n\n<p class=\"fnt-servicios__description\">Revisamos tus alternativas y te aconsejamos sobre el camino m\u00e1s r\u00e1pido y eficiente a nivel fiscal.<\/p>\n<\/div>\n<\/div>\n\n\n\n<div class=\"wp-block-group fnt-servicios__item is-nowrap is-layout-flex wp-container-28\">\n<figure class=\"wp-block-image size-full\"><img decoding=\"async\" src=\"https:\/\/fontanals-solicitors.com\/wp-content\/uploads\/2023\/02\/ownership-icon.svg\" alt=\"\" class=\"wp-image-83\"\/><\/figure>\n\n\n\n<div class=\"wp-block-group fnt-servicios__content is-vertical is-layout-flex wp-container-27\">\n<p class=\"fnt-servicios__title\"><strong>Extinci\u00f3n del condominio<\/strong><\/p>\n\n\n\n<p class=\"fnt-servicios__description\">Nos aseguramos de proteger sus intereses y hacemos el proceso lo m\u00e1s f\u00e1cil y r\u00e1pido posible.<\/p>\n<\/div>\n<\/div>\n\n\n\n<div class=\"wp-block-group fnt-servicios__item is-nowrap is-layout-flex wp-container-30\">\n<figure class=\"wp-block-image size-full\"><img decoding=\"async\" src=\"https:\/\/fontanals-solicitors.com\/wp-content\/uploads\/2023\/02\/power-icon.svg\" alt=\"\" class=\"wp-image-84\"\/><\/figure>\n\n\n\n<div class=\"wp-block-group fnt-servicios__content is-vertical is-layout-flex wp-container-29\">\n<p class=\"fnt-servicios__title\"><strong>Poder legal<\/strong><\/p>\n\n\n\n<p class=\"fnt-servicios__description\">Si no puedes estar presente f\u00edsicamente y lo necesitas, seremos tu representante legal.<\/p>\n<\/div>\n<\/div>\n\n\n\n<div class=\"wp-block-group fnt-servicios__item is-nowrap is-layout-flex wp-container-32\">\n<figure class=\"wp-block-image size-full\"><img decoding=\"async\" src=\"https:\/\/fontanals-solicitors.com\/wp-content\/uploads\/2023\/02\/contract-icon.svg\" alt=\"\" class=\"wp-image-85\"\/><\/figure>\n\n\n\n<div class=\"wp-block-group fnt-servicios__content is-vertical is-layout-flex wp-container-31\">\n<p class=\"fnt-servicios__title\"><strong>Redacci\u00f3n del contrato de alquiler<\/strong><\/p>\n\n\n\n<p class=\"fnt-servicios__description\">Si vas a alquilar tu vivienda nosotros preparamos el contrato que mejor se ajuste a tus circunstancias asegurando tu protecci\u00f3n legal.<\/p>\n<\/div>\n<\/div>\n<\/div>\n\n\n\n<div class=\"wp-block-columns fnt-main__group is-layout-flex wp-container-36\">\n<div class=\"wp-block-column fnt-main__group--begin fnt-main__group--span-4 is-layout-flow\" style=\"flex-basis:50%\">\n<h2 class=\"wp-block-heading\">Preguntas frecuentes<\/h2>\n<\/div>\n\n\n\n<div class=\"wp-block-column fnt-main__group--span-6 fnt-main__group--begin-mid is-layout-flow\" style=\"flex-basis:50%\">\n<details class=\"wp-block-fontanals-blocks-faq\"><summary class=\"question\"><h2>\u00bfComo extranjero, que necesito para poder comprar una propiedad es Espa\u00f1a?<\/h2><img decoding=\"async\" src=\"data:image\/svg+xml;base64,PHN2ZyB4bWxucz0iaHR0cDovL3d3dy53My5vcmcvMjAwMC9zdmciIHdpZHRoPSIxMC44MiIgaGVpZ2h0PSI2LjU0MSIgdmlld0JveD0iMCAwIDEwLjgyIDYuNTQxIj4NCiAgPHBhdGggaWQ9ImFycm93LWRvd24iIGQ9Ik0xMC44MiwzLjIzOSw1LjQxLDguNjQ5LDAsMy4yMzksMS4xMzEsMi4xMDgsNS40MSw2LjM3LDkuNjcyLDIuMTA4WiIgdHJhbnNmb3JtPSJ0cmFuc2xhdGUoMCAtMi4xMDgpIi8+DQo8L3N2Zz4NCg==\" alt=\"Triangulo\"\/><\/summary><div class=\"answer\">\n<p>En Espa\u00f1a no hay ninguna restricci\u00f3n para comprar una vivienda, los requisitos son:<\/p>\n\n\n\n<ul>\n<li>Obtener un Numero de identificacion de Extranjero (NIE), necesario para todas las gestiones que tengas que realizar frente a la Administraci\u00f3n espa\u00f1ola. <\/li>\n\n\n\n<li>Abrir una cuenta bancaria en Espa\u00f1a, a donde transferir\u00e1s los fondos que fueren necesarios para realizar la operaci\u00f3n de compra.<\/li>\n<\/ul>\n\n\n\n<p>Podemos ayudarte desde el principio, gestionando el proceso por ti y ayud\u00e1ndote a planificar los impuestos y el presupuesto completo de la operaci\u00f3n.<\/p>\n<\/div><\/details>\n\n\n\n<details class=\"wp-block-fontanals-blocks-faq\"><summary class=\"question\"><h2>\u00bfQu\u00e9 impuestos pago al comprar una propiedad nueva?&nbsp;<\/h2><img decoding=\"async\" src=\"data:image\/svg+xml;base64,PHN2ZyB4bWxucz0iaHR0cDovL3d3dy53My5vcmcvMjAwMC9zdmciIHdpZHRoPSIxMC44MiIgaGVpZ2h0PSI2LjU0MSIgdmlld0JveD0iMCAwIDEwLjgyIDYuNTQxIj4NCiAgPHBhdGggaWQ9ImFycm93LWRvd24iIGQ9Ik0xMC44MiwzLjIzOSw1LjQxLDguNjQ5LDAsMy4yMzksMS4xMzEsMi4xMDgsNS40MSw2LjM3LDkuNjcyLDIuMTA4WiIgdHJhbnNmb3JtPSJ0cmFuc2xhdGUoMCAtMi4xMDgpIi8+DQo8L3N2Zz4NCg==\" alt=\"Triangulo\"\/><\/summary><div class=\"answer\">\n<p>Todas las compras de casas nuevas est\u00e1n sujetas actualmente al 10% de IVA sobre el valor de la propiedad, as\u00ed como al 1,5% por un impuesto de documentaci\u00f3n legal (AJD) en la Comunidad Valenciana (Costa Blanca) variando este \u00faltimo porcentaje en la Comunidad Murciana (Costa C\u00e1lida) al 2%.<\/p>\n<\/div><\/details>\n\n\n\n<details class=\"wp-block-fontanals-blocks-faq\"><summary class=\"question\"><h2>\u00bfQu\u00e9 impuestos pago al comprar una propiedad existente?<\/h2><img decoding=\"async\" src=\"data:image\/svg+xml;base64,PHN2ZyB4bWxucz0iaHR0cDovL3d3dy53My5vcmcvMjAwMC9zdmciIHdpZHRoPSIxMC44MiIgaGVpZ2h0PSI2LjU0MSIgdmlld0JveD0iMCAwIDEwLjgyIDYuNTQxIj4NCiAgPHBhdGggaWQ9ImFycm93LWRvd24iIGQ9Ik0xMC44MiwzLjIzOSw1LjQxLDguNjQ5LDAsMy4yMzksMS4xMzEsMi4xMDgsNS40MSw2LjM3LDkuNjcyLDIuMTA4WiIgdHJhbnNmb3JtPSJ0cmFuc2xhdGUoMCAtMi4xMDgpIi8+DQo8L3N2Zz4NCg==\" alt=\"Triangulo\"\/><\/summary><div class=\"answer\">\n<p>Al comprar una propiedad existente, debes pagar exclusivamente un Impuesto de Transmisiones Patrimoniales, (no IVA). Esto se aplica en una escala m\u00f3vil dependiendo del precio de compra, siendo el 10% en la Comunidad Valenciana (Costa Blanca) variando este \u00faltimo porcentaje en la Comunidad Murciana (Costa C\u00e1lida) al 8%.<\/p>\n<\/div><\/details>\n\n\n\n<details class=\"wp-block-fontanals-blocks-faq\"><summary class=\"question\"><h2>\u00bfEs una buena inversi\u00f3n comprar un inmueble en Espa\u00f1a?<\/h2><img decoding=\"async\" src=\"data:image\/svg+xml;base64,PHN2ZyB4bWxucz0iaHR0cDovL3d3dy53My5vcmcvMjAwMC9zdmciIHdpZHRoPSIxMC44MiIgaGVpZ2h0PSI2LjU0MSIgdmlld0JveD0iMCAwIDEwLjgyIDYuNTQxIj4NCiAgPHBhdGggaWQ9ImFycm93LWRvd24iIGQ9Ik0xMC44MiwzLjIzOSw1LjQxLDguNjQ5LDAsMy4yMzksMS4xMzEsMi4xMDgsNS40MSw2LjM3LDkuNjcyLDIuMTA4WiIgdHJhbnNmb3JtPSJ0cmFuc2xhdGUoMCAtMi4xMDgpIi8+DQo8L3N2Zz4NCg==\" alt=\"Triangulo\"\/><\/summary><div class=\"answer\">\n<p>Espa\u00f1a es uno de los pa\u00edses del mundo con mayor crecimiento de capital y tiene una oferta determinada de propiedades, que le convierte en un importante destino para invertir en bienes inmuebles.<\/p>\n\n\n\n<p>El clima, la oferta cultural, la diversidad de enclaves tur\u00edsticos, la gastronom\u00eda y el car\u00e1cter acogedor de su gente hacen de Espa\u00f1a el destino id\u00f3neo para invertir y disfrutar en cualquier \u00e9poca del a\u00f1o. <\/p>\n\n\n\n<p>Por lo general, la inversi\u00f3n inmobiliaria se puede calificar como de menor riesgo que las inversiones financieras, dependiendo naturalmente de su estilo de vida y objetivos.<\/p>\n<\/div><\/details>\n<\/div>\n<\/div>\n","protected":false},"excerpt":{"rendered":"<p>\u00bfEstas valorando comprar una casa en Espa\u00f1a? Las implicaciones legales y los impuestos pueden resultar complejos, tanto en la compra, como en la venta de un inmueble, en Fontanals Solicitors somos especialistas desde hace m\u00e1s de 30 a\u00f1os en derecho inmobiliario. Te guiamos desde el principio para que sea un proceso lo m\u00e1s sencillo posible, [&hellip;]<\/p>\n","protected":false},"author":2,"featured_media":304,"parent":0,"menu_order":0,"comment_status":"closed","ping_status":"closed","template":"","meta":[],"categories":[13],"yoast_head":"<!-- This site is optimized with the Yoast SEO plugin v21.4 - https:\/\/yoast.com\/wordpress\/plugins\/seo\/ -->\n<title>Propiedad y bienes - Real Estate Lawyers in Spain | Fontanals Solicitors<\/title>\n<meta name=\"robots\" content=\"index, follow, max-snippet:-1, max-image-preview:large, max-video-preview:-1\" \/>\n<link rel=\"canonical\" href=\"https:\/\/fontanals-solicitors.com\/es\/propiedad-y-bienes\/\" \/>\n<meta property=\"og:locale\" content=\"es_ES\" \/>\n<meta property=\"og:type\" content=\"article\" \/>\n<meta property=\"og:title\" content=\"Propiedad y bienes - Real Estate Lawyers in Spain | Fontanals Solicitors\" \/>\n<meta property=\"og:description\" content=\"\u00bfEstas valorando comprar una casa en Espa\u00f1a? Las implicaciones legales y los impuestos pueden resultar complejos, tanto en la compra, como en la venta de un inmueble, en Fontanals Solicitors somos especialistas desde hace m\u00e1s de 30 a\u00f1os en derecho inmobiliario. Te guiamos desde el principio para que sea un proceso lo m\u00e1s sencillo posible, [&hellip;]\" \/>\n<meta property=\"og:url\" content=\"https:\/\/fontanals-solicitors.com\/es\/propiedad-y-bienes\/\" \/>\n<meta property=\"og:site_name\" content=\"Real Estate Lawyers in Spain | Fontanals Solicitors\" \/>\n<meta property=\"article:modified_time\" content=\"2023-02-24T11:05:25+00:00\" \/>\n<meta property=\"og:image\" content=\"https:\/\/fontanals-solicitors.com\/wp-content\/uploads\/2023\/02\/property-featured.jpg\" \/>\n\t<meta property=\"og:image:width\" content=\"2000\" \/>\n\t<meta property=\"og:image:height\" content=\"1339\" \/>\n\t<meta property=\"og:image:type\" content=\"image\/jpeg\" \/>\n<meta name=\"twitter:card\" content=\"summary_large_image\" \/>\n<meta name=\"twitter:label1\" content=\"Tiempo de lectura\" \/>\n\t<meta name=\"twitter:data1\" content=\"4 minutos\" \/>\n<script type=\"application\/ld+json\" class=\"yoast-schema-graph\">{\"@context\":\"https:\/\/schema.org\",\"@graph\":[{\"@type\":\"WebPage\",\"@id\":\"https:\/\/fontanals-solicitors.com\/es\/propiedad-y-bienes\/\",\"url\":\"https:\/\/fontanals-solicitors.com\/es\/propiedad-y-bienes\/\",\"name\":\"Propiedad y bienes - Real Estate Lawyers in Spain | Fontanals Solicitors\",\"isPartOf\":{\"@id\":\"https:\/\/fontanals-solicitors.com\/#website\"},\"datePublished\":\"2023-02-07T00:05:33+00:00\",\"dateModified\":\"2023-02-24T11:05:25+00:00\",\"breadcrumb\":{\"@id\":\"https:\/\/fontanals-solicitors.com\/es\/propiedad-y-bienes\/#breadcrumb\"},\"inLanguage\":\"es\",\"potentialAction\":[{\"@type\":\"ReadAction\",\"target\":[\"https:\/\/fontanals-solicitors.com\/es\/propiedad-y-bienes\/\"]}]},{\"@type\":\"BreadcrumbList\",\"@id\":\"https:\/\/fontanals-solicitors.com\/es\/propiedad-y-bienes\/#breadcrumb\",\"itemListElement\":[{\"@type\":\"ListItem\",\"position\":1,\"name\":\"Home\",\"item\":\"https:\/\/fontanals-solicitors.com\/es\/\"},{\"@type\":\"ListItem\",\"position\":2,\"name\":\"Propiedad y bienes\"}]},{\"@type\":\"WebSite\",\"@id\":\"https:\/\/fontanals-solicitors.com\/#website\",\"url\":\"https:\/\/fontanals-solicitors.com\/\",\"name\":\"Real Estate Lawyers in Spain | Fontanals Solicitors\",\"description\":\"\",\"publisher\":{\"@id\":\"https:\/\/fontanals-solicitors.com\/#organization\"},\"potentialAction\":[{\"@type\":\"SearchAction\",\"target\":{\"@type\":\"EntryPoint\",\"urlTemplate\":\"https:\/\/fontanals-solicitors.com\/?s={search_term_string}\"},\"query-input\":\"required name=search_term_string\"}],\"inLanguage\":\"es\"},{\"@type\":\"Organization\",\"@id\":\"https:\/\/fontanals-solicitors.com\/#organization\",\"name\":\"Fontanals Solicitors\",\"url\":\"https:\/\/fontanals-solicitors.com\/\",\"logo\":{\"@type\":\"ImageObject\",\"inLanguage\":\"es\",\"@id\":\"https:\/\/fontanals-solicitors.com\/#\/schema\/logo\/image\/\",\"url\":\"https:\/\/fontanals-solicitors.com\/wp-content\/uploads\/2023\/06\/LOGO-FONTANALS-SOLICITORS-1.png\",\"contentUrl\":\"https:\/\/fontanals-solicitors.com\/wp-content\/uploads\/2023\/06\/LOGO-FONTANALS-SOLICITORS-1.png\",\"width\":1507,\"height\":507,\"caption\":\"Fontanals Solicitors\"},\"image\":{\"@id\":\"https:\/\/fontanals-solicitors.com\/#\/schema\/logo\/image\/\"}}]}<\/script>\n<!-- \/ Yoast SEO plugin. -->","yoast_head_json":{"title":"Propiedad y bienes - Real Estate Lawyers in Spain | Fontanals Solicitors","robots":{"index":"index","follow":"follow","max-snippet":"max-snippet:-1","max-image-preview":"max-image-preview:large","max-video-preview":"max-video-preview:-1"},"canonical":"https:\/\/fontanals-solicitors.com\/es\/propiedad-y-bienes\/","og_locale":"es_ES","og_type":"article","og_title":"Propiedad y bienes - Real Estate Lawyers in Spain | Fontanals Solicitors","og_description":"\u00bfEstas valorando comprar una casa en Espa\u00f1a? Las implicaciones legales y los impuestos pueden resultar complejos, tanto en la compra, como en la venta de un inmueble, en Fontanals Solicitors somos especialistas desde hace m\u00e1s de 30 a\u00f1os en derecho inmobiliario. Te guiamos desde el principio para que sea un proceso lo m\u00e1s sencillo posible, [&hellip;]","og_url":"https:\/\/fontanals-solicitors.com\/es\/propiedad-y-bienes\/","og_site_name":"Real Estate Lawyers in Spain | Fontanals Solicitors","article_modified_time":"2023-02-24T11:05:25+00:00","og_image":[{"width":2000,"height":1339,"url":"https:\/\/fontanals-solicitors.com\/wp-content\/uploads\/2023\/02\/property-featured.jpg","type":"image\/jpeg"}],"twitter_card":"summary_large_image","twitter_misc":{"Tiempo de lectura":"4 minutos"},"schema":{"@context":"https:\/\/schema.org","@graph":[{"@type":"WebPage","@id":"https:\/\/fontanals-solicitors.com\/es\/propiedad-y-bienes\/","url":"https:\/\/fontanals-solicitors.com\/es\/propiedad-y-bienes\/","name":"Propiedad y bienes - Real Estate Lawyers in Spain | Fontanals Solicitors","isPartOf":{"@id":"https:\/\/fontanals-solicitors.com\/#website"},"datePublished":"2023-02-07T00:05:33+00:00","dateModified":"2023-02-24T11:05:25+00:00","breadcrumb":{"@id":"https:\/\/fontanals-solicitors.com\/es\/propiedad-y-bienes\/#breadcrumb"},"inLanguage":"es","potentialAction":[{"@type":"ReadAction","target":["https:\/\/fontanals-solicitors.com\/es\/propiedad-y-bienes\/"]}]},{"@type":"BreadcrumbList","@id":"https:\/\/fontanals-solicitors.com\/es\/propiedad-y-bienes\/#breadcrumb","itemListElement":[{"@type":"ListItem","position":1,"name":"Home","item":"https:\/\/fontanals-solicitors.com\/es\/"},{"@type":"ListItem","position":2,"name":"Propiedad y bienes"}]},{"@type":"WebSite","@id":"https:\/\/fontanals-solicitors.com\/#website","url":"https:\/\/fontanals-solicitors.com\/","name":"Real Estate Lawyers in Spain | Fontanals Solicitors","description":"","publisher":{"@id":"https:\/\/fontanals-solicitors.com\/#organization"},"potentialAction":[{"@type":"SearchAction","target":{"@type":"EntryPoint","urlTemplate":"https:\/\/fontanals-solicitors.com\/?s={search_term_string}"},"query-input":"required name=search_term_string"}],"inLanguage":"es"},{"@type":"Organization","@id":"https:\/\/fontanals-solicitors.com\/#organization","name":"Fontanals Solicitors","url":"https:\/\/fontanals-solicitors.com\/","logo":{"@type":"ImageObject","inLanguage":"es","@id":"https:\/\/fontanals-solicitors.com\/#\/schema\/logo\/image\/","url":"https:\/\/fontanals-solicitors.com\/wp-content\/uploads\/2023\/06\/LOGO-FONTANALS-SOLICITORS-1.png","contentUrl":"https:\/\/fontanals-solicitors.com\/wp-content\/uploads\/2023\/06\/LOGO-FONTANALS-SOLICITORS-1.png","width":1507,"height":507,"caption":"Fontanals Solicitors"},"image":{"@id":"https:\/\/fontanals-solicitors.com\/#\/schema\/logo\/image\/"}}]}},"_links":{"self":[{"href":"https:\/\/fontanals-solicitors.com\/es\/wp-json\/wp\/v2\/pages\/368"}],"collection":[{"href":"https:\/\/fontanals-solicitors.com\/es\/wp-json\/wp\/v2\/pages"}],"about":[{"href":"https:\/\/fontanals-solicitors.com\/es\/wp-json\/wp\/v2\/types\/page"}],"author":[{"embeddable":true,"href":"https:\/\/fontanals-solicitors.com\/es\/wp-json\/wp\/v2\/users\/2"}],"replies":[{"embeddable":true,"href":"https:\/\/fontanals-solicitors.com\/es\/wp-json\/wp\/v2\/comments?post=368"}],"version-history":[{"count":17,"href":"https:\/\/fontanals-solicitors.com\/es\/wp-json\/wp\/v2\/pages\/368\/revisions"}],"predecessor-version":[{"id":670,"href":"https:\/\/fontanals-solicitors.com\/es\/wp-json\/wp\/v2\/pages\/368\/revisions\/670"}],"wp:featuredmedia":[{"embeddable":true,"href":"https:\/\/fontanals-solicitors.com\/es\/wp-json\/wp\/v2\/media\/304"}],"wp:attachment":[{"href":"https:\/\/fontanals-solicitors.com\/es\/wp-json\/wp\/v2\/media?parent=368"}],"wp:term":[{"taxonomy":"category","embeddable":true,"href":"https:\/\/fontanals-solicitors.com\/es\/wp-json\/wp\/v2\/categories?post=368"}],"curies":[{"name":"wp","href":"https:\/\/api.w.org\/{rel}","templated":true}]}}