{"id":404,"date":"2023-02-07T00:06:34","date_gmt":"2023-02-07T00:06:34","guid":{"rendered":"https:\/\/pre.fontanals-solicitors.com\/relocation\/"},"modified":"2023-02-24T11:05:47","modified_gmt":"2023-02-24T11:05:47","slug":"relocation","status":"publish","type":"page","link":"https:\/\/fontanals-solicitors.com\/es\/relocation\/","title":{"rendered":"Reubicaci\u00f3n"},"content":{"rendered":"\n<div class=\"wp-block-columns fnt-main__group is-layout-flex wp-container-4\">\n<div class=\"wp-block-column fnt-main__group--begin fnt-main__group--span-4 is-layout-flow\" style=\"flex-basis:50%\">\n<h2 class=\"wp-block-heading\">\u00bfEst\u00e1s pensando en vivir en Espa\u00f1a?<\/h2>\n<\/div>\n\n\n\n<div class=\"wp-block-column fnt-main__group--span-6 fnt-main__group--begin-mid is-layout-flow\" style=\"flex-basis:50%\">\n<div class=\"wp-block-group fnt-main__group-text-button is-vertical is-layout-flex wp-container-2\">\n<p class=\"fnt-main__group--begin fnt-main__group--span-6\">Son muchas las razones por las que tantos extranjeros deciden trasladarse a Espa\u00f1a, pero la m\u00e1s com\u00fan es, mejorar su calidad de vida. <br><br>Sabemos que el proceso de inmigraci\u00f3n no es solo un proceso burocr\u00e1tico, sino que es un procedimiento fundamental para que pueda estar tranquilo y disfrutar.<\/p>\n\n\n\n<p class=\"fnt-main__button fnt-main__group--begin fnt-main__group--span-3\"><br><a href=\"https:\/\/fontanals-solicitors.com\/es\/contacto\/\">Solicita m\u00e1s informaci\u00f3n<\/a><\/p>\n<\/div>\n<\/div>\n<\/div>\n\n\n\n<div class=\"wp-block-columns fnt-main__group is-layout-flex wp-container-6\">\n<div class=\"wp-block-column fnt-main__group--begin fnt-main__group--span-4 is-layout-flow\" style=\"flex-basis:50%\">\n<h2 class=\"wp-block-heading\">\u00bfC\u00f3mo podemos ayudarte?<\/h2>\n<\/div>\n<\/div>\n\n\n\n<div class=\"wp-block-columns fnt-main__group-bg is-layout-flex wp-container-9\">\n<div class=\"wp-block-column is-layout-flow\" style=\"flex-basis:50%\">\n<p>Nos aseguraremos de que el procedimiento sea lo m\u00e1s sencillo y r\u00e1pido posible. Te mantendremos informado en todo momento de los avances que se produzcan y le aportaremos soluciones a todas las di\ufb01cultades que pudieran surgir.<\/p>\n<\/div>\n\n\n\n<div class=\"wp-block-column is-layout-flow\" style=\"flex-basis:50%\">\n<p>Ponte en contacto con nuestro equipo de especialistas y descansa sabiendo que estas en manos de expertos.<\/p>\n<\/div>\n<\/div>\n\n\n\n<div class=\"wp-block-columns fnt-main__group is-layout-flex wp-container-11\">\n<div class=\"wp-block-column fnt-main__group--begin fnt-main__group--span-4 is-layout-flow\" style=\"flex-basis:50%\">\n<h2 class=\"wp-block-heading\">Servicios relacionados<\/h2>\n<\/div>\n<\/div>\n\n\n\n<div class=\"wp-block-group fnt-servicios is-layout-flex\">\n<div class=\"wp-block-group fnt-servicios__item is-nowrap is-layout-flex wp-container-13\">\n<figure class=\"wp-block-image size-full\"><img decoding=\"async\" src=\"https:\/\/fontanals-solicitors.com\/wp-content\/uploads\/2023\/02\/nie.svg\" alt=\"\" class=\"wp-image-189\"\/><\/figure>\n\n\n\n<div class=\"wp-block-group fnt-servicios__content is-vertical is-layout-flex wp-container-12\">\n<p class=\"fnt-servicios__title\"><strong>NIE<\/strong><\/p>\n\n\n\n<p class=\"fnt-servicios__description\">Se trata de un n\u00famero de identificaci\u00f3n fiscal en Espa\u00f1a. Realizamos todas las gestiones para su obtenci\u00f3n en la oficina de extranjer\u00eda.<\/p>\n<\/div>\n<\/div>\n\n\n\n<div class=\"wp-block-group fnt-servicios__item is-nowrap is-layout-flex wp-container-15\">\n<figure class=\"wp-block-image size-full\"><img decoding=\"async\" src=\"https:\/\/fontanals-solicitors.com\/wp-content\/uploads\/2023\/02\/visa.svg\" alt=\"\" class=\"wp-image-190\"\/><\/figure>\n\n\n\n<div class=\"wp-block-group fnt-servicios__content is-vertical is-layout-flex wp-container-14\">\n<p class=\"fnt-servicios__title\"><strong>VISA<\/strong><\/p>\n\n\n\n<p class=\"fnt-servicios__description\">Te proporcionamos toda la informaci\u00f3n para que puedas solicitar el visado en el consulado.<\/p>\n<\/div>\n<\/div>\n\n\n\n<div class=\"wp-block-group fnt-servicios__item is-nowrap is-layout-flex wp-container-17\">\n<figure class=\"wp-block-image size-full\"><img decoding=\"async\" src=\"https:\/\/fontanals-solicitors.com\/wp-content\/uploads\/2023\/02\/nationality.svg\" alt=\"\" class=\"wp-image-191\"\/><\/figure>\n\n\n\n<div class=\"wp-block-group fnt-servicios__content is-vertical is-layout-flex wp-container-16\">\n<p class=\"fnt-servicios__title\"><strong>Nacionalidad<\/strong><\/p>\n\n\n\n<p class=\"fnt-servicios__description\">Te asesoramos durante el proceso de tramitaci\u00f3n de la nacionalidad espa\u00f1ola.<\/p>\n<\/div>\n<\/div>\n\n\n\n<div class=\"wp-block-group fnt-servicios__item is-nowrap is-layout-flex wp-container-19\">\n<figure class=\"wp-block-image size-full\"><img decoding=\"async\" src=\"https:\/\/fontanals-solicitors.com\/wp-content\/uploads\/2023\/02\/residence.svg\" alt=\"\" class=\"wp-image-192\"\/><\/figure>\n\n\n\n<div class=\"wp-block-group fnt-servicios__content is-vertical is-layout-flex wp-container-18\">\n<p class=\"fnt-servicios__title\"><strong>Residencia<\/strong><\/p>\n\n\n\n<p class=\"fnt-servicios__description\">Te informamos de los requisitos necesarios y te guiaremos durante todo el proceso.<\/p>\n<\/div>\n<\/div>\n\n\n\n<div class=\"wp-block-group fnt-servicios__item is-nowrap is-layout-flex wp-container-21\">\n<figure class=\"wp-block-image size-full\"><img decoding=\"async\" src=\"https:\/\/fontanals-solicitors.com\/wp-content\/uploads\/2023\/02\/visa.svg\" alt=\"\" class=\"wp-image-190\"\/><\/figure>\n\n\n\n<div class=\"wp-block-group fnt-servicios__content is-vertical is-layout-flex wp-container-20\">\n<p class=\"fnt-servicios__title\"><strong>Golden VISA<\/strong><\/p>\n\n\n\n<p class=\"fnt-servicios__description\">Te ayudamos a comprender el proceso y a gestionar la solicitud en el consulado.<\/p>\n<\/div>\n<\/div>\n\n\n\n<div class=\"wp-block-group fnt-servicios__item is-nowrap is-layout-flex wp-container-23\">\n<figure class=\"wp-block-image size-full\"><img decoding=\"async\" src=\"https:\/\/fontanals-solicitors.com\/wp-content\/uploads\/2023\/02\/health.svg\" alt=\"\" class=\"wp-image-193\"\/><\/figure>\n\n\n\n<div class=\"wp-block-group fnt-servicios__content is-vertical is-layout-flex wp-container-22\">\n<p class=\"fnt-servicios__title\"><strong>Tarjeta sanitaria<\/strong><\/p>\n\n\n\n<p class=\"fnt-servicios__description\">Acredita el nivel de prestaciones sanitarias p\u00fablicas que cada ciudadano tiene legalmente reconocida frente al Sistema Nacional de Salud.<\/p>\n<\/div>\n<\/div>\n\n\n\n<div class=\"wp-block-group fnt-servicios__item is-nowrap is-layout-flex wp-container-25\">\n<figure class=\"wp-block-image size-full\"><img decoding=\"async\" src=\"https:\/\/fontanals-solicitors.com\/wp-content\/uploads\/2023\/02\/power-icon.svg\" alt=\"\" class=\"wp-image-84\"\/><\/figure>\n\n\n\n<div class=\"wp-block-group fnt-servicios__content is-vertical is-layout-flex wp-container-24\">\n<p class=\"fnt-servicios__title\"><strong>Empadronamiento<\/strong><\/p>\n\n\n\n<p class=\"fnt-servicios__description\">Te ayudamos a reducir la burocracia y simplificamos el proceso para ti.<\/p>\n<\/div>\n<\/div>\n\n\n\n<div class=\"wp-block-group fnt-servicios__item is-nowrap is-layout-flex wp-container-27\">\n<figure class=\"wp-block-image size-full\"><img decoding=\"async\" src=\"https:\/\/fontanals-solicitors.com\/wp-content\/uploads\/2023\/02\/contract-icon.svg\" alt=\"\" class=\"wp-image-85\"\/><\/figure>\n\n\n\n<div class=\"wp-block-group fnt-servicios__content is-vertical is-layout-flex wp-container-26\">\n<p class=\"fnt-servicios__title\"><strong>Redacci\u00f3n del contrato de alquiler<\/strong><\/p>\n\n\n\n<p class=\"fnt-servicios__description\">Si vas a alquilar tu vivienda nosotros prepararemos el contrato que mejor se ajuste a tus circunstancias asegurando tu protecci\u00f3n legal.<\/p>\n<\/div>\n<\/div>\n<\/div>\n\n\n\n<div class=\"wp-block-columns fnt-main__group is-layout-flex wp-container-31\">\n<div class=\"wp-block-column fnt-main__group--begin fnt-main__group--span-4 is-layout-flow\" style=\"flex-basis:50%\">\n<h2 class=\"wp-block-heading\">Preguntas frecuentes<\/h2>\n<\/div>\n\n\n\n<div class=\"wp-block-column fnt-main__group--span-6 fnt-main__group--begin-mid is-layout-flow\" style=\"flex-basis:50%\">\n<details class=\"wp-block-fontanals-blocks-faq\"><summary class=\"question\"><h2>\u00bfPueden los extranjeros comprar una propiedad es Espa\u00f1a?<\/h2><img decoding=\"async\" src=\"data:image\/svg+xml;base64,PHN2ZyB4bWxucz0iaHR0cDovL3d3dy53My5vcmcvMjAwMC9zdmciIHdpZHRoPSIxMC44MiIgaGVpZ2h0PSI2LjU0MSIgdmlld0JveD0iMCAwIDEwLjgyIDYuNTQxIj4NCiAgPHBhdGggaWQ9ImFycm93LWRvd24iIGQ9Ik0xMC44MiwzLjIzOSw1LjQxLDguNjQ5LDAsMy4yMzksMS4xMzEsMi4xMDgsNS40MSw2LjM3LDkuNjcyLDIuMTA4WiIgdHJhbnNmb3JtPSJ0cmFuc2xhdGUoMCAtMi4xMDgpIi8+DQo8L3N2Zz4NCg==\" alt=\"Triangulo\"\/><\/summary><div class=\"answer\">\n<p>No existe restricci\u00f3n alguna para comprar una propiedad en Espa\u00f1a, sino requisitos que dependen de la nacionalidad del comprador. <\/p>\n<\/div><\/details>\n\n\n\n<details class=\"wp-block-fontanals-blocks-faq\"><summary class=\"question\"><h2>\u00bfPuedo obtener la ciudadan\u00eda si compro una propiedad?<\/h2><img decoding=\"async\" src=\"data:image\/svg+xml;base64,PHN2ZyB4bWxucz0iaHR0cDovL3d3dy53My5vcmcvMjAwMC9zdmciIHdpZHRoPSIxMC44MiIgaGVpZ2h0PSI2LjU0MSIgdmlld0JveD0iMCAwIDEwLjgyIDYuNTQxIj4NCiAgPHBhdGggaWQ9ImFycm93LWRvd24iIGQ9Ik0xMC44MiwzLjIzOSw1LjQxLDguNjQ5LDAsMy4yMzksMS4xMzEsMi4xMDgsNS40MSw2LjM3LDkuNjcyLDIuMTA4WiIgdHJhbnNmb3JtPSJ0cmFuc2xhdGUoMCAtMi4xMDgpIi8+DQo8L3N2Zz4NCg==\" alt=\"Triangulo\"\/><\/summary><div class=\"answer\">\n<p>La Golden VISA o VISA de oro es un visado de residencia para inversores.&nbsp; La inversi\u00f3n puede ser en un activo financiero, un inmueble o proyectos empresariales.\n\nLa compra de un inmueble por un valor de 500.000 euros libres de deuda, permitir\u00eda aplicar al visado de residencia. Podr\u00eda consistir en la adquisici\u00f3n de varios inmuebles, pero al menos uno debe estar destinado a la residencia habitual en Espa\u00f1a del inversor.\n\nSi la inversi\u00f3n se realiza a trav\u00e9s de una sociedad, el solicitante debe ser el propietario de la mayor\u00eda del capital accionario.<\/p>\n\n\n\n<p>No obstante, la residencia puede ser solicitada por cualquier persona que cumpla con los requisitos econ\u00f3micos para su ubicaci\u00f3n y mantenimiento vital.<\/p>\n<\/div><\/details>\n<\/div>\n<\/div>\n","protected":false},"excerpt":{"rendered":"<p>\u00bfEst\u00e1s pensando en vivir en Espa\u00f1a? Son muchas las razones por las que tantos extranjeros deciden trasladarse a Espa\u00f1a, pero la m\u00e1s com\u00fan es, mejorar su calidad de vida. Sabemos que el proceso de inmigraci\u00f3n no es solo un proceso burocr\u00e1tico, sino que es un procedimiento fundamental para que pueda estar tranquilo y disfrutar. Solicita [&hellip;]<\/p>\n","protected":false},"author":2,"featured_media":309,"parent":0,"menu_order":0,"comment_status":"closed","ping_status":"closed","template":"","meta":[],"categories":[13],"yoast_head":"<!-- This site is optimized with the Yoast SEO plugin v21.4 - https:\/\/yoast.com\/wordpress\/plugins\/seo\/ -->\n<title>Reubicaci\u00f3n - Real Estate Lawyers in Spain | Fontanals Solicitors<\/title>\n<meta name=\"robots\" content=\"index, follow, max-snippet:-1, max-image-preview:large, max-video-preview:-1\" \/>\n<link rel=\"canonical\" href=\"https:\/\/fontanals-solicitors.com\/es\/relocation\/\" \/>\n<meta property=\"og:locale\" content=\"es_ES\" \/>\n<meta property=\"og:type\" content=\"article\" \/>\n<meta property=\"og:title\" content=\"Reubicaci\u00f3n - Real Estate Lawyers in Spain | Fontanals Solicitors\" \/>\n<meta property=\"og:description\" content=\"\u00bfEst\u00e1s pensando en vivir en Espa\u00f1a? Son muchas las razones por las que tantos extranjeros deciden trasladarse a Espa\u00f1a, pero la m\u00e1s com\u00fan es, mejorar su calidad de vida. Sabemos que el proceso de inmigraci\u00f3n no es solo un proceso burocr\u00e1tico, sino que es un procedimiento fundamental para que pueda estar tranquilo y disfrutar. Solicita [&hellip;]\" \/>\n<meta property=\"og:url\" content=\"https:\/\/fontanals-solicitors.com\/es\/relocation\/\" \/>\n<meta property=\"og:site_name\" content=\"Real Estate Lawyers in Spain | Fontanals Solicitors\" \/>\n<meta property=\"article:modified_time\" content=\"2023-02-24T11:05:47+00:00\" \/>\n<meta property=\"og:image\" content=\"https:\/\/fontanals-solicitors.com\/wp-content\/uploads\/2023\/02\/relocation-featured.jpg\" \/>\n\t<meta property=\"og:image:width\" content=\"2000\" \/>\n\t<meta property=\"og:image:height\" content=\"1502\" \/>\n\t<meta property=\"og:image:type\" content=\"image\/jpeg\" \/>\n<meta name=\"twitter:card\" content=\"summary_large_image\" \/>\n<meta name=\"twitter:label1\" content=\"Tiempo de lectura\" \/>\n\t<meta name=\"twitter:data1\" content=\"2 minutos\" \/>\n<script type=\"application\/ld+json\" class=\"yoast-schema-graph\">{\"@context\":\"https:\/\/schema.org\",\"@graph\":[{\"@type\":\"WebPage\",\"@id\":\"https:\/\/fontanals-solicitors.com\/es\/relocation\/\",\"url\":\"https:\/\/fontanals-solicitors.com\/es\/relocation\/\",\"name\":\"Reubicaci\u00f3n - Real Estate Lawyers in Spain | Fontanals Solicitors\",\"isPartOf\":{\"@id\":\"https:\/\/fontanals-solicitors.com\/#website\"},\"datePublished\":\"2023-02-07T00:06:34+00:00\",\"dateModified\":\"2023-02-24T11:05:47+00:00\",\"breadcrumb\":{\"@id\":\"https:\/\/fontanals-solicitors.com\/es\/relocation\/#breadcrumb\"},\"inLanguage\":\"es\",\"potentialAction\":[{\"@type\":\"ReadAction\",\"target\":[\"https:\/\/fontanals-solicitors.com\/es\/relocation\/\"]}]},{\"@type\":\"BreadcrumbList\",\"@id\":\"https:\/\/fontanals-solicitors.com\/es\/relocation\/#breadcrumb\",\"itemListElement\":[{\"@type\":\"ListItem\",\"position\":1,\"name\":\"Home\",\"item\":\"https:\/\/fontanals-solicitors.com\/es\/\"},{\"@type\":\"ListItem\",\"position\":2,\"name\":\"Reubicaci\u00f3n\"}]},{\"@type\":\"WebSite\",\"@id\":\"https:\/\/fontanals-solicitors.com\/#website\",\"url\":\"https:\/\/fontanals-solicitors.com\/\",\"name\":\"Real Estate Lawyers in Spain | Fontanals Solicitors\",\"description\":\"\",\"publisher\":{\"@id\":\"https:\/\/fontanals-solicitors.com\/#organization\"},\"potentialAction\":[{\"@type\":\"SearchAction\",\"target\":{\"@type\":\"EntryPoint\",\"urlTemplate\":\"https:\/\/fontanals-solicitors.com\/?s={search_term_string}\"},\"query-input\":\"required name=search_term_string\"}],\"inLanguage\":\"es\"},{\"@type\":\"Organization\",\"@id\":\"https:\/\/fontanals-solicitors.com\/#organization\",\"name\":\"Fontanals Solicitors\",\"url\":\"https:\/\/fontanals-solicitors.com\/\",\"logo\":{\"@type\":\"ImageObject\",\"inLanguage\":\"es\",\"@id\":\"https:\/\/fontanals-solicitors.com\/#\/schema\/logo\/image\/\",\"url\":\"https:\/\/fontanals-solicitors.com\/wp-content\/uploads\/2023\/06\/LOGO-FONTANALS-SOLICITORS-1.png\",\"contentUrl\":\"https:\/\/fontanals-solicitors.com\/wp-content\/uploads\/2023\/06\/LOGO-FONTANALS-SOLICITORS-1.png\",\"width\":1507,\"height\":507,\"caption\":\"Fontanals Solicitors\"},\"image\":{\"@id\":\"https:\/\/fontanals-solicitors.com\/#\/schema\/logo\/image\/\"}}]}<\/script>\n<!-- \/ Yoast SEO plugin. -->","yoast_head_json":{"title":"Reubicaci\u00f3n - Real Estate Lawyers in Spain | Fontanals Solicitors","robots":{"index":"index","follow":"follow","max-snippet":"max-snippet:-1","max-image-preview":"max-image-preview:large","max-video-preview":"max-video-preview:-1"},"canonical":"https:\/\/fontanals-solicitors.com\/es\/relocation\/","og_locale":"es_ES","og_type":"article","og_title":"Reubicaci\u00f3n - Real Estate Lawyers in Spain | Fontanals Solicitors","og_description":"\u00bfEst\u00e1s pensando en vivir en Espa\u00f1a? Son muchas las razones por las que tantos extranjeros deciden trasladarse a Espa\u00f1a, pero la m\u00e1s com\u00fan es, mejorar su calidad de vida. Sabemos que el proceso de inmigraci\u00f3n no es solo un proceso burocr\u00e1tico, sino que es un procedimiento fundamental para que pueda estar tranquilo y disfrutar. Solicita [&hellip;]","og_url":"https:\/\/fontanals-solicitors.com\/es\/relocation\/","og_site_name":"Real Estate Lawyers in Spain | Fontanals Solicitors","article_modified_time":"2023-02-24T11:05:47+00:00","og_image":[{"width":2000,"height":1502,"url":"https:\/\/fontanals-solicitors.com\/wp-content\/uploads\/2023\/02\/relocation-featured.jpg","type":"image\/jpeg"}],"twitter_card":"summary_large_image","twitter_misc":{"Tiempo de lectura":"2 minutos"},"schema":{"@context":"https:\/\/schema.org","@graph":[{"@type":"WebPage","@id":"https:\/\/fontanals-solicitors.com\/es\/relocation\/","url":"https:\/\/fontanals-solicitors.com\/es\/relocation\/","name":"Reubicaci\u00f3n - Real Estate Lawyers in Spain | Fontanals Solicitors","isPartOf":{"@id":"https:\/\/fontanals-solicitors.com\/#website"},"datePublished":"2023-02-07T00:06:34+00:00","dateModified":"2023-02-24T11:05:47+00:00","breadcrumb":{"@id":"https:\/\/fontanals-solicitors.com\/es\/relocation\/#breadcrumb"},"inLanguage":"es","potentialAction":[{"@type":"ReadAction","target":["https:\/\/fontanals-solicitors.com\/es\/relocation\/"]}]},{"@type":"BreadcrumbList","@id":"https:\/\/fontanals-solicitors.com\/es\/relocation\/#breadcrumb","itemListElement":[{"@type":"ListItem","position":1,"name":"Home","item":"https:\/\/fontanals-solicitors.com\/es\/"},{"@type":"ListItem","position":2,"name":"Reubicaci\u00f3n"}]},{"@type":"WebSite","@id":"https:\/\/fontanals-solicitors.com\/#website","url":"https:\/\/fontanals-solicitors.com\/","name":"Real Estate Lawyers in Spain | Fontanals Solicitors","description":"","publisher":{"@id":"https:\/\/fontanals-solicitors.com\/#organization"},"potentialAction":[{"@type":"SearchAction","target":{"@type":"EntryPoint","urlTemplate":"https:\/\/fontanals-solicitors.com\/?s={search_term_string}"},"query-input":"required name=search_term_string"}],"inLanguage":"es"},{"@type":"Organization","@id":"https:\/\/fontanals-solicitors.com\/#organization","name":"Fontanals Solicitors","url":"https:\/\/fontanals-solicitors.com\/","logo":{"@type":"ImageObject","inLanguage":"es","@id":"https:\/\/fontanals-solicitors.com\/#\/schema\/logo\/image\/","url":"https:\/\/fontanals-solicitors.com\/wp-content\/uploads\/2023\/06\/LOGO-FONTANALS-SOLICITORS-1.png","contentUrl":"https:\/\/fontanals-solicitors.com\/wp-content\/uploads\/2023\/06\/LOGO-FONTANALS-SOLICITORS-1.png","width":1507,"height":507,"caption":"Fontanals Solicitors"},"image":{"@id":"https:\/\/fontanals-solicitors.com\/#\/schema\/logo\/image\/"}}]}},"_links":{"self":[{"href":"https:\/\/fontanals-solicitors.com\/es\/wp-json\/wp\/v2\/pages\/404"}],"collection":[{"href":"https:\/\/fontanals-solicitors.com\/es\/wp-json\/wp\/v2\/pages"}],"about":[{"href":"https:\/\/fontanals-solicitors.com\/es\/wp-json\/wp\/v2\/types\/page"}],"author":[{"embeddable":true,"href":"https:\/\/fontanals-solicitors.com\/es\/wp-json\/wp\/v2\/users\/2"}],"replies":[{"embeddable":true,"href":"https:\/\/fontanals-solicitors.com\/es\/wp-json\/wp\/v2\/comments?post=404"}],"version-history":[{"count":10,"href":"https:\/\/fontanals-solicitors.com\/es\/wp-json\/wp\/v2\/pages\/404\/revisions"}],"predecessor-version":[{"id":671,"href":"https:\/\/fontanals-solicitors.com\/es\/wp-json\/wp\/v2\/pages\/404\/revisions\/671"}],"wp:featuredmedia":[{"embeddable":true,"href":"https:\/\/fontanals-solicitors.com\/es\/wp-json\/wp\/v2\/media\/309"}],"wp:attachment":[{"href":"https:\/\/fontanals-solicitors.com\/es\/wp-json\/wp\/v2\/media?parent=404"}],"wp:term":[{"taxonomy":"category","embeddable":true,"href":"https:\/\/fontanals-solicitors.com\/es\/wp-json\/wp\/v2\/categories?post=404"}],"curies":[{"name":"wp","href":"https:\/\/api.w.org\/{rel}","templated":true}]}}