{"id":407,"date":"2023-02-07T00:05:57","date_gmt":"2023-02-07T00:05:57","guid":{"rendered":"https:\/\/pre.fontanals-solicitors.com\/herencia-y-testamento\/"},"modified":"2023-02-19T19:01:08","modified_gmt":"2023-02-19T19:01:08","slug":"herencia-y-testamento","status":"publish","type":"page","link":"https:\/\/fontanals-solicitors.com\/es\/herencia-y-testamento\/","title":{"rendered":"Herencia y testamento"},"content":{"rendered":"\n<div class=\"wp-block-columns fnt-main__group is-layout-flex wp-container-4\">\n<div class=\"wp-block-column fnt-main__group--begin fnt-main__group--span-4 is-layout-flow\" style=\"flex-basis:50%\">\n<h2 class=\"wp-block-heading\">\u00bfNecesito un testamento en Espa\u00f1a?<\/h2>\n<\/div>\n\n\n\n<div class=\"wp-block-column fnt-main__group--span-6 fnt-main__group--begin-mid is-layout-flow\" style=\"flex-basis:50%\">\n<div class=\"wp-block-group fnt-main__group-text-button is-vertical is-layout-flex wp-container-2\">\n<p class=\"fnt-main__group--begin fnt-main__group--span-6\">Como en la mayor\u00eda de los pa\u00edses en Espa\u00f1a, la ley decide como se reparten tus bienes en caso de que no exista un testamento. Raramente esta decisi\u00f3n resulta ser la m\u00e1s e\ufb01ciente desde el punto de vista impositivo y suele ser motivo de con\ufb02icto. <br><br>En Fontanals Solicitors, llevamos m\u00e1s de 30 a\u00f1os ayudando a nuestros clientes internacionales con la planificaci\u00f3n patrimonial. Redactaremos tu testamento asegur\u00e1ndonos de que tus activos, se distribuyan de acuerdo a tu voluntad. Deja que te ayudemos a proteger a tus seres queridos y tus activos creando un testamento que refleje tus intereses.<br><br><\/p>\n\n\n\n<p class=\"fnt-main__button fnt-main__group--begin fnt-main__group--span-3\"><a href=\"https:\/\/fontanals-solicitors.com\/es\/contacto\/\">Solicita m\u00e1s informaci\u00f3n<\/a><\/p>\n<\/div>\n<\/div>\n<\/div>\n\n\n\n<div class=\"wp-block-columns fnt-main__group is-layout-flex wp-container-6\">\n<div class=\"wp-block-column fnt-main__group--begin fnt-main__group--span-4 is-layout-flow\" style=\"flex-basis:50%\">\n<h2 class=\"wp-block-heading\">\u00bfC\u00f3mo podemos ayudarte?<\/h2>\n<\/div>\n<\/div>\n\n\n\n<div class=\"wp-block-group fnt-main__enumeration is-nowrap is-layout-flex wp-container-9\">\n<div class=\"wp-block-group fnt-background--blue-100 is-vertical is-layout-flex wp-container-7\">\n<p class=\"fnt-text-colossal\">1<\/p>\n\n\n\n<p class=\"fnt-text-small\">En Fontanals Solicitors, entendemos que crear un testamento y gestionar una herencia son asuntos altamente personales que requieren un enfoque personalizado. Por eso tomamos el tiempo necesario para comprender tu situaci\u00f3n y trabajar contigo para crear un testamento o gestionar tu herencia de la manera que mejor se adapte a sus necesidades e intereses.<\/p>\n<\/div>\n\n\n\n<div class=\"wp-block-group fnt-background--blue-200 is-vertical is-layout-flex wp-container-8\">\n<p class=\"fnt-text-colossal\">2<\/p>\n\n\n\n<p class=\"fnt-text-small\">Nuestro equipo de expertos se asegura que tus bienes se distribuyan eficientemente y de acuerdo con tus deseos. Deja que te ayudemos a proteger a tus seres queridos y sus activos con un plan personalizado que se adapte a tus necesidades \u00fanicas. Puedes confiar en nosotros para gestionar tu testamento y herencia con el cuidado y profesionalismo que se merecen.<\/p>\n<\/div>\n<\/div>\n\n\n\n<div class=\"wp-block-columns fnt-main__group is-layout-flex wp-container-11\">\n<div class=\"wp-block-column fnt-main__group--begin fnt-main__group--span-4 is-layout-flow\" style=\"flex-basis:50%\">\n<h2 class=\"wp-block-heading\">Servicios relacionados<\/h2>\n<\/div>\n<\/div>\n\n\n\n<div class=\"wp-block-group fnt-servicios is-layout-flex\">\n<div class=\"wp-block-group fnt-servicios__item is-nowrap is-layout-flex wp-container-13\">\n<figure class=\"wp-block-image size-full\"><img decoding=\"async\" src=\"https:\/\/fontanals-solicitors.com\/wp-content\/uploads\/2023\/02\/inheritance.svg\" alt=\"\" class=\"wp-image-134\"\/><\/figure>\n\n\n\n<div class=\"wp-block-group fnt-servicios__content is-vertical is-layout-flex wp-container-12\">\n<p class=\"fnt-servicios__title\"><strong>Herencia<\/strong><\/p>\n\n\n\n<p class=\"fnt-servicios__description\">Nos aseguramos de que se ejecuta de la manera m\u00e1s eficiente posible, teniendo en cuenta todas las consideraciones a nivel impositivo.<\/p>\n<\/div>\n<\/div>\n\n\n\n<div class=\"wp-block-group fnt-servicios__item is-nowrap is-layout-flex wp-container-15\">\n<figure class=\"wp-block-image size-full\"><img decoding=\"async\" src=\"https:\/\/fontanals-solicitors.com\/wp-content\/uploads\/2023\/02\/will-icon.svg\" alt=\"\" class=\"wp-image-86\"\/><\/figure>\n\n\n\n<div class=\"wp-block-group fnt-servicios__content is-vertical is-layout-flex wp-container-14\">\n<p class=\"fnt-servicios__title\"><strong>Testamento<\/strong><\/p>\n\n\n\n<p class=\"fnt-servicios__description\">Decide que sucede con tus posesiones es Espa\u00f1a en caso de fallecimiento y optimiza los impuestos inherentes al proceso.<\/p>\n<\/div>\n<\/div>\n\n\n\n<div class=\"wp-block-group fnt-servicios__item is-nowrap is-layout-flex wp-container-17\">\n<figure class=\"wp-block-image size-full\"><img decoding=\"async\" src=\"https:\/\/fontanals-solicitors.com\/wp-content\/uploads\/2023\/02\/probate.svg\" alt=\"\" class=\"wp-image-136\"\/><\/figure>\n\n\n\n<div class=\"wp-block-group fnt-servicios__content is-vertical is-layout-flex wp-container-16\">\n<p class=\"fnt-servicios__title\"><strong>Probate<\/strong><\/p>\n\n\n\n<p class=\"fnt-servicios__description\">Realizamos por ti la validaci\u00f3n del testamento en Reino Unido.<\/p>\n<\/div>\n<\/div>\n\n\n\n<div class=\"wp-block-group fnt-servicios__item is-nowrap is-layout-flex wp-container-19\">\n<figure class=\"wp-block-image size-full\"><img decoding=\"async\" src=\"https:\/\/fontanals-solicitors.com\/wp-content\/uploads\/2023\/02\/donation-icon.svg\" alt=\"\" class=\"wp-image-82\"\/><\/figure>\n\n\n\n<div class=\"wp-block-group fnt-servicios__content is-vertical is-layout-flex wp-container-18\">\n<p class=\"fnt-servicios__title\"><strong>Donacion<\/strong><\/p>\n\n\n\n<p class=\"fnt-servicios__description\">Revisaremos tus alternativas y te aconsejamos sobre el camino m\u00e1s r\u00e1pido y eficiente a nivel fiscal.<\/p>\n<\/div>\n<\/div>\n\n\n\n<div class=\"wp-block-group fnt-servicios__item is-nowrap is-layout-flex wp-container-21\">\n<figure class=\"wp-block-image size-full\"><img decoding=\"async\" src=\"https:\/\/fontanals-solicitors.com\/wp-content\/uploads\/2023\/02\/power-icon.svg\" alt=\"\" class=\"wp-image-84\"\/><\/figure>\n\n\n\n<div class=\"wp-block-group fnt-servicios__content is-vertical is-layout-flex wp-container-20\">\n<p class=\"fnt-servicios__title\"><strong>Poder legal<\/strong><\/p>\n\n\n\n<p class=\"fnt-servicios__description\">Si no puedes estar presente f\u00edsicamente y lo necesita, seremos su representante legal.<\/p>\n<\/div>\n<\/div>\n\n\n\n<div class=\"wp-block-group fnt-servicios__item is-nowrap is-layout-flex wp-container-23\">\n<figure class=\"wp-block-image size-full\"><img decoding=\"async\" src=\"https:\/\/fontanals-solicitors.com\/wp-content\/uploads\/2023\/02\/ownership-icon.svg\" alt=\"\" class=\"wp-image-83\"\/><\/figure>\n\n\n\n<div class=\"wp-block-group fnt-servicios__content is-vertical is-layout-flex wp-container-22\">\n<p class=\"fnt-servicios__title\"><strong>Tranferencia de bienes<\/strong><\/p>\n\n\n\n<p class=\"fnt-servicios__description\">Te asesoramos durante el proceso y nos aseguramos de que se realiza de una manera \u00f3ptima para tus intereses.<\/p>\n<\/div>\n<\/div>\n\n\n\n<div class=\"wp-block-group fnt-servicios__item is-nowrap is-layout-flex wp-container-25\">\n<figure class=\"wp-block-image size-full\"><img decoding=\"async\" src=\"https:\/\/fontanals-solicitors.com\/wp-content\/uploads\/2023\/02\/certificates.svg\" alt=\"\" class=\"wp-image-139\"\/><\/figure>\n\n\n\n<div class=\"wp-block-group fnt-servicios__content is-vertical is-layout-flex wp-container-24\">\n<p class=\"fnt-servicios__title\"><strong>Certificados<\/strong><\/p>\n\n\n\n<p class=\"fnt-servicios__description\">Nos encargamos de la validaci\u00f3n de documentos y traducciones y te ayudamos en la obtenci\u00f3n del certificado energ\u00e9tico. <\/p>\n<\/div>\n<\/div>\n\n\n\n<div class=\"wp-block-group fnt-servicios__item is-nowrap is-layout-flex wp-container-27\">\n<figure class=\"wp-block-image size-full\"><img decoding=\"async\" src=\"https:\/\/fontanals-solicitors.com\/wp-content\/uploads\/2023\/02\/contract-icon.svg\" alt=\"\" class=\"wp-image-85\"\/><\/figure>\n\n\n\n<div class=\"wp-block-group fnt-servicios__content is-vertical is-layout-flex wp-container-26\">\n<p class=\"fnt-servicios__title\"><strong>Redacci\u00f3n del contrato de alquiler<\/strong><\/p>\n\n\n\n<p class=\"fnt-servicios__description\">te ayudamos a preparar o revisar tu contrato de alquiler, asegur\u00e1ndonos de que tus intereses est\u00e9n siempre protegidos.<\/p>\n<\/div>\n<\/div>\n<\/div>\n\n\n\n<div class=\"wp-block-columns fnt-main__group is-layout-flex wp-container-31\">\n<div class=\"wp-block-column fnt-main__group--begin fnt-main__group--span-4 is-layout-flow\" style=\"flex-basis:50%\">\n<h2 class=\"wp-block-heading\">Preguntas frecuentes<\/h2>\n<\/div>\n\n\n\n<div class=\"wp-block-column fnt-main__group--span-6 fnt-main__group--begin-mid is-layout-flow\" style=\"flex-basis:50%\">\n<details class=\"wp-block-fontanals-blocks-faq\"><summary class=\"question\"><h2>\u00bfEs obligatorio firmar un testamento en Espa\u00f1a?<\/h2><img decoding=\"async\" src=\"data:image\/svg+xml;base64,PHN2ZyB4bWxucz0iaHR0cDovL3d3dy53My5vcmcvMjAwMC9zdmciIHdpZHRoPSIxMC44MiIgaGVpZ2h0PSI2LjU0MSIgdmlld0JveD0iMCAwIDEwLjgyIDYuNTQxIj4NCiAgPHBhdGggaWQ9ImFycm93LWRvd24iIGQ9Ik0xMC44MiwzLjIzOSw1LjQxLDguNjQ5LDAsMy4yMzksMS4xMzEsMi4xMDgsNS40MSw2LjM3LDkuNjcyLDIuMTA4WiIgdHJhbnNmb3JtPSJ0cmFuc2xhdGUoMCAtMi4xMDgpIi8+DQo8L3N2Zz4NCg==\" alt=\"Triangulo\"\/><\/summary><div class=\"answer\">\n<p>No, pero es muy recomendable para agilizar los tr\u00e1mites de una futura adjudicaci\u00f3n de herencia.<\/p>\n<\/div><\/details>\n\n\n\n<details class=\"wp-block-fontanals-blocks-faq\"><summary class=\"question\"><h2>\u00bfCu\u00e1l es la ley que regir\u00e1 mi testamento?<\/h2><img decoding=\"async\" src=\"data:image\/svg+xml;base64,PHN2ZyB4bWxucz0iaHR0cDovL3d3dy53My5vcmcvMjAwMC9zdmciIHdpZHRoPSIxMC44MiIgaGVpZ2h0PSI2LjU0MSIgdmlld0JveD0iMCAwIDEwLjgyIDYuNTQxIj4NCiAgPHBhdGggaWQ9ImFycm93LWRvd24iIGQ9Ik0xMC44MiwzLjIzOSw1LjQxLDguNjQ5LDAsMy4yMzksMS4xMzEsMi4xMDgsNS40MSw2LjM3LDkuNjcyLDIuMTA4WiIgdHJhbnNmb3JtPSJ0cmFuc2xhdGUoMCAtMi4xMDgpIi8+DQo8L3N2Zz4NCg==\" alt=\"Triangulo\"\/><\/summary><div class=\"answer\">\n<p>El testador tiene la opci\u00f3n de elegir, de acuerdo con lo establecido en el Reglamento de la UE n\u00ba 650\/2012 del Parlamento Europeo y del Consejo, de 4 de julio de 2012, que su testamento se rija por la ley de su nacionalidad.<\/p>\n<\/div><\/details>\n\n\n\n<details class=\"wp-block-fontanals-blocks-faq\"><summary class=\"question\"><h2>\u00bfCu\u00e1l es el porcentaje a pagar por el impuesto de sucesiones?&nbsp;<\/h2><img decoding=\"async\" src=\"data:image\/svg+xml;base64,PHN2ZyB4bWxucz0iaHR0cDovL3d3dy53My5vcmcvMjAwMC9zdmciIHdpZHRoPSIxMC44MiIgaGVpZ2h0PSI2LjU0MSIgdmlld0JveD0iMCAwIDEwLjgyIDYuNTQxIj4NCiAgPHBhdGggaWQ9ImFycm93LWRvd24iIGQ9Ik0xMC44MiwzLjIzOSw1LjQxLDguNjQ5LDAsMy4yMzksMS4xMzEsMi4xMDgsNS40MSw2LjM3LDkuNjcyLDIuMTA4WiIgdHJhbnNmb3JtPSJ0cmFuc2xhdGUoMCAtMi4xMDgpIi8+DQo8L3N2Zz4NCg==\" alt=\"Triangulo\"\/><\/summary><div class=\"answer\">\n<p>El c\u00e1lculo de impuesto de sucesiones se determina en base a diferentes valores que var\u00edan en funci\u00f3n del importe total de la masa hereditaria. <\/p>\n\n\n\n<p>Se deber\u00e1n realizar las comprobaciones oportunas para aplicar las posibles deducciones aprobadas por la Comunidad Aut\u00f3noma donde se ubiquen los bienes. <\/p>\n<\/div><\/details>\n\n\n\n<details class=\"wp-block-fontanals-blocks-faq\"><summary class=\"question\"><h2>\u00bfEn qu\u00e9 idioma se redactar\u00e1 el testamento?<\/h2><img decoding=\"async\" src=\"data:image\/svg+xml;base64,PHN2ZyB4bWxucz0iaHR0cDovL3d3dy53My5vcmcvMjAwMC9zdmciIHdpZHRoPSIxMC44MiIgaGVpZ2h0PSI2LjU0MSIgdmlld0JveD0iMCAwIDEwLjgyIDYuNTQxIj4NCiAgPHBhdGggaWQ9ImFycm93LWRvd24iIGQ9Ik0xMC44MiwzLjIzOSw1LjQxLDguNjQ5LDAsMy4yMzksMS4xMzEsMi4xMDgsNS40MSw2LjM3LDkuNjcyLDIuMTA4WiIgdHJhbnNmb3JtPSJ0cmFuc2xhdGUoMCAtMi4xMDgpIi8+DQo8L3N2Zz4NCg==\" alt=\"Triangulo\"\/><\/summary><div class=\"answer\">\n<p>Se redactar\u00e1 a petici\u00f3n del testador a doble columna, una en Espa\u00f1ol y otra en tu idioma.<\/p>\n<\/div><\/details>\n<\/div>\n<\/div>\n","protected":false},"excerpt":{"rendered":"<p>\u00bfNecesito un testamento en Espa\u00f1a? Como en la mayor\u00eda de los pa\u00edses en Espa\u00f1a, la ley decide como se reparten tus bienes en caso de que no exista un testamento. Raramente esta decisi\u00f3n resulta ser la m\u00e1s e\ufb01ciente desde el punto de vista impositivo y suele ser motivo de con\ufb02icto. En Fontanals Solicitors, llevamos m\u00e1s [&hellip;]<\/p>\n","protected":false},"author":2,"featured_media":308,"parent":0,"menu_order":0,"comment_status":"closed","ping_status":"closed","template":"","meta":[],"categories":[13],"yoast_head":"<!-- This site is optimized with the Yoast SEO plugin v21.4 - https:\/\/yoast.com\/wordpress\/plugins\/seo\/ -->\n<title>Herencia y testamento - Real Estate Lawyers in Spain | Fontanals Solicitors<\/title>\n<meta name=\"robots\" content=\"index, follow, max-snippet:-1, max-image-preview:large, max-video-preview:-1\" \/>\n<link rel=\"canonical\" href=\"https:\/\/fontanals-solicitors.com\/es\/herencia-y-testamento\/\" \/>\n<meta property=\"og:locale\" content=\"es_ES\" \/>\n<meta property=\"og:type\" content=\"article\" \/>\n<meta property=\"og:title\" content=\"Herencia y testamento - Real Estate Lawyers in Spain | Fontanals Solicitors\" \/>\n<meta property=\"og:description\" content=\"\u00bfNecesito un testamento en Espa\u00f1a? Como en la mayor\u00eda de los pa\u00edses en Espa\u00f1a, la ley decide como se reparten tus bienes en caso de que no exista un testamento. Raramente esta decisi\u00f3n resulta ser la m\u00e1s e\ufb01ciente desde el punto de vista impositivo y suele ser motivo de con\ufb02icto. En Fontanals Solicitors, llevamos m\u00e1s [&hellip;]\" \/>\n<meta property=\"og:url\" content=\"https:\/\/fontanals-solicitors.com\/es\/herencia-y-testamento\/\" \/>\n<meta property=\"og:site_name\" content=\"Real Estate Lawyers in Spain | Fontanals Solicitors\" \/>\n<meta property=\"article:modified_time\" content=\"2023-02-19T19:01:08+00:00\" \/>\n<meta property=\"og:image\" content=\"https:\/\/fontanals-solicitors.com\/wp-content\/uploads\/2023\/02\/last-will-featured.jpg\" \/>\n\t<meta property=\"og:image:width\" content=\"2000\" \/>\n\t<meta property=\"og:image:height\" content=\"1333\" \/>\n\t<meta property=\"og:image:type\" content=\"image\/jpeg\" \/>\n<meta name=\"twitter:card\" content=\"summary_large_image\" \/>\n<meta name=\"twitter:label1\" content=\"Tiempo de lectura\" \/>\n\t<meta name=\"twitter:data1\" content=\"3 minutos\" \/>\n<script type=\"application\/ld+json\" class=\"yoast-schema-graph\">{\"@context\":\"https:\/\/schema.org\",\"@graph\":[{\"@type\":\"WebPage\",\"@id\":\"https:\/\/fontanals-solicitors.com\/es\/herencia-y-testamento\/\",\"url\":\"https:\/\/fontanals-solicitors.com\/es\/herencia-y-testamento\/\",\"name\":\"Herencia y testamento - Real Estate Lawyers in Spain | Fontanals Solicitors\",\"isPartOf\":{\"@id\":\"https:\/\/fontanals-solicitors.com\/#website\"},\"datePublished\":\"2023-02-07T00:05:57+00:00\",\"dateModified\":\"2023-02-19T19:01:08+00:00\",\"breadcrumb\":{\"@id\":\"https:\/\/fontanals-solicitors.com\/es\/herencia-y-testamento\/#breadcrumb\"},\"inLanguage\":\"es\",\"potentialAction\":[{\"@type\":\"ReadAction\",\"target\":[\"https:\/\/fontanals-solicitors.com\/es\/herencia-y-testamento\/\"]}]},{\"@type\":\"BreadcrumbList\",\"@id\":\"https:\/\/fontanals-solicitors.com\/es\/herencia-y-testamento\/#breadcrumb\",\"itemListElement\":[{\"@type\":\"ListItem\",\"position\":1,\"name\":\"Home\",\"item\":\"https:\/\/fontanals-solicitors.com\/es\/\"},{\"@type\":\"ListItem\",\"position\":2,\"name\":\"Herencia y testamento\"}]},{\"@type\":\"WebSite\",\"@id\":\"https:\/\/fontanals-solicitors.com\/#website\",\"url\":\"https:\/\/fontanals-solicitors.com\/\",\"name\":\"Real Estate Lawyers in Spain | Fontanals Solicitors\",\"description\":\"\",\"publisher\":{\"@id\":\"https:\/\/fontanals-solicitors.com\/#organization\"},\"potentialAction\":[{\"@type\":\"SearchAction\",\"target\":{\"@type\":\"EntryPoint\",\"urlTemplate\":\"https:\/\/fontanals-solicitors.com\/?s={search_term_string}\"},\"query-input\":\"required name=search_term_string\"}],\"inLanguage\":\"es\"},{\"@type\":\"Organization\",\"@id\":\"https:\/\/fontanals-solicitors.com\/#organization\",\"name\":\"Fontanals Solicitors\",\"url\":\"https:\/\/fontanals-solicitors.com\/\",\"logo\":{\"@type\":\"ImageObject\",\"inLanguage\":\"es\",\"@id\":\"https:\/\/fontanals-solicitors.com\/#\/schema\/logo\/image\/\",\"url\":\"https:\/\/fontanals-solicitors.com\/wp-content\/uploads\/2023\/06\/LOGO-FONTANALS-SOLICITORS-1.png\",\"contentUrl\":\"https:\/\/fontanals-solicitors.com\/wp-content\/uploads\/2023\/06\/LOGO-FONTANALS-SOLICITORS-1.png\",\"width\":1507,\"height\":507,\"caption\":\"Fontanals Solicitors\"},\"image\":{\"@id\":\"https:\/\/fontanals-solicitors.com\/#\/schema\/logo\/image\/\"}}]}<\/script>\n<!-- \/ Yoast SEO plugin. -->","yoast_head_json":{"title":"Herencia y testamento - Real Estate Lawyers in Spain | Fontanals Solicitors","robots":{"index":"index","follow":"follow","max-snippet":"max-snippet:-1","max-image-preview":"max-image-preview:large","max-video-preview":"max-video-preview:-1"},"canonical":"https:\/\/fontanals-solicitors.com\/es\/herencia-y-testamento\/","og_locale":"es_ES","og_type":"article","og_title":"Herencia y testamento - Real Estate Lawyers in Spain | Fontanals Solicitors","og_description":"\u00bfNecesito un testamento en Espa\u00f1a? Como en la mayor\u00eda de los pa\u00edses en Espa\u00f1a, la ley decide como se reparten tus bienes en caso de que no exista un testamento. Raramente esta decisi\u00f3n resulta ser la m\u00e1s e\ufb01ciente desde el punto de vista impositivo y suele ser motivo de con\ufb02icto. En Fontanals Solicitors, llevamos m\u00e1s [&hellip;]","og_url":"https:\/\/fontanals-solicitors.com\/es\/herencia-y-testamento\/","og_site_name":"Real Estate Lawyers in Spain | Fontanals Solicitors","article_modified_time":"2023-02-19T19:01:08+00:00","og_image":[{"width":2000,"height":1333,"url":"https:\/\/fontanals-solicitors.com\/wp-content\/uploads\/2023\/02\/last-will-featured.jpg","type":"image\/jpeg"}],"twitter_card":"summary_large_image","twitter_misc":{"Tiempo de lectura":"3 minutos"},"schema":{"@context":"https:\/\/schema.org","@graph":[{"@type":"WebPage","@id":"https:\/\/fontanals-solicitors.com\/es\/herencia-y-testamento\/","url":"https:\/\/fontanals-solicitors.com\/es\/herencia-y-testamento\/","name":"Herencia y testamento - Real Estate Lawyers in Spain | Fontanals Solicitors","isPartOf":{"@id":"https:\/\/fontanals-solicitors.com\/#website"},"datePublished":"2023-02-07T00:05:57+00:00","dateModified":"2023-02-19T19:01:08+00:00","breadcrumb":{"@id":"https:\/\/fontanals-solicitors.com\/es\/herencia-y-testamento\/#breadcrumb"},"inLanguage":"es","potentialAction":[{"@type":"ReadAction","target":["https:\/\/fontanals-solicitors.com\/es\/herencia-y-testamento\/"]}]},{"@type":"BreadcrumbList","@id":"https:\/\/fontanals-solicitors.com\/es\/herencia-y-testamento\/#breadcrumb","itemListElement":[{"@type":"ListItem","position":1,"name":"Home","item":"https:\/\/fontanals-solicitors.com\/es\/"},{"@type":"ListItem","position":2,"name":"Herencia y testamento"}]},{"@type":"WebSite","@id":"https:\/\/fontanals-solicitors.com\/#website","url":"https:\/\/fontanals-solicitors.com\/","name":"Real Estate Lawyers in Spain | Fontanals Solicitors","description":"","publisher":{"@id":"https:\/\/fontanals-solicitors.com\/#organization"},"potentialAction":[{"@type":"SearchAction","target":{"@type":"EntryPoint","urlTemplate":"https:\/\/fontanals-solicitors.com\/?s={search_term_string}"},"query-input":"required name=search_term_string"}],"inLanguage":"es"},{"@type":"Organization","@id":"https:\/\/fontanals-solicitors.com\/#organization","name":"Fontanals Solicitors","url":"https:\/\/fontanals-solicitors.com\/","logo":{"@type":"ImageObject","inLanguage":"es","@id":"https:\/\/fontanals-solicitors.com\/#\/schema\/logo\/image\/","url":"https:\/\/fontanals-solicitors.com\/wp-content\/uploads\/2023\/06\/LOGO-FONTANALS-SOLICITORS-1.png","contentUrl":"https:\/\/fontanals-solicitors.com\/wp-content\/uploads\/2023\/06\/LOGO-FONTANALS-SOLICITORS-1.png","width":1507,"height":507,"caption":"Fontanals Solicitors"},"image":{"@id":"https:\/\/fontanals-solicitors.com\/#\/schema\/logo\/image\/"}}]}},"_links":{"self":[{"href":"https:\/\/fontanals-solicitors.com\/es\/wp-json\/wp\/v2\/pages\/407"}],"collection":[{"href":"https:\/\/fontanals-solicitors.com\/es\/wp-json\/wp\/v2\/pages"}],"about":[{"href":"https:\/\/fontanals-solicitors.com\/es\/wp-json\/wp\/v2\/types\/page"}],"author":[{"embeddable":true,"href":"https:\/\/fontanals-solicitors.com\/es\/wp-json\/wp\/v2\/users\/2"}],"replies":[{"embeddable":true,"href":"https:\/\/fontanals-solicitors.com\/es\/wp-json\/wp\/v2\/comments?post=407"}],"version-history":[{"count":5,"href":"https:\/\/fontanals-solicitors.com\/es\/wp-json\/wp\/v2\/pages\/407\/revisions"}],"predecessor-version":[{"id":642,"href":"https:\/\/fontanals-solicitors.com\/es\/wp-json\/wp\/v2\/pages\/407\/revisions\/642"}],"wp:featuredmedia":[{"embeddable":true,"href":"https:\/\/fontanals-solicitors.com\/es\/wp-json\/wp\/v2\/media\/308"}],"wp:attachment":[{"href":"https:\/\/fontanals-solicitors.com\/es\/wp-json\/wp\/v2\/media?parent=407"}],"wp:term":[{"taxonomy":"category","embeddable":true,"href":"https:\/\/fontanals-solicitors.com\/es\/wp-json\/wp\/v2\/categories?post=407"}],"curies":[{"name":"wp","href":"https:\/\/api.w.org\/{rel}","templated":true}]}}