{"id":432,"date":"2023-02-07T00:04:07","date_gmt":"2023-02-07T00:04:07","guid":{"rendered":"https:\/\/pre.fontanals-solicitors.com\/sobre-nosotros\/"},"modified":"2023-04-20T08:14:11","modified_gmt":"2023-04-20T08:14:11","slug":"sobre-nosotros","status":"publish","type":"page","link":"https:\/\/fontanals-solicitors.com\/es\/sobre-nosotros\/","title":{"rendered":"Nosotros"},"content":{"rendered":"\n<div class=\"wp-block-group ftn-main__cta is-nowrap is-layout-flex wp-container-2\">\n<div class=\"wp-block-group fnt-main__cta-content is-vertical is-layout-flex wp-container-1\">\n<h2 class=\"wp-block-heading\">Creemos que los servicios jur\u00eddicos deben ser sencillos, personales y accesibles<\/h2>\n\n\n\n<p><\/p>\n\n\n\n<p class=\"fnt-main__button\"><\/p>\n<\/div>\n\n\n\n<figure class=\"wp-block-image size-full fnt-main__cta-img\"><img decoding=\"async\" loading=\"lazy\" width=\"820\" height=\"547\" src=\"https:\/\/fontanals-solicitors.com\/wp-content\/uploads\/2023\/02\/cta-home.jpg\" alt=\"\" class=\"wp-image-63\" srcset=\"https:\/\/fontanals-solicitors.com\/wp-content\/uploads\/2023\/02\/cta-home.jpg 820w, https:\/\/fontanals-solicitors.com\/wp-content\/uploads\/2023\/02\/cta-home-300x200.jpg 300w, https:\/\/fontanals-solicitors.com\/wp-content\/uploads\/2023\/02\/cta-home-768x512.jpg 768w\" sizes=\"(max-width: 820px) 100vw, 820px\" \/><\/figure>\n<\/div>\n\n\n\n<div class=\"wp-block-group fnt-card-title-img-text-container is-vertical is-layout-flex wp-container-11\">\n<div class=\"wp-block-group fnt-card-title-img-text fnt-background--blue-100 is-vertical is-layout-flex wp-container-4\">\n<div class=\"wp-block-group fnt-card-intro is-nowrap is-layout-flex wp-container-3\">\n<p class=\"fnt-card-title fnt-text-large\">Cultura<\/p>\n\n\n\n<figure class=\"wp-block-image size-full fnt-card-img\"><img decoding=\"async\" loading=\"lazy\" width=\"400\" height=\"267\" src=\"https:\/\/fontanals-solicitors.com\/wp-content\/uploads\/2023\/02\/about-us-culture.jpg\" alt=\"\" class=\"wp-image-283\" srcset=\"https:\/\/fontanals-solicitors.com\/wp-content\/uploads\/2023\/02\/about-us-culture.jpg 400w, https:\/\/fontanals-solicitors.com\/wp-content\/uploads\/2023\/02\/about-us-culture-300x200.jpg 300w\" sizes=\"(max-width: 400px) 100vw, 400px\" \/><\/figure>\n<\/div>\n\n\n\n<p class=\"fnt-card-description\">Nuestra misi\u00f3n es conseguir que cualquier proceso legal resulte sencillo para nuestros clientes.  Somos cercanos y accesibles, siempre estamos disponibles para responder  cualquier duda o pregunta que tenga, nos tomamos el tiempo para entender tus necesidades \u00fanicas y proporcionamos soluciones legales a medida.<\/p>\n<\/div>\n\n\n\n<div class=\"wp-block-group fnt-card-title-img-text fnt-background--blue-200 is-vertical is-layout-flex wp-container-6\">\n<div class=\"wp-block-group fnt-card-intro is-nowrap is-layout-flex wp-container-5\">\n<p class=\"fnt-card-title fnt-text-large\">Experiencia<\/p>\n\n\n\n<figure class=\"wp-block-image size-full fnt-card-img\"><img decoding=\"async\" loading=\"lazy\" width=\"400\" height=\"267\" src=\"https:\/\/fontanals-solicitors.com\/wp-content\/uploads\/2023\/02\/about-us-expjpg.jpg\" alt=\"\" class=\"wp-image-288\" srcset=\"https:\/\/fontanals-solicitors.com\/wp-content\/uploads\/2023\/02\/about-us-expjpg.jpg 400w, https:\/\/fontanals-solicitors.com\/wp-content\/uploads\/2023\/02\/about-us-expjpg-300x200.jpg 300w\" sizes=\"(max-width: 400px) 100vw, 400px\" \/><\/figure>\n<\/div>\n\n\n\n<p class=\"fnt-card-description\">Con m\u00e1s de 30 a\u00f1os de experiencia, somos un despacho especializado en aportar soluciones legales y fiscales, tenemos un profundo conocimiento de las necesidades de nuestros clientes. <\/p>\n<\/div>\n\n\n\n<div class=\"wp-block-group fnt-card-title-img-text fnt-background--blue-400 is-vertical is-layout-flex wp-container-8\">\n<div class=\"wp-block-group fnt-card-intro is-nowrap is-layout-flex wp-container-7\">\n<p class=\"fnt-card-title fnt-text-large\">Cercan\u00eda<\/p>\n\n\n\n<figure class=\"wp-block-image size-full fnt-card-img\"><img decoding=\"async\" loading=\"lazy\" width=\"400\" height=\"600\" src=\"https:\/\/fontanals-solicitors.com\/wp-content\/uploads\/2023\/02\/about-us-close.jpg\" alt=\"\" class=\"wp-image-289\" srcset=\"https:\/\/fontanals-solicitors.com\/wp-content\/uploads\/2023\/02\/about-us-close.jpg 400w, https:\/\/fontanals-solicitors.com\/wp-content\/uploads\/2023\/02\/about-us-close-200x300.jpg 200w\" sizes=\"(max-width: 400px) 100vw, 400px\" \/><\/figure>\n<\/div>\n\n\n\n<p class=\"fnt-card-description\">Nuestra misi\u00f3n es eliminar el estr\u00e9s y el riesgo de cualquier procedimiento legal para nuestros clientes. Lo hacemos a trav\u00e9s de una comunicaci\u00f3n clara y constante, reduciendo la carga burocratica y simplificando el proceso. Nos comprometemos a estar cerca de nuestros clientes y a proporcionarles una atenci\u00f3n personalizada.<\/p>\n<\/div>\n\n\n\n<div class=\"wp-block-group fnt-card-title-img-text fnt-background--blue-500 is-vertical is-layout-flex wp-container-10\">\n<div class=\"wp-block-group fnt-card-intro is-nowrap is-layout-flex wp-container-9\">\n<p class=\"fnt-card-title fnt-text-large\">Eficacia<\/p>\n\n\n\n<figure class=\"wp-block-image size-full fnt-card-img\"><img decoding=\"async\" loading=\"lazy\" width=\"400\" height=\"267\" src=\"https:\/\/fontanals-solicitors.com\/wp-content\/uploads\/2023\/02\/about-us-efficiency.jpg\" alt=\"\" class=\"wp-image-291\" srcset=\"https:\/\/fontanals-solicitors.com\/wp-content\/uploads\/2023\/02\/about-us-efficiency.jpg 400w, https:\/\/fontanals-solicitors.com\/wp-content\/uploads\/2023\/02\/about-us-efficiency-300x200.jpg 300w\" sizes=\"(max-width: 400px) 100vw, 400px\" \/><\/figure>\n<\/div>\n\n\n\n<p class=\"fnt-card-description\">Tenemos los recursos y las conexiones locales necesarias para asegurar un resultado positivo en tu proceso legal. Con nuestros conocimientos y experiencia, podemos navegar eficientemente por el sistema legal en tu nombre. <\/p>\n<\/div>\n<\/div>\n\n\n\n<div class=\"wp-block-columns fnt-main__group is-layout-flex wp-container-13\">\n<div class=\"wp-block-column fnt-main__group--begin fnt-main__group--span-4 is-layout-flow\" style=\"flex-basis:50%\">\n<h2 class=\"wp-block-heading\">\u00bfQu\u00e9 podemos hacer por ti?<\/h2>\n<\/div>\n<\/div>\n\n\n\n<div class=\"wp-block-group fnt-main__enumeration is-nowrap is-layout-flex wp-container-17\">\n<div class=\"wp-block-group fnt-background--blue-100 is-vertical is-layout-flex wp-container-14\">\n<p class=\"fnt-text-colossal\">1<\/p>\n\n\n\n<p class=\"fnt-text-small\">Proteger y optimizar sus intereses legales y fiscales. Te ayudamos a navegar por el sistema legal y a garantizar la protecci\u00f3n de tus derechos.<\/p>\n<\/div>\n\n\n\n<div class=\"wp-block-group fnt-background--blue-400 is-vertical is-layout-flex wp-container-15\">\n<p class=\"fnt-text-colossal\">2<\/p>\n\n\n\n<p class=\"fnt-text-small\">Reducir la barrera ling\u00fc\u00edstica y la burocracia; tratar con organismos gubernamentales y procesos legales puede resultar complicado, especialmente si no est\u00e1 familiarizado con el idioma o el sistema. Te ayudaremos a superar estos obst\u00e1culos y a que el proceso sea m\u00e1s fluido y eficaz.<\/p>\n<\/div>\n\n\n\n<div class=\"wp-block-group fnt-background--blue-500 is-vertical is-layout-flex wp-container-16\">\n<p class=\"fnt-text-colossal\">3<\/p>\n\n\n\n<p class=\"fnt-text-small\">A trav\u00e9s de una comunicaci\u00f3n clara y sencilla, te mantendremos informado y eliminaremos cualquier tensi\u00f3n o incertidumbre. Nuestro objetivo es resolver el proceso con la mayor brevedad posible, protegiendo en todo momento tus intereses. <\/p>\n<\/div>\n<\/div>\n","protected":false},"excerpt":{"rendered":"<p>Creemos que los servicios jur\u00eddicos deben ser sencillos, personales y accesibles Cultura Nuestra misi\u00f3n es conseguir que cualquier proceso legal resulte sencillo para nuestros clientes. Somos cercanos y accesibles, siempre estamos disponibles para responder cualquier duda o pregunta que tenga, nos tomamos el tiempo para entender tus necesidades \u00fanicas y proporcionamos soluciones legales a medida. [&hellip;]<\/p>\n","protected":false},"author":2,"featured_media":0,"parent":0,"menu_order":0,"comment_status":"closed","ping_status":"closed","template":"","meta":[],"categories":[],"yoast_head":"<!-- This site is optimized with the Yoast SEO plugin v21.4 - https:\/\/yoast.com\/wordpress\/plugins\/seo\/ -->\n<title>Nosotros - Real Estate Lawyers in Spain | Fontanals Solicitors<\/title>\n<meta name=\"robots\" content=\"index, follow, max-snippet:-1, max-image-preview:large, max-video-preview:-1\" \/>\n<link rel=\"canonical\" href=\"https:\/\/fontanals-solicitors.com\/es\/sobre-nosotros\/\" \/>\n<meta property=\"og:locale\" content=\"es_ES\" \/>\n<meta property=\"og:type\" content=\"article\" \/>\n<meta property=\"og:title\" content=\"Nosotros - Real Estate Lawyers in Spain | Fontanals Solicitors\" \/>\n<meta property=\"og:description\" content=\"Creemos que los servicios jur\u00eddicos deben ser sencillos, personales y accesibles Cultura Nuestra misi\u00f3n es conseguir que cualquier proceso legal resulte sencillo para nuestros clientes. Somos cercanos y accesibles, siempre estamos disponibles para responder cualquier duda o pregunta que tenga, nos tomamos el tiempo para entender tus necesidades \u00fanicas y proporcionamos soluciones legales a medida. [&hellip;]\" \/>\n<meta property=\"og:url\" content=\"https:\/\/fontanals-solicitors.com\/es\/sobre-nosotros\/\" \/>\n<meta property=\"og:site_name\" content=\"Real Estate Lawyers in Spain | Fontanals Solicitors\" \/>\n<meta property=\"article:modified_time\" content=\"2023-04-20T08:14:11+00:00\" \/>\n<meta property=\"og:image\" content=\"https:\/\/fontanals-solicitors.com\/wp-content\/uploads\/2023\/02\/cta-home.jpg\" \/>\n<meta name=\"twitter:card\" content=\"summary_large_image\" \/>\n<meta name=\"twitter:label1\" content=\"Tiempo de lectura\" \/>\n\t<meta name=\"twitter:data1\" content=\"3 minutos\" \/>\n<script type=\"application\/ld+json\" class=\"yoast-schema-graph\">{\"@context\":\"https:\/\/schema.org\",\"@graph\":[{\"@type\":\"WebPage\",\"@id\":\"https:\/\/fontanals-solicitors.com\/es\/sobre-nosotros\/\",\"url\":\"https:\/\/fontanals-solicitors.com\/es\/sobre-nosotros\/\",\"name\":\"Nosotros - Real Estate Lawyers in Spain | Fontanals Solicitors\",\"isPartOf\":{\"@id\":\"https:\/\/fontanals-solicitors.com\/#website\"},\"datePublished\":\"2023-02-07T00:04:07+00:00\",\"dateModified\":\"2023-04-20T08:14:11+00:00\",\"breadcrumb\":{\"@id\":\"https:\/\/fontanals-solicitors.com\/es\/sobre-nosotros\/#breadcrumb\"},\"inLanguage\":\"es\",\"potentialAction\":[{\"@type\":\"ReadAction\",\"target\":[\"https:\/\/fontanals-solicitors.com\/es\/sobre-nosotros\/\"]}]},{\"@type\":\"BreadcrumbList\",\"@id\":\"https:\/\/fontanals-solicitors.com\/es\/sobre-nosotros\/#breadcrumb\",\"itemListElement\":[{\"@type\":\"ListItem\",\"position\":1,\"name\":\"Home\",\"item\":\"https:\/\/fontanals-solicitors.com\/es\/\"},{\"@type\":\"ListItem\",\"position\":2,\"name\":\"Nosotros\"}]},{\"@type\":\"WebSite\",\"@id\":\"https:\/\/fontanals-solicitors.com\/#website\",\"url\":\"https:\/\/fontanals-solicitors.com\/\",\"name\":\"Real Estate Lawyers in Spain | Fontanals Solicitors\",\"description\":\"\",\"publisher\":{\"@id\":\"https:\/\/fontanals-solicitors.com\/#organization\"},\"potentialAction\":[{\"@type\":\"SearchAction\",\"target\":{\"@type\":\"EntryPoint\",\"urlTemplate\":\"https:\/\/fontanals-solicitors.com\/?s={search_term_string}\"},\"query-input\":\"required name=search_term_string\"}],\"inLanguage\":\"es\"},{\"@type\":\"Organization\",\"@id\":\"https:\/\/fontanals-solicitors.com\/#organization\",\"name\":\"Fontanals Solicitors\",\"url\":\"https:\/\/fontanals-solicitors.com\/\",\"logo\":{\"@type\":\"ImageObject\",\"inLanguage\":\"es\",\"@id\":\"https:\/\/fontanals-solicitors.com\/#\/schema\/logo\/image\/\",\"url\":\"https:\/\/fontanals-solicitors.com\/wp-content\/uploads\/2023\/06\/LOGO-FONTANALS-SOLICITORS-1.png\",\"contentUrl\":\"https:\/\/fontanals-solicitors.com\/wp-content\/uploads\/2023\/06\/LOGO-FONTANALS-SOLICITORS-1.png\",\"width\":1507,\"height\":507,\"caption\":\"Fontanals Solicitors\"},\"image\":{\"@id\":\"https:\/\/fontanals-solicitors.com\/#\/schema\/logo\/image\/\"}}]}<\/script>\n<!-- \/ Yoast SEO plugin. -->","yoast_head_json":{"title":"Nosotros - Real Estate Lawyers in Spain | Fontanals Solicitors","robots":{"index":"index","follow":"follow","max-snippet":"max-snippet:-1","max-image-preview":"max-image-preview:large","max-video-preview":"max-video-preview:-1"},"canonical":"https:\/\/fontanals-solicitors.com\/es\/sobre-nosotros\/","og_locale":"es_ES","og_type":"article","og_title":"Nosotros - Real Estate Lawyers in Spain | Fontanals Solicitors","og_description":"Creemos que los servicios jur\u00eddicos deben ser sencillos, personales y accesibles Cultura Nuestra misi\u00f3n es conseguir que cualquier proceso legal resulte sencillo para nuestros clientes. Somos cercanos y accesibles, siempre estamos disponibles para responder cualquier duda o pregunta que tenga, nos tomamos el tiempo para entender tus necesidades \u00fanicas y proporcionamos soluciones legales a medida. [&hellip;]","og_url":"https:\/\/fontanals-solicitors.com\/es\/sobre-nosotros\/","og_site_name":"Real Estate Lawyers in Spain | Fontanals Solicitors","article_modified_time":"2023-04-20T08:14:11+00:00","og_image":[{"url":"https:\/\/fontanals-solicitors.com\/wp-content\/uploads\/2023\/02\/cta-home.jpg"}],"twitter_card":"summary_large_image","twitter_misc":{"Tiempo de lectura":"3 minutos"},"schema":{"@context":"https:\/\/schema.org","@graph":[{"@type":"WebPage","@id":"https:\/\/fontanals-solicitors.com\/es\/sobre-nosotros\/","url":"https:\/\/fontanals-solicitors.com\/es\/sobre-nosotros\/","name":"Nosotros - Real Estate Lawyers in Spain | Fontanals Solicitors","isPartOf":{"@id":"https:\/\/fontanals-solicitors.com\/#website"},"datePublished":"2023-02-07T00:04:07+00:00","dateModified":"2023-04-20T08:14:11+00:00","breadcrumb":{"@id":"https:\/\/fontanals-solicitors.com\/es\/sobre-nosotros\/#breadcrumb"},"inLanguage":"es","potentialAction":[{"@type":"ReadAction","target":["https:\/\/fontanals-solicitors.com\/es\/sobre-nosotros\/"]}]},{"@type":"BreadcrumbList","@id":"https:\/\/fontanals-solicitors.com\/es\/sobre-nosotros\/#breadcrumb","itemListElement":[{"@type":"ListItem","position":1,"name":"Home","item":"https:\/\/fontanals-solicitors.com\/es\/"},{"@type":"ListItem","position":2,"name":"Nosotros"}]},{"@type":"WebSite","@id":"https:\/\/fontanals-solicitors.com\/#website","url":"https:\/\/fontanals-solicitors.com\/","name":"Real Estate Lawyers in Spain | Fontanals Solicitors","description":"","publisher":{"@id":"https:\/\/fontanals-solicitors.com\/#organization"},"potentialAction":[{"@type":"SearchAction","target":{"@type":"EntryPoint","urlTemplate":"https:\/\/fontanals-solicitors.com\/?s={search_term_string}"},"query-input":"required name=search_term_string"}],"inLanguage":"es"},{"@type":"Organization","@id":"https:\/\/fontanals-solicitors.com\/#organization","name":"Fontanals Solicitors","url":"https:\/\/fontanals-solicitors.com\/","logo":{"@type":"ImageObject","inLanguage":"es","@id":"https:\/\/fontanals-solicitors.com\/#\/schema\/logo\/image\/","url":"https:\/\/fontanals-solicitors.com\/wp-content\/uploads\/2023\/06\/LOGO-FONTANALS-SOLICITORS-1.png","contentUrl":"https:\/\/fontanals-solicitors.com\/wp-content\/uploads\/2023\/06\/LOGO-FONTANALS-SOLICITORS-1.png","width":1507,"height":507,"caption":"Fontanals Solicitors"},"image":{"@id":"https:\/\/fontanals-solicitors.com\/#\/schema\/logo\/image\/"}}]}},"_links":{"self":[{"href":"https:\/\/fontanals-solicitors.com\/es\/wp-json\/wp\/v2\/pages\/432"}],"collection":[{"href":"https:\/\/fontanals-solicitors.com\/es\/wp-json\/wp\/v2\/pages"}],"about":[{"href":"https:\/\/fontanals-solicitors.com\/es\/wp-json\/wp\/v2\/types\/page"}],"author":[{"embeddable":true,"href":"https:\/\/fontanals-solicitors.com\/es\/wp-json\/wp\/v2\/users\/2"}],"replies":[{"embeddable":true,"href":"https:\/\/fontanals-solicitors.com\/es\/wp-json\/wp\/v2\/comments?post=432"}],"version-history":[{"count":10,"href":"https:\/\/fontanals-solicitors.com\/es\/wp-json\/wp\/v2\/pages\/432\/revisions"}],"predecessor-version":[{"id":685,"href":"https:\/\/fontanals-solicitors.com\/es\/wp-json\/wp\/v2\/pages\/432\/revisions\/685"}],"wp:attachment":[{"href":"https:\/\/fontanals-solicitors.com\/es\/wp-json\/wp\/v2\/media?parent=432"}],"wp:term":[{"taxonomy":"category","embeddable":true,"href":"https:\/\/fontanals-solicitors.com\/es\/wp-json\/wp\/v2\/categories?post=432"}],"curies":[{"name":"wp","href":"https:\/\/api.w.org\/{rel}","templated":true}]}}