{"id":436,"date":"2023-02-07T00:06:50","date_gmt":"2023-02-07T00:06:50","guid":{"rendered":"https:\/\/pre.fontanals-solicitors.com\/fiscal\/"},"modified":"2023-02-24T11:04:34","modified_gmt":"2023-02-24T11:04:34","slug":"fiscal","status":"publish","type":"page","link":"https:\/\/fontanals-solicitors.com\/es\/fiscal\/","title":{"rendered":"Fiscal"},"content":{"rendered":"\n<div class=\"wp-block-columns fnt-main__group is-layout-flex wp-container-4\">\n<div class=\"wp-block-column fnt-main__group--begin fnt-main__group--span-4 is-layout-flow\" style=\"flex-basis:50%\">\n<h2 class=\"wp-block-heading\">\u00bfC\u00f3mo podemos ayudarte?<\/h2>\n<\/div>\n\n\n\n<div class=\"wp-block-column fnt-main__group--span-6 fnt-main__group--begin-mid is-layout-flow\" style=\"flex-basis:50%\">\n<div class=\"wp-block-group fnt-main__group-text-button is-vertical is-layout-flex wp-container-2\">\n<p class=\"fnt-main__group--begin fnt-main__group--span-6\">El sistema \ufb01scal espa\u00f1ol puede resultar bastante complicado, especialmente si eres extranjero y no estas familiarizado con ciertos conceptos. <br><br>Como expertos en derecho fiscal, nos aseguraremos de que cumples con tus responsabilidades de la manera m\u00e1s eficiente y segura, garantizando que tus intereses est\u00e9n siempre cubiertos.<br><\/p>\n\n\n\n<p class=\"fnt-main__button fnt-main__group--begin fnt-main__group--span-3\"><br><a href=\"https:\/\/fontanals-solicitors.com\/es\/contacto\/\">\u00a1Pide tu cita!<\/a><\/p>\n<\/div>\n<\/div>\n<\/div>\n\n\n\n<div class=\"wp-block-columns fnt-main__group is-layout-flex wp-container-6\">\n<div class=\"wp-block-column fnt-main__group--begin fnt-main__group--span-4 is-layout-flow\" style=\"flex-basis:50%\">\n<h2 class=\"wp-block-heading\">\u00bfQu\u00e9 impuestos he de pagar en Espa\u00f1a?<\/h2>\n<\/div>\n<\/div>\n\n\n\n<div class=\"wp-block-columns fnt-main__group-bg is-layout-flex wp-container-9\">\n<div class=\"wp-block-column is-layout-flow\" style=\"flex-basis:50%\">\n<p>La tributaci\u00f3n sobre la renta depende del estatus de residencia \ufb01scal. Si no eres ciudadano de un pa\u00eds perteneciente a la Uni\u00f3n Europea y deseas residir en Espa\u00f1a m\u00e1s de los 180 d\u00edas de su visado, deber\u00e1s establecer tu residencia fiscal en Espa\u00f1a.<\/p>\n\n\n\n<p>En caso de ser ciudadano de un estado miembro de la Uni\u00f3n Europea se te considerar\u00e1 Residente Fiscal, si permaneces f\u00edsicamente en Espa\u00f1a m\u00e1s de 183 d\u00edas durante el a\u00f1o natural, es recomendable s\u00ed esa es tu pretensi\u00f3n que hayas solicitado la residencia con antelaci\u00f3n.<\/p>\n<\/div>\n\n\n\n<div class=\"wp-block-column is-layout-flow\" style=\"flex-basis:50%\">\n<p>\u2022 Siendo residente \ufb01scal, tus ingresos por trabajo y beneficios obtenidos de la explotaci\u00f3n de tus propiedades tributar\u00e1n a un tipo progresivo entre el 19% y el 48%, y en el caso de las rentas de ahorro, entre el 19% y el 26%.<\/p>\n\n\n\n<p>\u2022 Siendo no residente pagar\u00edas una tasa \ufb01ja \u00fanicamente sobre tus bienes en Espa\u00f1a, siendo del 19% si es ciudadano de la UE y del 24% para ciudadanos de pa\u00edses no miembros de la UE.<\/p>\n<\/div>\n<\/div>\n\n\n\n<div class=\"wp-block-columns fnt-main__group is-layout-flex wp-container-11\">\n<div class=\"wp-block-column fnt-main__group--begin fnt-main__group--span-4 is-layout-flow\" style=\"flex-basis:50%\">\n<h2 class=\"wp-block-heading\">Servicios relacionados<\/h2>\n<\/div>\n<\/div>\n\n\n\n<div class=\"wp-block-group fnt-servicios is-layout-flex\">\n<div class=\"wp-block-group fnt-servicios__item is-nowrap is-layout-flex wp-container-13\">\n<figure class=\"wp-block-image size-full\"><img decoding=\"async\" src=\"https:\/\/fontanals-solicitors.com\/wp-content\/uploads\/2023\/02\/tax_planning.svg\" alt=\"\" class=\"wp-image-226\"\/><\/figure>\n\n\n\n<div class=\"wp-block-group fnt-servicios__content is-vertical is-layout-flex wp-container-12\">\n<p class=\"fnt-servicios__title\"><strong>Planificaci\u00f3n Fiscal<\/strong><\/p>\n\n\n\n<p class=\"fnt-servicios__description\">Evaluamos como organizar tus impuestos asegurandonos de que la carga sea la menor posible.<\/p>\n<\/div>\n<\/div>\n\n\n\n<div class=\"wp-block-group fnt-servicios__item is-nowrap is-layout-flex wp-container-15\">\n<figure class=\"wp-block-image size-full\"><img decoding=\"async\" src=\"https:\/\/fontanals-solicitors.com\/wp-content\/uploads\/2023\/02\/tax_return.svg\" alt=\"\" class=\"wp-image-225\"\/><\/figure>\n\n\n\n<div class=\"wp-block-group fnt-servicios__content is-vertical is-layout-flex wp-container-14\">\n<p class=\"fnt-servicios__title\"><strong>Declaraci\u00f3n fiscal<\/strong><\/p>\n\n\n\n<p class=\"fnt-servicios__description\">Te ayudamos a preparar y presentar tu declaraci\u00f3n anualmente, asesor\u00e1ndote de la manera m\u00e1s eficiente para una situaci\u00f3n tributaria impecable.<\/p>\n<\/div>\n<\/div>\n\n\n\n<div class=\"wp-block-group fnt-servicios__item is-nowrap is-layout-flex wp-container-17\">\n<figure class=\"wp-block-image size-full\"><img decoding=\"async\" src=\"https:\/\/fontanals-solicitors.com\/wp-content\/uploads\/2023\/02\/taxes.svg\" alt=\"\" class=\"wp-image-224\"\/><\/figure>\n\n\n\n<div class=\"wp-block-group fnt-servicios__content is-vertical is-layout-flex wp-container-16\">\n<p class=\"fnt-servicios__title\"><strong>Impuesto de transmisi\u00f3n<\/strong><\/p>\n\n\n\n<p class=\"fnt-servicios__description\">Nos aseguramos de la eficiencia tributaria de la operaci\u00f3n de principio a fin.<\/p>\n<\/div>\n<\/div>\n\n\n\n<div class=\"wp-block-group fnt-servicios__item is-nowrap is-layout-flex wp-container-19\">\n<figure class=\"wp-block-image size-full\"><img decoding=\"async\" src=\"https:\/\/fontanals-solicitors.com\/wp-content\/uploads\/2023\/02\/donation-icon.svg\" alt=\"\" class=\"wp-image-82\"\/><\/figure>\n\n\n\n<div class=\"wp-block-group fnt-servicios__content is-vertical is-layout-flex wp-container-18\">\n<p class=\"fnt-servicios__title\"><strong>Impuesto de Donaci\u00f3n<\/strong><\/p>\n\n\n\n<p class=\"fnt-servicios__description\">Grava las entregas gratuitas de bienes muebles o inmuebles, te ayudaremos a encontrar la f\u00f3rmula optima para tus intereses.<\/p>\n<\/div>\n<\/div>\n\n\n\n<div class=\"wp-block-group fnt-servicios__item is-nowrap is-layout-flex wp-container-21\">\n<figure class=\"wp-block-image size-full\"><img decoding=\"async\" src=\"https:\/\/fontanals-solicitors.com\/wp-content\/uploads\/2023\/02\/local_tax.svg\" alt=\"\" class=\"wp-image-223\"\/><\/figure>\n\n\n\n<div class=\"wp-block-group fnt-servicios__content is-vertical is-layout-flex wp-container-20\">\n<p class=\"fnt-servicios__title\"><strong>Impuestos auton\u00f3micos y locales<\/strong><\/p>\n\n\n\n<p class=\"fnt-servicios__description\">Son los impuestos de las comunidades auton\u00f3micas y los ayuntamientos, te mantendremos informado en todo momento para que puedas planificarte.<\/p>\n<\/div>\n<\/div>\n\n\n\n<div class=\"wp-block-group fnt-servicios__item is-nowrap is-layout-flex wp-container-23\">\n<figure class=\"wp-block-image size-full\"><img decoding=\"async\" src=\"https:\/\/fontanals-solicitors.com\/wp-content\/uploads\/2023\/02\/ownership-icon.svg\" alt=\"\" class=\"wp-image-83\"\/><\/figure>\n\n\n\n<div class=\"wp-block-group fnt-servicios__content is-vertical is-layout-flex wp-container-22\">\n<p class=\"fnt-servicios__title\"><strong>Disoluci\u00f3n de bienes<\/strong><\/p>\n\n\n\n<p class=\"fnt-servicios__description\">Protegemos tus intereses durante el proceso completo asegur\u00e1ndonos de que el reparto satisface tus expectativas.<\/p>\n<\/div>\n<\/div>\n\n\n\n<div class=\"wp-block-group fnt-servicios__item is-nowrap is-layout-flex wp-container-25\">\n<figure class=\"wp-block-image size-full\"><img decoding=\"async\" src=\"https:\/\/fontanals-solicitors.com\/wp-content\/uploads\/2023\/02\/3refund.svg\" alt=\"\" class=\"wp-image-222\"\/><\/figure>\n\n\n\n<div class=\"wp-block-group fnt-servicios__content is-vertical is-layout-flex wp-container-24\">\n<p class=\"fnt-servicios__title\"><strong>Devoluci\u00f3n del 3%<\/strong><\/p>\n\n\n\n<p class=\"fnt-servicios__description\">Si el vendedor es no-residente y ha obtenido una ganancia patrimonial nula o inferior al 3% podr\u00e1 recuperar todo o parte de dicha cantidad.<\/p>\n<\/div>\n<\/div>\n<\/div>\n\n\n\n<div class=\"wp-block-columns fnt-main__group is-layout-flex wp-container-29\">\n<div class=\"wp-block-column fnt-main__group--begin fnt-main__group--span-4 is-layout-flow\" style=\"flex-basis:50%\">\n<h2 class=\"wp-block-heading\">Preguntas frecuentes<\/h2>\n<\/div>\n\n\n\n<div class=\"wp-block-column fnt-main__group--span-6 fnt-main__group--begin-mid is-layout-flow\" style=\"flex-basis:50%\">\n<details class=\"wp-block-fontanals-blocks-faq\"><summary class=\"question\"><h2>\u00bfTengo que pagar impuestos en Espa\u00f1a si soy propietario de una vivienda?<\/h2><img decoding=\"async\" src=\"data:image\/svg+xml;base64,PHN2ZyB4bWxucz0iaHR0cDovL3d3dy53My5vcmcvMjAwMC9zdmciIHdpZHRoPSIxMC44MiIgaGVpZ2h0PSI2LjU0MSIgdmlld0JveD0iMCAwIDEwLjgyIDYuNTQxIj4NCiAgPHBhdGggaWQ9ImFycm93LWRvd24iIGQ9Ik0xMC44MiwzLjIzOSw1LjQxLDguNjQ5LDAsMy4yMzksMS4xMzEsMi4xMDgsNS40MSw2LjM3LDkuNjcyLDIuMTA4WiIgdHJhbnNmb3JtPSJ0cmFuc2xhdGUoMCAtMi4xMDgpIi8+DQo8L3N2Zz4NCg==\" alt=\"Triangulo\"\/><\/summary><div class=\"answer\">\n<p>En Espa\u00f1a cualquier persona propietaria de una vivienda ha de pagar impuestos anuales.<\/p>\n\n\n\n<p>Los residentes:<\/p>\n\n\n\n<ul>\n<li>Impuesto sobre Bienes Inmuebles (IBI) <\/li>\n\n\n\n<li>Impuesto sobre la Renta <\/li>\n\n\n\n<li>Impuesto sobre las Ganancias de Capital<\/li>\n<\/ul>\n\n\n\n<p>Los no residentes:<\/p>\n\n\n\n<ul>\n<li>Impuesto sobre Bienes Inmuebles (IBI) <\/li>\n\n\n\n<li>Impuesto sobre la Renta de No Residentes.<\/li>\n<\/ul>\n<\/div><\/details>\n<\/div>\n<\/div>\n","protected":false},"excerpt":{"rendered":"<p>\u00bfC\u00f3mo podemos ayudarte? El sistema \ufb01scal espa\u00f1ol puede resultar bastante complicado, especialmente si eres extranjero y no estas familiarizado con ciertos conceptos. Como expertos en derecho fiscal, nos aseguraremos de que cumples con tus responsabilidades de la manera m\u00e1s eficiente y segura, garantizando que tus intereses est\u00e9n siempre cubiertos. \u00a1Pide tu cita! \u00bfQu\u00e9 impuestos he [&hellip;]<\/p>\n","protected":false},"author":2,"featured_media":310,"parent":0,"menu_order":0,"comment_status":"closed","ping_status":"closed","template":"","meta":[],"categories":[13],"yoast_head":"<!-- This site is optimized with the Yoast SEO plugin v21.4 - https:\/\/yoast.com\/wordpress\/plugins\/seo\/ -->\n<title>Fiscal - Real Estate Lawyers in Spain | Fontanals Solicitors<\/title>\n<meta name=\"robots\" content=\"index, follow, max-snippet:-1, max-image-preview:large, max-video-preview:-1\" \/>\n<link rel=\"canonical\" href=\"https:\/\/fontanals-solicitors.com\/es\/fiscal\/\" \/>\n<meta property=\"og:locale\" content=\"es_ES\" \/>\n<meta property=\"og:type\" content=\"article\" \/>\n<meta property=\"og:title\" content=\"Fiscal - Real Estate Lawyers in Spain | Fontanals Solicitors\" \/>\n<meta property=\"og:description\" content=\"\u00bfC\u00f3mo podemos ayudarte? El sistema \ufb01scal espa\u00f1ol puede resultar bastante complicado, especialmente si eres extranjero y no estas familiarizado con ciertos conceptos. Como expertos en derecho fiscal, nos aseguraremos de que cumples con tus responsabilidades de la manera m\u00e1s eficiente y segura, garantizando que tus intereses est\u00e9n siempre cubiertos. \u00a1Pide tu cita! \u00bfQu\u00e9 impuestos he [&hellip;]\" \/>\n<meta property=\"og:url\" content=\"https:\/\/fontanals-solicitors.com\/es\/fiscal\/\" \/>\n<meta property=\"og:site_name\" content=\"Real Estate Lawyers in Spain | Fontanals Solicitors\" \/>\n<meta property=\"article:modified_time\" content=\"2023-02-24T11:04:34+00:00\" \/>\n<meta property=\"og:image\" content=\"https:\/\/fontanals-solicitors.com\/wp-content\/uploads\/2023\/02\/tax-featured.jpg\" \/>\n\t<meta property=\"og:image:width\" content=\"1910\" \/>\n\t<meta property=\"og:image:height\" content=\"1276\" \/>\n\t<meta property=\"og:image:type\" content=\"image\/jpeg\" \/>\n<meta name=\"twitter:card\" content=\"summary_large_image\" \/>\n<meta name=\"twitter:label1\" content=\"Tiempo de lectura\" \/>\n\t<meta name=\"twitter:data1\" content=\"1 minuto\" \/>\n<script type=\"application\/ld+json\" class=\"yoast-schema-graph\">{\"@context\":\"https:\/\/schema.org\",\"@graph\":[{\"@type\":\"WebPage\",\"@id\":\"https:\/\/fontanals-solicitors.com\/es\/fiscal\/\",\"url\":\"https:\/\/fontanals-solicitors.com\/es\/fiscal\/\",\"name\":\"Fiscal - Real Estate Lawyers in Spain | Fontanals Solicitors\",\"isPartOf\":{\"@id\":\"https:\/\/fontanals-solicitors.com\/#website\"},\"datePublished\":\"2023-02-07T00:06:50+00:00\",\"dateModified\":\"2023-02-24T11:04:34+00:00\",\"breadcrumb\":{\"@id\":\"https:\/\/fontanals-solicitors.com\/es\/fiscal\/#breadcrumb\"},\"inLanguage\":\"es\",\"potentialAction\":[{\"@type\":\"ReadAction\",\"target\":[\"https:\/\/fontanals-solicitors.com\/es\/fiscal\/\"]}]},{\"@type\":\"BreadcrumbList\",\"@id\":\"https:\/\/fontanals-solicitors.com\/es\/fiscal\/#breadcrumb\",\"itemListElement\":[{\"@type\":\"ListItem\",\"position\":1,\"name\":\"Home\",\"item\":\"https:\/\/fontanals-solicitors.com\/es\/\"},{\"@type\":\"ListItem\",\"position\":2,\"name\":\"Fiscal\"}]},{\"@type\":\"WebSite\",\"@id\":\"https:\/\/fontanals-solicitors.com\/#website\",\"url\":\"https:\/\/fontanals-solicitors.com\/\",\"name\":\"Real Estate Lawyers in Spain | Fontanals Solicitors\",\"description\":\"\",\"publisher\":{\"@id\":\"https:\/\/fontanals-solicitors.com\/#organization\"},\"potentialAction\":[{\"@type\":\"SearchAction\",\"target\":{\"@type\":\"EntryPoint\",\"urlTemplate\":\"https:\/\/fontanals-solicitors.com\/?s={search_term_string}\"},\"query-input\":\"required name=search_term_string\"}],\"inLanguage\":\"es\"},{\"@type\":\"Organization\",\"@id\":\"https:\/\/fontanals-solicitors.com\/#organization\",\"name\":\"Fontanals Solicitors\",\"url\":\"https:\/\/fontanals-solicitors.com\/\",\"logo\":{\"@type\":\"ImageObject\",\"inLanguage\":\"es\",\"@id\":\"https:\/\/fontanals-solicitors.com\/#\/schema\/logo\/image\/\",\"url\":\"https:\/\/fontanals-solicitors.com\/wp-content\/uploads\/2023\/06\/LOGO-FONTANALS-SOLICITORS-1.png\",\"contentUrl\":\"https:\/\/fontanals-solicitors.com\/wp-content\/uploads\/2023\/06\/LOGO-FONTANALS-SOLICITORS-1.png\",\"width\":1507,\"height\":507,\"caption\":\"Fontanals Solicitors\"},\"image\":{\"@id\":\"https:\/\/fontanals-solicitors.com\/#\/schema\/logo\/image\/\"}}]}<\/script>\n<!-- \/ Yoast SEO plugin. -->","yoast_head_json":{"title":"Fiscal - Real Estate Lawyers in Spain | Fontanals Solicitors","robots":{"index":"index","follow":"follow","max-snippet":"max-snippet:-1","max-image-preview":"max-image-preview:large","max-video-preview":"max-video-preview:-1"},"canonical":"https:\/\/fontanals-solicitors.com\/es\/fiscal\/","og_locale":"es_ES","og_type":"article","og_title":"Fiscal - Real Estate Lawyers in Spain | Fontanals Solicitors","og_description":"\u00bfC\u00f3mo podemos ayudarte? El sistema \ufb01scal espa\u00f1ol puede resultar bastante complicado, especialmente si eres extranjero y no estas familiarizado con ciertos conceptos. Como expertos en derecho fiscal, nos aseguraremos de que cumples con tus responsabilidades de la manera m\u00e1s eficiente y segura, garantizando que tus intereses est\u00e9n siempre cubiertos. \u00a1Pide tu cita! \u00bfQu\u00e9 impuestos he [&hellip;]","og_url":"https:\/\/fontanals-solicitors.com\/es\/fiscal\/","og_site_name":"Real Estate Lawyers in Spain | Fontanals Solicitors","article_modified_time":"2023-02-24T11:04:34+00:00","og_image":[{"width":1910,"height":1276,"url":"https:\/\/fontanals-solicitors.com\/wp-content\/uploads\/2023\/02\/tax-featured.jpg","type":"image\/jpeg"}],"twitter_card":"summary_large_image","twitter_misc":{"Tiempo de lectura":"1 minuto"},"schema":{"@context":"https:\/\/schema.org","@graph":[{"@type":"WebPage","@id":"https:\/\/fontanals-solicitors.com\/es\/fiscal\/","url":"https:\/\/fontanals-solicitors.com\/es\/fiscal\/","name":"Fiscal - Real Estate Lawyers in Spain | Fontanals Solicitors","isPartOf":{"@id":"https:\/\/fontanals-solicitors.com\/#website"},"datePublished":"2023-02-07T00:06:50+00:00","dateModified":"2023-02-24T11:04:34+00:00","breadcrumb":{"@id":"https:\/\/fontanals-solicitors.com\/es\/fiscal\/#breadcrumb"},"inLanguage":"es","potentialAction":[{"@type":"ReadAction","target":["https:\/\/fontanals-solicitors.com\/es\/fiscal\/"]}]},{"@type":"BreadcrumbList","@id":"https:\/\/fontanals-solicitors.com\/es\/fiscal\/#breadcrumb","itemListElement":[{"@type":"ListItem","position":1,"name":"Home","item":"https:\/\/fontanals-solicitors.com\/es\/"},{"@type":"ListItem","position":2,"name":"Fiscal"}]},{"@type":"WebSite","@id":"https:\/\/fontanals-solicitors.com\/#website","url":"https:\/\/fontanals-solicitors.com\/","name":"Real Estate Lawyers in Spain | Fontanals Solicitors","description":"","publisher":{"@id":"https:\/\/fontanals-solicitors.com\/#organization"},"potentialAction":[{"@type":"SearchAction","target":{"@type":"EntryPoint","urlTemplate":"https:\/\/fontanals-solicitors.com\/?s={search_term_string}"},"query-input":"required name=search_term_string"}],"inLanguage":"es"},{"@type":"Organization","@id":"https:\/\/fontanals-solicitors.com\/#organization","name":"Fontanals Solicitors","url":"https:\/\/fontanals-solicitors.com\/","logo":{"@type":"ImageObject","inLanguage":"es","@id":"https:\/\/fontanals-solicitors.com\/#\/schema\/logo\/image\/","url":"https:\/\/fontanals-solicitors.com\/wp-content\/uploads\/2023\/06\/LOGO-FONTANALS-SOLICITORS-1.png","contentUrl":"https:\/\/fontanals-solicitors.com\/wp-content\/uploads\/2023\/06\/LOGO-FONTANALS-SOLICITORS-1.png","width":1507,"height":507,"caption":"Fontanals Solicitors"},"image":{"@id":"https:\/\/fontanals-solicitors.com\/#\/schema\/logo\/image\/"}}]}},"_links":{"self":[{"href":"https:\/\/fontanals-solicitors.com\/es\/wp-json\/wp\/v2\/pages\/436"}],"collection":[{"href":"https:\/\/fontanals-solicitors.com\/es\/wp-json\/wp\/v2\/pages"}],"about":[{"href":"https:\/\/fontanals-solicitors.com\/es\/wp-json\/wp\/v2\/types\/page"}],"author":[{"embeddable":true,"href":"https:\/\/fontanals-solicitors.com\/es\/wp-json\/wp\/v2\/users\/2"}],"replies":[{"embeddable":true,"href":"https:\/\/fontanals-solicitors.com\/es\/wp-json\/wp\/v2\/comments?post=436"}],"version-history":[{"count":11,"href":"https:\/\/fontanals-solicitors.com\/es\/wp-json\/wp\/v2\/pages\/436\/revisions"}],"predecessor-version":[{"id":669,"href":"https:\/\/fontanals-solicitors.com\/es\/wp-json\/wp\/v2\/pages\/436\/revisions\/669"}],"wp:featuredmedia":[{"embeddable":true,"href":"https:\/\/fontanals-solicitors.com\/es\/wp-json\/wp\/v2\/media\/310"}],"wp:attachment":[{"href":"https:\/\/fontanals-solicitors.com\/es\/wp-json\/wp\/v2\/media?parent=436"}],"wp:term":[{"taxonomy":"category","embeddable":true,"href":"https:\/\/fontanals-solicitors.com\/es\/wp-json\/wp\/v2\/categories?post=436"}],"curies":[{"name":"wp","href":"https:\/\/api.w.org\/{rel}","templated":true}]}}