{"id":452,"date":"2023-02-07T00:07:05","date_gmt":"2023-02-07T00:07:05","guid":{"rendered":"https:\/\/pre.fontanals-solicitors.com\/convenience\/"},"modified":"2023-02-24T11:04:09","modified_gmt":"2023-02-24T11:04:09","slug":"convenience","status":"publish","type":"page","link":"https:\/\/fontanals-solicitors.com\/es\/convenience\/","title":{"rendered":"Conveniencia+"},"content":{"rendered":"\n<div class=\"wp-block-columns fnt-main__group is-layout-flex wp-container-4\">\n<div class=\"wp-block-column fnt-main__group--begin fnt-main__group--span-4 is-layout-flow\" style=\"flex-basis:50%\">\n<h2 class=\"wp-block-heading\">Descubre todo lo que podemos hacer por ti<\/h2>\n<\/div>\n\n\n\n<div class=\"wp-block-column fnt-main__group--span-6 fnt-main__group--begin-mid is-layout-flow\" style=\"flex-basis:50%\">\n<div class=\"wp-block-group fnt-main__group-text-button is-vertical is-layout-flex wp-container-2\">\n<p class=\"fnt-main__group--begin fnt-main__group--span-6\">Por lo general, la interactuaci\u00f3n con la administraci\u00f3n p\u00fablica, nacional o extranjera resulta en un proceso burocr\u00e1tico complejo y lento. Como despacho especialista, nuestro trabajo incluye simpli\ufb01car esos procesos por ti, te encuentres en el extranjero o no, asegur\u00e1ndonos de resolver cualquier situaci\u00f3n de una manera e\ufb01ciente y segura.<\/p>\n\n\n\n<p class=\"fnt-main__button fnt-main__group--begin fnt-main__group--span-3\"><br><a href=\"https:\/\/fontanals-solicitors.com\/es\/contacto\/\">Solicita m\u00e1s informaci\u00f3n<\/a><\/p>\n<\/div>\n<\/div>\n<\/div>\n\n\n\n<div class=\"wp-block-columns fnt-main__group is-layout-flex wp-container-6\">\n<div class=\"wp-block-column fnt-main__group--begin fnt-main__group--span-4 is-layout-flow\" style=\"flex-basis:50%\">\n<h2 class=\"wp-block-heading\">\u00bfQu\u00e9 es y para qu\u00e9 sirve un poder notarial?<\/h2>\n<\/div>\n<\/div>\n\n\n\n<div class=\"wp-block-columns fnt-main__group-bg is-layout-flex wp-container-9\">\n<div class=\"wp-block-column is-layout-flow\" style=\"flex-basis:50%\">\n<p>Es un documento o\ufb01cial que re\ufb02eja la voluntad de una persona a autorizar y delegar en otra persona poder actuar en su nombre.<\/p>\n<\/div>\n\n\n\n<div class=\"wp-block-column is-layout-flow\" style=\"flex-basis:50%\">\n<p>Cuando se trata de un poder de car\u00e1cter general los efectos jur\u00eddicos son amplios. Si el otorgamiento es de un poder especial se limita a situaciones en particular.<br><br>Es especialmente \u00fatil para los no residentes en Espa\u00f1a, sobre todo durante el proceso de compra o venta de una casa, pero tiene muchos otros usos.<\/p>\n<\/div>\n<\/div>\n\n\n\n<div class=\"wp-block-columns fnt-main__group is-layout-flex wp-container-11\">\n<div class=\"wp-block-column fnt-main__group--begin fnt-main__group--span-4 is-layout-flow\" style=\"flex-basis:50%\">\n<h2 class=\"wp-block-heading\">SERVICIOS RELACIONADOS<\/h2>\n<\/div>\n<\/div>\n\n\n\n<div class=\"wp-block-group fnt-servicios is-layout-flex\">\n<div class=\"wp-block-group fnt-servicios__item is-nowrap is-layout-flex wp-container-13\">\n<figure class=\"wp-block-image size-full\"><img decoding=\"async\" src=\"https:\/\/fontanals-solicitors.com\/wp-content\/uploads\/2023\/02\/importacion.svg\" alt=\"\" class=\"wp-image-256\"\/><\/figure>\n\n\n\n<div class=\"wp-block-group fnt-servicios__content is-vertical is-layout-flex wp-container-12\">\n<p class=\"fnt-servicios__title\"><strong>Importaci\u00f3n de bienes<\/strong><\/p>\n\n\n\n<p class=\"fnt-servicios__description\">Te ayudamos con la documentaci\u00f3n espec\u00edfica e impuestos sobre las importaciones aplicando la legislaci\u00f3n vigente.<\/p>\n<\/div>\n<\/div>\n\n\n\n<div class=\"wp-block-group fnt-servicios__item is-nowrap is-layout-flex wp-container-15\">\n<figure class=\"wp-block-image size-full\"><img decoding=\"async\" src=\"https:\/\/fontanals-solicitors.com\/wp-content\/uploads\/2023\/02\/okupas.svg\" alt=\"\" class=\"wp-image-255\"\/><\/figure>\n\n\n\n<div class=\"wp-block-group fnt-servicios__content is-vertical is-layout-flex wp-container-14\">\n<p class=\"fnt-servicios__title\"><strong>Prevenci\u00f3n de Okupas<\/strong><\/p>\n\n\n\n<p class=\"fnt-servicios__description\">Aprovecha nuestra experiencia en el sector inmobiliario, te aconsejamos sobre las mejores medidas para prevenir la ocupaci\u00f3n de tu vivienda.<\/p>\n<\/div>\n<\/div>\n\n\n\n<div class=\"wp-block-group fnt-servicios__item is-nowrap is-layout-flex wp-container-17\">\n<figure class=\"wp-block-image size-full\"><img decoding=\"async\" src=\"https:\/\/fontanals-solicitors.com\/wp-content\/uploads\/2023\/02\/traduccion.svg\" alt=\"\" class=\"wp-image-254\"\/><\/figure>\n\n\n\n<div class=\"wp-block-group fnt-servicios__content is-vertical is-layout-flex wp-container-16\">\n<p class=\"fnt-servicios__title\"><strong>Traducci\u00f3n oficial<\/strong><\/p>\n\n\n\n<p class=\"fnt-servicios__description\">Te ofrecemos un servicio de traducci\u00f3n oficial, \u00e1gil y profesional en diversidad de idiomas.<\/p>\n<\/div>\n<\/div>\n\n\n\n<div class=\"wp-block-group fnt-servicios__item is-nowrap is-layout-flex wp-container-19\">\n<figure class=\"wp-block-image size-full\"><img decoding=\"async\" src=\"https:\/\/fontanals-solicitors.com\/wp-content\/uploads\/2023\/02\/energetico.svg\" alt=\"\" class=\"wp-image-253\"\/><\/figure>\n\n\n\n<div class=\"wp-block-group fnt-servicios__content is-vertical is-layout-flex wp-container-18\">\n<p class=\"fnt-servicios__title\"><strong>Certificado Energ\u00e9tico<\/strong><\/p>\n\n\n\n<p class=\"fnt-servicios__description\">Obt\u00e9n el documento oficial redactado por un t\u00e9cnico con la informaci\u00f3n objetiva sobre las caracter\u00edsticas energ\u00e9ticas de tu inmueble.<\/p>\n<\/div>\n<\/div>\n\n\n\n<div class=\"wp-block-group fnt-servicios__item is-nowrap is-layout-flex wp-container-21\">\n<figure class=\"wp-block-image size-full\"><img decoding=\"async\" src=\"https:\/\/fontanals-solicitors.com\/wp-content\/uploads\/2023\/02\/ampliacion.svg\" alt=\"\" class=\"wp-image-252\"\/><\/figure>\n\n\n\n<div class=\"wp-block-group fnt-servicios__content is-vertical is-layout-flex wp-container-20\">\n<p class=\"fnt-servicios__title\"><strong>Licencia de ampliaci\u00f3n<\/strong><\/p>\n\n\n\n<p class=\"fnt-servicios__description\">Deja en nuestras manos la gesti\u00f3n de la documentaci\u00f3n requerida para legalizar cualquier ampliaci\u00f3n \/ construcci\u00f3n en tu vivienda.<\/p>\n<\/div>\n<\/div>\n\n\n\n<div class=\"wp-block-group fnt-servicios__item is-nowrap is-layout-flex wp-container-23\">\n<figure class=\"wp-block-image size-full\"><img decoding=\"async\" src=\"https:\/\/fontanals-solicitors.com\/wp-content\/uploads\/2023\/02\/suministros.svg\" alt=\"\" class=\"wp-image-251\"\/><\/figure>\n\n\n\n<div class=\"wp-block-group fnt-servicios__content is-vertical is-layout-flex wp-container-22\">\n<p class=\"fnt-servicios__title\"><strong>Contrataci\u00f3n suministros<\/strong><\/p>\n\n\n\n<p class=\"fnt-servicios__description\">Realizamos el alta de los contratos con las empresas de suministros en las viviendas de obra nueva as\u00ed como el cambio de titularidad y domiciliaci\u00f3n bancaria en las viviendas existentes.<\/p>\n<\/div>\n<\/div>\n\n\n\n<div class=\"wp-block-group fnt-servicios__item is-nowrap is-layout-flex wp-container-25\">\n<figure class=\"wp-block-image size-full\"><img decoding=\"async\" src=\"https:\/\/fontanals-solicitors.com\/wp-content\/uploads\/2023\/02\/power-icon.svg\" alt=\"\" class=\"wp-image-84\"\/><\/figure>\n\n\n\n<div class=\"wp-block-group fnt-servicios__content is-vertical is-layout-flex wp-container-24\">\n<p class=\"fnt-servicios__title\"><strong>Seguros<\/strong><\/p>\n\n\n\n<p class=\"fnt-servicios__description\">Te facilitamos el acceso a presupuestos de diferentes compa\u00f1\u00edas aseguradoras incluyendo las coberturas que mejor se adapten a tus necesidades.<\/p>\n<\/div>\n<\/div>\n<\/div>\n\n\n\n<div class=\"wp-block-columns fnt-main__group is-layout-flex wp-container-29\">\n<div class=\"wp-block-column fnt-main__group--begin fnt-main__group--span-4 is-layout-flow\" style=\"flex-basis:50%\">\n<h2 class=\"wp-block-heading\">Preguntas frecuentes<\/h2>\n<\/div>\n\n\n\n<div class=\"wp-block-column fnt-main__group--span-6 fnt-main__group--begin-mid is-layout-flow\" style=\"flex-basis:50%\">\n<details class=\"wp-block-fontanals-blocks-faq\"><summary class=\"question\"><h2>\u00bfQu\u00e9 facultades son comunes incluir en un poder notarial en la compra de una vivienda?<\/h2><img decoding=\"async\" src=\"data:image\/svg+xml;base64,PHN2ZyB4bWxucz0iaHR0cDovL3d3dy53My5vcmcvMjAwMC9zdmciIHdpZHRoPSIxMC44MiIgaGVpZ2h0PSI2LjU0MSIgdmlld0JveD0iMCAwIDEwLjgyIDYuNTQxIj4NCiAgPHBhdGggaWQ9ImFycm93LWRvd24iIGQ9Ik0xMC44MiwzLjIzOSw1LjQxLDguNjQ5LDAsMy4yMzksMS4xMzEsMi4xMDgsNS40MSw2LjM3LDkuNjcyLDIuMTA4WiIgdHJhbnNmb3JtPSJ0cmFuc2xhdGUoMCAtMi4xMDgpIi8+DQo8L3N2Zz4NCg==\" alt=\"Triangulo\"\/><\/summary><div class=\"answer\">\n<ol>\n<li>Representar a qui\u00e9n otorga el poder en la obtenci\u00f3n del NIE (n\u00famero de identificaci\u00f3n para extranjeros) ante la polic\u00eda espa\u00f1ola.&nbsp;<\/li>\n\n\n\n<li>Mantener en tu nombre con la mayor eficacia las relaciones con la parte vendedora (promotor o propietario).<\/li>\n\n\n\n<li>Pagar los impuestos en tu nombre salvaguardando siempre tus intereses frente a la administraci\u00f3n tributaria como tus representantes fiscales.<\/li>\n\n\n\n<li>Reclamar y defender tu posici\u00f3n frente a la administraci\u00f3n p\u00fablica ante notificaciones y requerimientos, siguiendo cualquier proceso administrativo para obtener el resultado m\u00e1s ventajoso.<\/li>\n\n\n\n<li>Actuar como tu representante fiscal en Espa\u00f1a a los efectos exigidos por la ley.<\/li>\n\n\n\n<li>Abrir y seguir cuentas bancarias en tu ausencia manteni\u00e9ndola activa y siempre bajo tus instrucciones.<\/li>\n\n\n\n<li>Comparecer ante las notar\u00edas y los registros de la propiedad para cubrir cualquier necesidad durante el proceso de compra o con posterioridad al mismo.<\/li>\n<\/ol>\n<\/div><\/details>\n<\/div>\n<\/div>\n","protected":false},"excerpt":{"rendered":"<p>Descubre todo lo que podemos hacer por ti Por lo general, la interactuaci\u00f3n con la administraci\u00f3n p\u00fablica, nacional o extranjera resulta en un proceso burocr\u00e1tico complejo y lento. Como despacho especialista, nuestro trabajo incluye simpli\ufb01car esos procesos por ti, te encuentres en el extranjero o no, asegur\u00e1ndonos de resolver cualquier situaci\u00f3n de una manera e\ufb01ciente [&hellip;]<\/p>\n","protected":false},"author":2,"featured_media":311,"parent":0,"menu_order":0,"comment_status":"closed","ping_status":"closed","template":"","meta":[],"categories":[13],"yoast_head":"<!-- This site is optimized with the Yoast SEO plugin v21.4 - https:\/\/yoast.com\/wordpress\/plugins\/seo\/ -->\n<title>Conveniencia+ - Real Estate Lawyers in Spain | Fontanals Solicitors<\/title>\n<meta name=\"robots\" content=\"index, follow, max-snippet:-1, max-image-preview:large, max-video-preview:-1\" \/>\n<link rel=\"canonical\" href=\"https:\/\/fontanals-solicitors.com\/es\/convenience\/\" \/>\n<meta property=\"og:locale\" content=\"es_ES\" \/>\n<meta property=\"og:type\" content=\"article\" \/>\n<meta property=\"og:title\" content=\"Conveniencia+ - Real Estate Lawyers in Spain | Fontanals Solicitors\" \/>\n<meta property=\"og:description\" content=\"Descubre todo lo que podemos hacer por ti Por lo general, la interactuaci\u00f3n con la administraci\u00f3n p\u00fablica, nacional o extranjera resulta en un proceso burocr\u00e1tico complejo y lento. Como despacho especialista, nuestro trabajo incluye simpli\ufb01car esos procesos por ti, te encuentres en el extranjero o no, asegur\u00e1ndonos de resolver cualquier situaci\u00f3n de una manera e\ufb01ciente [&hellip;]\" \/>\n<meta property=\"og:url\" content=\"https:\/\/fontanals-solicitors.com\/es\/convenience\/\" \/>\n<meta property=\"og:site_name\" content=\"Real Estate Lawyers in Spain | Fontanals Solicitors\" \/>\n<meta property=\"article:modified_time\" content=\"2023-02-24T11:04:09+00:00\" \/>\n<meta property=\"og:image\" content=\"https:\/\/fontanals-solicitors.com\/wp-content\/uploads\/2023\/02\/convenience-featured.jpg\" \/>\n\t<meta property=\"og:image:width\" content=\"2000\" \/>\n\t<meta property=\"og:image:height\" content=\"1336\" \/>\n\t<meta property=\"og:image:type\" content=\"image\/jpeg\" \/>\n<meta name=\"twitter:card\" content=\"summary_large_image\" \/>\n<meta name=\"twitter:label1\" content=\"Tiempo de lectura\" \/>\n\t<meta name=\"twitter:data1\" content=\"3 minutos\" \/>\n<script type=\"application\/ld+json\" class=\"yoast-schema-graph\">{\"@context\":\"https:\/\/schema.org\",\"@graph\":[{\"@type\":\"WebPage\",\"@id\":\"https:\/\/fontanals-solicitors.com\/es\/convenience\/\",\"url\":\"https:\/\/fontanals-solicitors.com\/es\/convenience\/\",\"name\":\"Conveniencia+ - Real Estate Lawyers in Spain | Fontanals Solicitors\",\"isPartOf\":{\"@id\":\"https:\/\/fontanals-solicitors.com\/#website\"},\"datePublished\":\"2023-02-07T00:07:05+00:00\",\"dateModified\":\"2023-02-24T11:04:09+00:00\",\"breadcrumb\":{\"@id\":\"https:\/\/fontanals-solicitors.com\/es\/convenience\/#breadcrumb\"},\"inLanguage\":\"es\",\"potentialAction\":[{\"@type\":\"ReadAction\",\"target\":[\"https:\/\/fontanals-solicitors.com\/es\/convenience\/\"]}]},{\"@type\":\"BreadcrumbList\",\"@id\":\"https:\/\/fontanals-solicitors.com\/es\/convenience\/#breadcrumb\",\"itemListElement\":[{\"@type\":\"ListItem\",\"position\":1,\"name\":\"Home\",\"item\":\"https:\/\/fontanals-solicitors.com\/es\/\"},{\"@type\":\"ListItem\",\"position\":2,\"name\":\"Conveniencia+\"}]},{\"@type\":\"WebSite\",\"@id\":\"https:\/\/fontanals-solicitors.com\/#website\",\"url\":\"https:\/\/fontanals-solicitors.com\/\",\"name\":\"Real Estate Lawyers in Spain | Fontanals Solicitors\",\"description\":\"\",\"publisher\":{\"@id\":\"https:\/\/fontanals-solicitors.com\/#organization\"},\"potentialAction\":[{\"@type\":\"SearchAction\",\"target\":{\"@type\":\"EntryPoint\",\"urlTemplate\":\"https:\/\/fontanals-solicitors.com\/?s={search_term_string}\"},\"query-input\":\"required name=search_term_string\"}],\"inLanguage\":\"es\"},{\"@type\":\"Organization\",\"@id\":\"https:\/\/fontanals-solicitors.com\/#organization\",\"name\":\"Fontanals Solicitors\",\"url\":\"https:\/\/fontanals-solicitors.com\/\",\"logo\":{\"@type\":\"ImageObject\",\"inLanguage\":\"es\",\"@id\":\"https:\/\/fontanals-solicitors.com\/#\/schema\/logo\/image\/\",\"url\":\"https:\/\/fontanals-solicitors.com\/wp-content\/uploads\/2023\/06\/LOGO-FONTANALS-SOLICITORS-1.png\",\"contentUrl\":\"https:\/\/fontanals-solicitors.com\/wp-content\/uploads\/2023\/06\/LOGO-FONTANALS-SOLICITORS-1.png\",\"width\":1507,\"height\":507,\"caption\":\"Fontanals Solicitors\"},\"image\":{\"@id\":\"https:\/\/fontanals-solicitors.com\/#\/schema\/logo\/image\/\"}}]}<\/script>\n<!-- \/ Yoast SEO plugin. -->","yoast_head_json":{"title":"Conveniencia+ - Real Estate Lawyers in Spain | Fontanals Solicitors","robots":{"index":"index","follow":"follow","max-snippet":"max-snippet:-1","max-image-preview":"max-image-preview:large","max-video-preview":"max-video-preview:-1"},"canonical":"https:\/\/fontanals-solicitors.com\/es\/convenience\/","og_locale":"es_ES","og_type":"article","og_title":"Conveniencia+ - Real Estate Lawyers in Spain | Fontanals Solicitors","og_description":"Descubre todo lo que podemos hacer por ti Por lo general, la interactuaci\u00f3n con la administraci\u00f3n p\u00fablica, nacional o extranjera resulta en un proceso burocr\u00e1tico complejo y lento. Como despacho especialista, nuestro trabajo incluye simpli\ufb01car esos procesos por ti, te encuentres en el extranjero o no, asegur\u00e1ndonos de resolver cualquier situaci\u00f3n de una manera e\ufb01ciente [&hellip;]","og_url":"https:\/\/fontanals-solicitors.com\/es\/convenience\/","og_site_name":"Real Estate Lawyers in Spain | Fontanals Solicitors","article_modified_time":"2023-02-24T11:04:09+00:00","og_image":[{"width":2000,"height":1336,"url":"https:\/\/fontanals-solicitors.com\/wp-content\/uploads\/2023\/02\/convenience-featured.jpg","type":"image\/jpeg"}],"twitter_card":"summary_large_image","twitter_misc":{"Tiempo de lectura":"3 minutos"},"schema":{"@context":"https:\/\/schema.org","@graph":[{"@type":"WebPage","@id":"https:\/\/fontanals-solicitors.com\/es\/convenience\/","url":"https:\/\/fontanals-solicitors.com\/es\/convenience\/","name":"Conveniencia+ - Real Estate Lawyers in Spain | Fontanals Solicitors","isPartOf":{"@id":"https:\/\/fontanals-solicitors.com\/#website"},"datePublished":"2023-02-07T00:07:05+00:00","dateModified":"2023-02-24T11:04:09+00:00","breadcrumb":{"@id":"https:\/\/fontanals-solicitors.com\/es\/convenience\/#breadcrumb"},"inLanguage":"es","potentialAction":[{"@type":"ReadAction","target":["https:\/\/fontanals-solicitors.com\/es\/convenience\/"]}]},{"@type":"BreadcrumbList","@id":"https:\/\/fontanals-solicitors.com\/es\/convenience\/#breadcrumb","itemListElement":[{"@type":"ListItem","position":1,"name":"Home","item":"https:\/\/fontanals-solicitors.com\/es\/"},{"@type":"ListItem","position":2,"name":"Conveniencia+"}]},{"@type":"WebSite","@id":"https:\/\/fontanals-solicitors.com\/#website","url":"https:\/\/fontanals-solicitors.com\/","name":"Real Estate Lawyers in Spain | Fontanals Solicitors","description":"","publisher":{"@id":"https:\/\/fontanals-solicitors.com\/#organization"},"potentialAction":[{"@type":"SearchAction","target":{"@type":"EntryPoint","urlTemplate":"https:\/\/fontanals-solicitors.com\/?s={search_term_string}"},"query-input":"required name=search_term_string"}],"inLanguage":"es"},{"@type":"Organization","@id":"https:\/\/fontanals-solicitors.com\/#organization","name":"Fontanals Solicitors","url":"https:\/\/fontanals-solicitors.com\/","logo":{"@type":"ImageObject","inLanguage":"es","@id":"https:\/\/fontanals-solicitors.com\/#\/schema\/logo\/image\/","url":"https:\/\/fontanals-solicitors.com\/wp-content\/uploads\/2023\/06\/LOGO-FONTANALS-SOLICITORS-1.png","contentUrl":"https:\/\/fontanals-solicitors.com\/wp-content\/uploads\/2023\/06\/LOGO-FONTANALS-SOLICITORS-1.png","width":1507,"height":507,"caption":"Fontanals Solicitors"},"image":{"@id":"https:\/\/fontanals-solicitors.com\/#\/schema\/logo\/image\/"}}]}},"_links":{"self":[{"href":"https:\/\/fontanals-solicitors.com\/es\/wp-json\/wp\/v2\/pages\/452"}],"collection":[{"href":"https:\/\/fontanals-solicitors.com\/es\/wp-json\/wp\/v2\/pages"}],"about":[{"href":"https:\/\/fontanals-solicitors.com\/es\/wp-json\/wp\/v2\/types\/page"}],"author":[{"embeddable":true,"href":"https:\/\/fontanals-solicitors.com\/es\/wp-json\/wp\/v2\/users\/2"}],"replies":[{"embeddable":true,"href":"https:\/\/fontanals-solicitors.com\/es\/wp-json\/wp\/v2\/comments?post=452"}],"version-history":[{"count":7,"href":"https:\/\/fontanals-solicitors.com\/es\/wp-json\/wp\/v2\/pages\/452\/revisions"}],"predecessor-version":[{"id":668,"href":"https:\/\/fontanals-solicitors.com\/es\/wp-json\/wp\/v2\/pages\/452\/revisions\/668"}],"wp:featuredmedia":[{"embeddable":true,"href":"https:\/\/fontanals-solicitors.com\/es\/wp-json\/wp\/v2\/media\/311"}],"wp:attachment":[{"href":"https:\/\/fontanals-solicitors.com\/es\/wp-json\/wp\/v2\/media?parent=452"}],"wp:term":[{"taxonomy":"category","embeddable":true,"href":"https:\/\/fontanals-solicitors.com\/es\/wp-json\/wp\/v2\/categories?post=452"}],"curies":[{"name":"wp","href":"https:\/\/api.w.org\/{rel}","templated":true}]}}