{"id":1034,"date":"2023-11-19T23:27:15","date_gmt":"2023-11-19T23:27:15","guid":{"rendered":"https:\/\/fontanals-solicitors.com\/blog\/"},"modified":"2023-11-29T14:44:09","modified_gmt":"2023-11-29T14:44:09","slug":"blog","status":"publish","type":"page","link":"https:\/\/fontanals-solicitors.com\/fr\/blog\/","title":{"rendered":"Articles et guides"},"content":{"rendered":"\n<div class=\"wp-block-group fnt-card is-nowrap is-layout-flex wp-container-4\">\n<figure class=\"wp-block-gallery has-nested-images columns-default is-cropped wp-block-gallery-1 is-layout-flex\">\n<figure class=\"wp-block-image size-full fnt-figure\"><img decoding=\"async\" loading=\"lazy\" width=\"1000\" height=\"668\" src=\"https:\/\/fontanals-solicitors.com\/wp-content\/uploads\/2023\/05\/manos-hombre-irreconocible-videollamadao.webp\" alt=\"\" class=\"wp-image-689\"\/><\/figure>\n<\/figure>\n\n\n\n<div class=\"wp-block-group fnt-card__content is-vertical is-layout-flex wp-container-3\">\n<h2 class=\"wp-block-heading fnt-card__content-title\">Guide rapide : Comment acheter un logement en tant qu&rsquo;\u00e9tranger.<\/h2>\n\n\n\n<p>Ce guide vous fournira un cheminement clair et structur\u00e9 pour rendre votre exp\u00e9rience d\u2019achat aussi fluide et positive que possible. Si vous avez des questions, n\u2019h\u00e9sitez pas \u00e0 nous contacter pour obtenir des conseils personnalis\u00e9s.<\/p>\n\n\n\n<p><a href=\"https:\/\/fontanals-solicitors.com\/fr\/how-to-buy-a-house-in-spain-as-a-foreigner\/\" target=\"_blank\" rel=\"noreferrer noopener nofollow\">Plus d&rsquo;informations<\/a><\/p>\n<\/div>\n<\/div>\n","protected":false},"excerpt":{"rendered":"<p>Guide rapide : Comment acheter un logement en tant qu&rsquo;\u00e9tranger. Ce guide vous fournira un cheminement clair et structur\u00e9 pour rendre votre exp\u00e9rience d\u2019achat aussi fluide et positive que possible. Si vous avez des questions, n\u2019h\u00e9sitez pas \u00e0 nous contacter pour obtenir des conseils personnalis\u00e9s. Plus d&rsquo;informations<\/p>\n","protected":false},"author":5,"featured_media":996,"parent":0,"menu_order":0,"comment_status":"closed","ping_status":"closed","template":"","meta":[],"categories":[],"yoast_head":"<!-- This site is optimized with the Yoast SEO plugin v21.4 - https:\/\/yoast.com\/wordpress\/plugins\/seo\/ -->\n<title>Articles et guides - Real Estate Lawyers in Spain | Fontanals Solicitors<\/title>\n<meta name=\"robots\" content=\"index, follow, max-snippet:-1, max-image-preview:large, max-video-preview:-1\" \/>\n<link rel=\"canonical\" href=\"https:\/\/fontanals-solicitors.com\/fr\/blog\/\" \/>\n<meta property=\"og:locale\" content=\"fr_FR\" \/>\n<meta property=\"og:type\" content=\"article\" \/>\n<meta property=\"og:title\" content=\"Articles et guides - Real Estate Lawyers in Spain | Fontanals Solicitors\" \/>\n<meta property=\"og:description\" content=\"Guide rapide : Comment acheter un logement en tant qu&rsquo;\u00e9tranger. Ce guide vous fournira un cheminement clair et structur\u00e9 pour rendre votre exp\u00e9rience d\u2019achat aussi fluide et positive que possible. Si vous avez des questions, n\u2019h\u00e9sitez pas \u00e0 nous contacter pour obtenir des conseils personnalis\u00e9s. Plus d&rsquo;informations\" \/>\n<meta property=\"og:url\" content=\"https:\/\/fontanals-solicitors.com\/fr\/blog\/\" \/>\n<meta property=\"og:site_name\" content=\"Real Estate Lawyers in Spain | Fontanals Solicitors\" \/>\n<meta property=\"article:modified_time\" content=\"2023-11-29T14:44:09+00:00\" \/>\n<meta property=\"og:image\" content=\"https:\/\/fontanals-solicitors.com\/wp-content\/uploads\/2023\/11\/Guia-rapida.jpg\" \/>\n\t<meta property=\"og:image:width\" content=\"1920\" \/>\n\t<meta property=\"og:image:height\" content=\"1080\" \/>\n\t<meta property=\"og:image:type\" content=\"image\/jpeg\" \/>\n<meta name=\"twitter:card\" content=\"summary_large_image\" \/>\n<meta name=\"twitter:label1\" content=\"Dur\u00e9e de lecture estim\u00e9e\" \/>\n\t<meta name=\"twitter:data1\" content=\"1 minute\" \/>\n<script type=\"application\/ld+json\" class=\"yoast-schema-graph\">{\"@context\":\"https:\/\/schema.org\",\"@graph\":[{\"@type\":\"WebPage\",\"@id\":\"https:\/\/fontanals-solicitors.com\/fr\/blog\/\",\"url\":\"https:\/\/fontanals-solicitors.com\/fr\/blog\/\",\"name\":\"Articles et guides - Real Estate Lawyers in Spain | Fontanals Solicitors\",\"isPartOf\":{\"@id\":\"https:\/\/fontanals-solicitors.com\/#website\"},\"datePublished\":\"2023-11-19T23:27:15+00:00\",\"dateModified\":\"2023-11-29T14:44:09+00:00\",\"breadcrumb\":{\"@id\":\"https:\/\/fontanals-solicitors.com\/fr\/blog\/#breadcrumb\"},\"inLanguage\":\"fr-FR\",\"potentialAction\":[{\"@type\":\"ReadAction\",\"target\":[\"https:\/\/fontanals-solicitors.com\/fr\/blog\/\"]}]},{\"@type\":\"BreadcrumbList\",\"@id\":\"https:\/\/fontanals-solicitors.com\/fr\/blog\/#breadcrumb\",\"itemListElement\":[{\"@type\":\"ListItem\",\"position\":1,\"name\":\"Home\",\"item\":\"https:\/\/fontanals-solicitors.com\/fr\/\"},{\"@type\":\"ListItem\",\"position\":2,\"name\":\"Articles et guides\"}]},{\"@type\":\"WebSite\",\"@id\":\"https:\/\/fontanals-solicitors.com\/#website\",\"url\":\"https:\/\/fontanals-solicitors.com\/\",\"name\":\"Real Estate Lawyers in Spain | Fontanals Solicitors\",\"description\":\"\",\"publisher\":{\"@id\":\"https:\/\/fontanals-solicitors.com\/#organization\"},\"potentialAction\":[{\"@type\":\"SearchAction\",\"target\":{\"@type\":\"EntryPoint\",\"urlTemplate\":\"https:\/\/fontanals-solicitors.com\/?s={search_term_string}\"},\"query-input\":\"required name=search_term_string\"}],\"inLanguage\":\"fr-FR\"},{\"@type\":\"Organization\",\"@id\":\"https:\/\/fontanals-solicitors.com\/#organization\",\"name\":\"Fontanals Solicitors\",\"url\":\"https:\/\/fontanals-solicitors.com\/\",\"logo\":{\"@type\":\"ImageObject\",\"inLanguage\":\"fr-FR\",\"@id\":\"https:\/\/fontanals-solicitors.com\/#\/schema\/logo\/image\/\",\"url\":\"https:\/\/fontanals-solicitors.com\/wp-content\/uploads\/2023\/06\/LOGO-FONTANALS-SOLICITORS-1.png\",\"contentUrl\":\"https:\/\/fontanals-solicitors.com\/wp-content\/uploads\/2023\/06\/LOGO-FONTANALS-SOLICITORS-1.png\",\"width\":1507,\"height\":507,\"caption\":\"Fontanals Solicitors\"},\"image\":{\"@id\":\"https:\/\/fontanals-solicitors.com\/#\/schema\/logo\/image\/\"}}]}<\/script>\n<!-- \/ Yoast SEO plugin. -->","yoast_head_json":{"title":"Articles et guides - Real Estate Lawyers in Spain | Fontanals Solicitors","robots":{"index":"index","follow":"follow","max-snippet":"max-snippet:-1","max-image-preview":"max-image-preview:large","max-video-preview":"max-video-preview:-1"},"canonical":"https:\/\/fontanals-solicitors.com\/fr\/blog\/","og_locale":"fr_FR","og_type":"article","og_title":"Articles et guides - Real Estate Lawyers in Spain | Fontanals Solicitors","og_description":"Guide rapide : Comment acheter un logement en tant qu&rsquo;\u00e9tranger. Ce guide vous fournira un cheminement clair et structur\u00e9 pour rendre votre exp\u00e9rience d\u2019achat aussi fluide et positive que possible. Si vous avez des questions, n\u2019h\u00e9sitez pas \u00e0 nous contacter pour obtenir des conseils personnalis\u00e9s. Plus d&rsquo;informations","og_url":"https:\/\/fontanals-solicitors.com\/fr\/blog\/","og_site_name":"Real Estate Lawyers in Spain | Fontanals Solicitors","article_modified_time":"2023-11-29T14:44:09+00:00","og_image":[{"width":1920,"height":1080,"url":"https:\/\/fontanals-solicitors.com\/wp-content\/uploads\/2023\/11\/Guia-rapida.jpg","type":"image\/jpeg"}],"twitter_card":"summary_large_image","twitter_misc":{"Dur\u00e9e de lecture estim\u00e9e":"1 minute"},"schema":{"@context":"https:\/\/schema.org","@graph":[{"@type":"WebPage","@id":"https:\/\/fontanals-solicitors.com\/fr\/blog\/","url":"https:\/\/fontanals-solicitors.com\/fr\/blog\/","name":"Articles et guides - Real Estate Lawyers in Spain | Fontanals Solicitors","isPartOf":{"@id":"https:\/\/fontanals-solicitors.com\/#website"},"datePublished":"2023-11-19T23:27:15+00:00","dateModified":"2023-11-29T14:44:09+00:00","breadcrumb":{"@id":"https:\/\/fontanals-solicitors.com\/fr\/blog\/#breadcrumb"},"inLanguage":"fr-FR","potentialAction":[{"@type":"ReadAction","target":["https:\/\/fontanals-solicitors.com\/fr\/blog\/"]}]},{"@type":"BreadcrumbList","@id":"https:\/\/fontanals-solicitors.com\/fr\/blog\/#breadcrumb","itemListElement":[{"@type":"ListItem","position":1,"name":"Home","item":"https:\/\/fontanals-solicitors.com\/fr\/"},{"@type":"ListItem","position":2,"name":"Articles et guides"}]},{"@type":"WebSite","@id":"https:\/\/fontanals-solicitors.com\/#website","url":"https:\/\/fontanals-solicitors.com\/","name":"Real Estate Lawyers in Spain | Fontanals Solicitors","description":"","publisher":{"@id":"https:\/\/fontanals-solicitors.com\/#organization"},"potentialAction":[{"@type":"SearchAction","target":{"@type":"EntryPoint","urlTemplate":"https:\/\/fontanals-solicitors.com\/?s={search_term_string}"},"query-input":"required name=search_term_string"}],"inLanguage":"fr-FR"},{"@type":"Organization","@id":"https:\/\/fontanals-solicitors.com\/#organization","name":"Fontanals Solicitors","url":"https:\/\/fontanals-solicitors.com\/","logo":{"@type":"ImageObject","inLanguage":"fr-FR","@id":"https:\/\/fontanals-solicitors.com\/#\/schema\/logo\/image\/","url":"https:\/\/fontanals-solicitors.com\/wp-content\/uploads\/2023\/06\/LOGO-FONTANALS-SOLICITORS-1.png","contentUrl":"https:\/\/fontanals-solicitors.com\/wp-content\/uploads\/2023\/06\/LOGO-FONTANALS-SOLICITORS-1.png","width":1507,"height":507,"caption":"Fontanals Solicitors"},"image":{"@id":"https:\/\/fontanals-solicitors.com\/#\/schema\/logo\/image\/"}}]}},"_links":{"self":[{"href":"https:\/\/fontanals-solicitors.com\/fr\/wp-json\/wp\/v2\/pages\/1034"}],"collection":[{"href":"https:\/\/fontanals-solicitors.com\/fr\/wp-json\/wp\/v2\/pages"}],"about":[{"href":"https:\/\/fontanals-solicitors.com\/fr\/wp-json\/wp\/v2\/types\/page"}],"author":[{"embeddable":true,"href":"https:\/\/fontanals-solicitors.com\/fr\/wp-json\/wp\/v2\/users\/5"}],"replies":[{"embeddable":true,"href":"https:\/\/fontanals-solicitors.com\/fr\/wp-json\/wp\/v2\/comments?post=1034"}],"version-history":[{"count":2,"href":"https:\/\/fontanals-solicitors.com\/fr\/wp-json\/wp\/v2\/pages\/1034\/revisions"}],"predecessor-version":[{"id":1089,"href":"https:\/\/fontanals-solicitors.com\/fr\/wp-json\/wp\/v2\/pages\/1034\/revisions\/1089"}],"wp:featuredmedia":[{"embeddable":true,"href":"https:\/\/fontanals-solicitors.com\/fr\/wp-json\/wp\/v2\/media\/996"}],"wp:attachment":[{"href":"https:\/\/fontanals-solicitors.com\/fr\/wp-json\/wp\/v2\/media?parent=1034"}],"wp:term":[{"taxonomy":"category","embeddable":true,"href":"https:\/\/fontanals-solicitors.com\/fr\/wp-json\/wp\/v2\/categories?post=1034"}],"curies":[{"name":"wp","href":"https:\/\/api.w.org\/{rel}","templated":true}]}}