{"id":876,"date":"2023-02-07T00:04:07","date_gmt":"2023-02-07T00:04:07","guid":{"rendered":"https:\/\/fontanals-solicitors.com\/about-us\/"},"modified":"2023-10-09T16:59:32","modified_gmt":"2023-10-09T16:59:32","slug":"about-us","status":"publish","type":"page","link":"https:\/\/fontanals-solicitors.com\/fr\/about-us\/","title":{"rendered":"\u00c0 propos de nous"},"content":{"rendered":"\n<div class=\"wp-block-group ftn-main__cta is-nowrap is-layout-flex wp-container-2\">\n<div class=\"wp-block-group fnt-main__cta-content is-vertical is-layout-flex wp-container-1\">\n<h2 class=\"wp-block-heading\"><strong>\u00ab\u00a0Nous pensons que les services juridiques doivent \u00eatre simples, personnels et accessibles\u00a0\u00bb<\/strong><\/h2>\n\n\n\n<p><\/p>\n\n\n\n<p class=\"fnt-main__button\"><a data-type=\"page\" data-id=\"19\" href=\"https:\/\/fontanals-solicitors.com\/contact\/\">Planifier une consultation gratuite<\/a><\/p>\n<\/div>\n\n\n\n<figure class=\"wp-block-image size-full fnt-main__cta-img\"><img decoding=\"async\" loading=\"lazy\" width=\"820\" height=\"547\" src=\"https:\/\/fontanals-solicitors.com\/wp-content\/uploads\/2023\/02\/cta-home.jpg\" alt=\"\" class=\"wp-image-63\" srcset=\"https:\/\/fontanals-solicitors.com\/wp-content\/uploads\/2023\/02\/cta-home.jpg 820w, https:\/\/fontanals-solicitors.com\/wp-content\/uploads\/2023\/02\/cta-home-300x200.jpg 300w, https:\/\/fontanals-solicitors.com\/wp-content\/uploads\/2023\/02\/cta-home-768x512.jpg 768w\" sizes=\"(max-width: 820px) 100vw, 820px\" \/><\/figure>\n<\/div>\n\n\n\n<div class=\"wp-block-group fnt-card-title-img-text-container is-vertical is-layout-flex wp-container-11\">\n<div class=\"wp-block-group fnt-card-title-img-text fnt-background--blue-100 is-vertical is-layout-flex wp-container-4\">\n<div class=\"wp-block-group fnt-card-intro is-nowrap is-layout-flex wp-container-3\">\n<p class=\"fnt-card-title fnt-text-large\">Culture<\/p>\n\n\n\n<figure class=\"wp-block-image size-full fnt-card-img\"><img decoding=\"async\" loading=\"lazy\" width=\"400\" height=\"267\" src=\"https:\/\/fontanals-solicitors.com\/wp-content\/uploads\/2023\/02\/about-us-culture.jpg\" alt=\"\" class=\"wp-image-283\" srcset=\"https:\/\/fontanals-solicitors.com\/wp-content\/uploads\/2023\/02\/about-us-culture.jpg 400w, https:\/\/fontanals-solicitors.com\/wp-content\/uploads\/2023\/02\/about-us-culture-300x200.jpg 300w\" sizes=\"(max-width: 400px) 100vw, 400px\" \/><\/figure>\n<\/div>\n\n\n\n<p class=\"fnt-card-description\">Nous avons \u00e0 c\u0153ur d&rsquo;\u00eatre aux c\u00f4t\u00e9s de nos clients, \u00e0 chaque \u00e9tape de leur parcours. Nous comprenons l&rsquo;importance d&rsquo;\u00eatre proches et disponibles pour r\u00e9pondre \u00e0 vos doutes ou \u00e0 vos questions. Nous prenons le temps de comprendre vos besoins uniques et nous vous fournissons des solutions juridiques sur mesure.<\/p>\n<\/div>\n\n\n\n<div class=\"wp-block-group fnt-card-title-img-text fnt-background--blue-200 is-vertical is-layout-flex wp-container-6\">\n<div class=\"wp-block-group fnt-card-intro is-nowrap is-layout-flex wp-container-5\">\n<p class=\"fnt-card-title fnt-text-large\">Exp\u00e9rience<\/p>\n\n\n\n<figure class=\"wp-block-image size-full fnt-card-img\"><img decoding=\"async\" loading=\"lazy\" width=\"400\" height=\"267\" src=\"https:\/\/fontanals-solicitors.com\/wp-content\/uploads\/2023\/02\/about-us-expjpg.jpg\" alt=\"\" class=\"wp-image-288\" srcset=\"https:\/\/fontanals-solicitors.com\/wp-content\/uploads\/2023\/02\/about-us-expjpg.jpg 400w, https:\/\/fontanals-solicitors.com\/wp-content\/uploads\/2023\/02\/about-us-expjpg-300x200.jpg 300w\" sizes=\"(max-width: 400px) 100vw, 400px\" \/><\/figure>\n<\/div>\n\n\n\n<p class=\"fnt-card-description\">Avec plus de 30 ans d&rsquo;exp\u00e9rience, nous sommes un cabinet d&rsquo;avocats sp\u00e9cialis\u00e9 qui comprend parfaitement les besoins de ses clients. Nous conseillons et prot\u00e9geons les int\u00e9r\u00eats de nos clients nationaux et internationaux depuis des d\u00e9cennies.<\/p>\n<\/div>\n\n\n\n<div class=\"wp-block-group fnt-card-title-img-text fnt-background--blue-400 is-vertical is-layout-flex wp-container-8\">\n<div class=\"wp-block-group fnt-card-intro is-nowrap is-layout-flex wp-container-7\">\n<p class=\"fnt-card-title fnt-text-large\">Proximit\u00e9<\/p>\n\n\n\n<figure class=\"wp-block-image size-full fnt-card-img\"><img decoding=\"async\" loading=\"lazy\" width=\"400\" height=\"600\" src=\"https:\/\/fontanals-solicitors.com\/wp-content\/uploads\/2023\/02\/about-us-close.jpg\" alt=\"\" class=\"wp-image-289\" srcset=\"https:\/\/fontanals-solicitors.com\/wp-content\/uploads\/2023\/02\/about-us-close.jpg 400w, https:\/\/fontanals-solicitors.com\/wp-content\/uploads\/2023\/02\/about-us-close-200x300.jpg 200w\" sizes=\"(max-width: 400px) 100vw, 400px\" \/><\/figure>\n<\/div>\n\n\n\n<p class=\"fnt-card-description\">Notre mission est d&rsquo;\u00e9liminer le stress et le risque de toute proc\u00e9dure juridique pour nos clients. Nous y parvenons gr\u00e2ce \u00e0 une communication claire et constante, ainsi qu&rsquo;en r\u00e9duisant la bureaucratie et en simplifiant le processus. Nous nous engageons \u00e0 \u00eatre proches de nos clients et \u00e0 leur offrir une attention personnalis\u00e9e.<\/p>\n<\/div>\n\n\n\n<div class=\"wp-block-group fnt-card-title-img-text fnt-background--blue-500 is-vertical is-layout-flex wp-container-10\">\n<div class=\"wp-block-group fnt-card-intro is-nowrap is-layout-flex wp-container-9\">\n<p class=\"fnt-card-title fnt-text-large\">Efficacit\u00e9<\/p>\n\n\n\n<figure class=\"wp-block-image size-full fnt-card-img\"><img decoding=\"async\" loading=\"lazy\" width=\"400\" height=\"267\" src=\"https:\/\/fontanals-solicitors.com\/wp-content\/uploads\/2023\/02\/about-us-efficiency.jpg\" alt=\"\" class=\"wp-image-291\" srcset=\"https:\/\/fontanals-solicitors.com\/wp-content\/uploads\/2023\/02\/about-us-efficiency.jpg 400w, https:\/\/fontanals-solicitors.com\/wp-content\/uploads\/2023\/02\/about-us-efficiency-300x200.jpg 300w\" sizes=\"(max-width: 400px) 100vw, 400px\" \/><\/figure>\n<\/div>\n\n\n\n<p class=\"fnt-card-description\">Nous disposons des ressources et des relations locales n\u00e9cessaires pour garantir une issue positive \u00e0 votre proc\u00e9dure judiciaire. Gr\u00e2ce \u00e0 notre expertise et \u00e0 notre exp\u00e9rience, nous pouvons naviguer efficacement dans le syst\u00e8me juridique en votre nom. Laissez-nous mettre nos comp\u00e9tences et nos ressources \u00e0 votre service<\/p>\n<\/div>\n<\/div>\n\n\n\n<div class=\"wp-block-columns fnt-main__group is-layout-flex wp-container-13\">\n<div class=\"wp-block-column fnt-main__group--begin fnt-main__group--span-4 is-layout-flow\" style=\"flex-basis:50%\">\n<h2 class=\"wp-block-heading\">Que pouvons-nous faire pour vous ?<\/h2>\n<\/div>\n<\/div>\n\n\n\n<div class=\"wp-block-group fnt-main__enumeration is-nowrap is-layout-flex wp-container-17\">\n<div class=\"wp-block-group fnt-background--blue-100 is-vertical is-layout-flex wp-container-14\">\n<p class=\"fnt-text-colossal\">1<\/p>\n\n\n\n<p class=\"fnt-text-small\">Prot\u00e9ger et optimiser vos int\u00e9r\u00eats juridiques et fiscaux. Nous vous aidons \u00e0 vous y retrouver dans le syst\u00e8me juridique et veillons \u00e0 ce que vos droits soient prot\u00e9g\u00e9s.<\/p>\n<\/div>\n\n\n\n<div class=\"wp-block-group fnt-background--blue-400 is-vertical is-layout-flex wp-container-15\">\n<p class=\"fnt-text-colossal\">2<\/p>\n\n\n\n<p class=\"fnt-text-small\">R\u00e9duire la barri\u00e8re de la langue et la bureaucratie. Traiter avec les agences gouvernementales et les proc\u00e9dures juridiques peut \u00eatre un d\u00e9fi, surtout si vous n&rsquo;\u00eates pas familier avec la langue ou le syst\u00e8me. Nous vous aiderons \u00e0 surmonter ces obstacles et \u00e0 rendre le processus plus fluide et plus efficace.<\/p>\n<\/div>\n\n\n\n<div class=\"wp-block-group fnt-background--blue-500 is-vertical is-layout-flex wp-container-16\">\n<p class=\"fnt-text-colossal\">3<\/p>\n\n\n\n<p class=\"fnt-text-small\">Assurer une communication claire et constante. Nous comprenons que les proc\u00e9dures juridiques peuvent \u00eatre stressantes et incertaines. Gr\u00e2ce \u00e0 une communication claire et simple, nous vous tiendrons inform\u00e9 et \u00e9liminerons toute tension ou incertitude. Notre objectif est de r\u00e9soudre votre affaire rapidement et sans inconv\u00e9nient. Laissez-nous nous occuper de la complexit\u00e9, afin que vous puissiez vous concentrer sur ce qui compte pour vous.<\/p>\n<\/div>\n<\/div>\n","protected":false},"excerpt":{"rendered":"<p>\u00ab\u00a0Nous pensons que les services juridiques doivent \u00eatre simples, personnels et accessibles\u00a0\u00bb Planifier une consultation gratuite Culture Nous avons \u00e0 c\u0153ur d&rsquo;\u00eatre aux c\u00f4t\u00e9s de nos clients, \u00e0 chaque \u00e9tape de leur parcours. Nous comprenons l&rsquo;importance d&rsquo;\u00eatre proches et disponibles pour r\u00e9pondre \u00e0 vos doutes ou \u00e0 vos questions. Nous prenons le temps de comprendre [&hellip;]<\/p>\n","protected":false},"author":2,"featured_media":0,"parent":0,"menu_order":0,"comment_status":"closed","ping_status":"closed","template":"","meta":[],"categories":[],"yoast_head":"<!-- This site is optimized with the Yoast SEO plugin v21.4 - https:\/\/yoast.com\/wordpress\/plugins\/seo\/ -->\n<title>\u00c0 propos de nous - Real Estate Lawyers in Spain | Fontanals Solicitors<\/title>\n<meta name=\"robots\" content=\"index, follow, max-snippet:-1, max-image-preview:large, max-video-preview:-1\" \/>\n<link rel=\"canonical\" href=\"https:\/\/fontanals-solicitors.com\/fr\/about-us\/\" \/>\n<meta property=\"og:locale\" content=\"fr_FR\" \/>\n<meta property=\"og:type\" content=\"article\" \/>\n<meta property=\"og:title\" content=\"\u00c0 propos de nous - Real Estate Lawyers in Spain | Fontanals Solicitors\" \/>\n<meta property=\"og:description\" content=\"\u00ab\u00a0Nous pensons que les services juridiques doivent \u00eatre simples, personnels et accessibles\u00a0\u00bb Planifier une consultation gratuite Culture Nous avons \u00e0 c\u0153ur d&rsquo;\u00eatre aux c\u00f4t\u00e9s de nos clients, \u00e0 chaque \u00e9tape de leur parcours. Nous comprenons l&rsquo;importance d&rsquo;\u00eatre proches et disponibles pour r\u00e9pondre \u00e0 vos doutes ou \u00e0 vos questions. Nous prenons le temps de comprendre [&hellip;]\" \/>\n<meta property=\"og:url\" content=\"https:\/\/fontanals-solicitors.com\/fr\/about-us\/\" \/>\n<meta property=\"og:site_name\" content=\"Real Estate Lawyers in Spain | Fontanals Solicitors\" \/>\n<meta property=\"article:modified_time\" content=\"2023-10-09T16:59:32+00:00\" \/>\n<meta property=\"og:image\" content=\"https:\/\/fontanals-solicitors.com\/wp-content\/uploads\/2023\/02\/cta-home.jpg\" \/>\n<meta name=\"twitter:card\" content=\"summary_large_image\" \/>\n<meta name=\"twitter:label1\" content=\"Dur\u00e9e de lecture estim\u00e9e\" \/>\n\t<meta name=\"twitter:data1\" content=\"3 minutes\" \/>\n<script type=\"application\/ld+json\" class=\"yoast-schema-graph\">{\"@context\":\"https:\/\/schema.org\",\"@graph\":[{\"@type\":\"WebPage\",\"@id\":\"https:\/\/fontanals-solicitors.com\/fr\/about-us\/\",\"url\":\"https:\/\/fontanals-solicitors.com\/fr\/about-us\/\",\"name\":\"\u00c0 propos de nous - Real Estate Lawyers in Spain | Fontanals Solicitors\",\"isPartOf\":{\"@id\":\"https:\/\/fontanals-solicitors.com\/#website\"},\"datePublished\":\"2023-02-07T00:04:07+00:00\",\"dateModified\":\"2023-10-09T16:59:32+00:00\",\"breadcrumb\":{\"@id\":\"https:\/\/fontanals-solicitors.com\/fr\/about-us\/#breadcrumb\"},\"inLanguage\":\"fr-FR\",\"potentialAction\":[{\"@type\":\"ReadAction\",\"target\":[\"https:\/\/fontanals-solicitors.com\/fr\/about-us\/\"]}]},{\"@type\":\"BreadcrumbList\",\"@id\":\"https:\/\/fontanals-solicitors.com\/fr\/about-us\/#breadcrumb\",\"itemListElement\":[{\"@type\":\"ListItem\",\"position\":1,\"name\":\"Home\",\"item\":\"https:\/\/fontanals-solicitors.com\/fr\/\"},{\"@type\":\"ListItem\",\"position\":2,\"name\":\"\u00c0 propos de nous\"}]},{\"@type\":\"WebSite\",\"@id\":\"https:\/\/fontanals-solicitors.com\/#website\",\"url\":\"https:\/\/fontanals-solicitors.com\/\",\"name\":\"Real Estate Lawyers in Spain | Fontanals Solicitors\",\"description\":\"\",\"publisher\":{\"@id\":\"https:\/\/fontanals-solicitors.com\/#organization\"},\"potentialAction\":[{\"@type\":\"SearchAction\",\"target\":{\"@type\":\"EntryPoint\",\"urlTemplate\":\"https:\/\/fontanals-solicitors.com\/?s={search_term_string}\"},\"query-input\":\"required name=search_term_string\"}],\"inLanguage\":\"fr-FR\"},{\"@type\":\"Organization\",\"@id\":\"https:\/\/fontanals-solicitors.com\/#organization\",\"name\":\"Fontanals Solicitors\",\"url\":\"https:\/\/fontanals-solicitors.com\/\",\"logo\":{\"@type\":\"ImageObject\",\"inLanguage\":\"fr-FR\",\"@id\":\"https:\/\/fontanals-solicitors.com\/#\/schema\/logo\/image\/\",\"url\":\"https:\/\/fontanals-solicitors.com\/wp-content\/uploads\/2023\/06\/LOGO-FONTANALS-SOLICITORS-1.png\",\"contentUrl\":\"https:\/\/fontanals-solicitors.com\/wp-content\/uploads\/2023\/06\/LOGO-FONTANALS-SOLICITORS-1.png\",\"width\":1507,\"height\":507,\"caption\":\"Fontanals Solicitors\"},\"image\":{\"@id\":\"https:\/\/fontanals-solicitors.com\/#\/schema\/logo\/image\/\"}}]}<\/script>\n<!-- \/ Yoast SEO plugin. -->","yoast_head_json":{"title":"\u00c0 propos de nous - Real Estate Lawyers in Spain | Fontanals Solicitors","robots":{"index":"index","follow":"follow","max-snippet":"max-snippet:-1","max-image-preview":"max-image-preview:large","max-video-preview":"max-video-preview:-1"},"canonical":"https:\/\/fontanals-solicitors.com\/fr\/about-us\/","og_locale":"fr_FR","og_type":"article","og_title":"\u00c0 propos de nous - Real Estate Lawyers in Spain | Fontanals Solicitors","og_description":"\u00ab\u00a0Nous pensons que les services juridiques doivent \u00eatre simples, personnels et accessibles\u00a0\u00bb Planifier une consultation gratuite Culture Nous avons \u00e0 c\u0153ur d&rsquo;\u00eatre aux c\u00f4t\u00e9s de nos clients, \u00e0 chaque \u00e9tape de leur parcours. Nous comprenons l&rsquo;importance d&rsquo;\u00eatre proches et disponibles pour r\u00e9pondre \u00e0 vos doutes ou \u00e0 vos questions. Nous prenons le temps de comprendre [&hellip;]","og_url":"https:\/\/fontanals-solicitors.com\/fr\/about-us\/","og_site_name":"Real Estate Lawyers in Spain | Fontanals Solicitors","article_modified_time":"2023-10-09T16:59:32+00:00","og_image":[{"url":"https:\/\/fontanals-solicitors.com\/wp-content\/uploads\/2023\/02\/cta-home.jpg"}],"twitter_card":"summary_large_image","twitter_misc":{"Dur\u00e9e de lecture estim\u00e9e":"3 minutes"},"schema":{"@context":"https:\/\/schema.org","@graph":[{"@type":"WebPage","@id":"https:\/\/fontanals-solicitors.com\/fr\/about-us\/","url":"https:\/\/fontanals-solicitors.com\/fr\/about-us\/","name":"\u00c0 propos de nous - Real Estate Lawyers in Spain | Fontanals Solicitors","isPartOf":{"@id":"https:\/\/fontanals-solicitors.com\/#website"},"datePublished":"2023-02-07T00:04:07+00:00","dateModified":"2023-10-09T16:59:32+00:00","breadcrumb":{"@id":"https:\/\/fontanals-solicitors.com\/fr\/about-us\/#breadcrumb"},"inLanguage":"fr-FR","potentialAction":[{"@type":"ReadAction","target":["https:\/\/fontanals-solicitors.com\/fr\/about-us\/"]}]},{"@type":"BreadcrumbList","@id":"https:\/\/fontanals-solicitors.com\/fr\/about-us\/#breadcrumb","itemListElement":[{"@type":"ListItem","position":1,"name":"Home","item":"https:\/\/fontanals-solicitors.com\/fr\/"},{"@type":"ListItem","position":2,"name":"\u00c0 propos de nous"}]},{"@type":"WebSite","@id":"https:\/\/fontanals-solicitors.com\/#website","url":"https:\/\/fontanals-solicitors.com\/","name":"Real Estate Lawyers in Spain | Fontanals Solicitors","description":"","publisher":{"@id":"https:\/\/fontanals-solicitors.com\/#organization"},"potentialAction":[{"@type":"SearchAction","target":{"@type":"EntryPoint","urlTemplate":"https:\/\/fontanals-solicitors.com\/?s={search_term_string}"},"query-input":"required name=search_term_string"}],"inLanguage":"fr-FR"},{"@type":"Organization","@id":"https:\/\/fontanals-solicitors.com\/#organization","name":"Fontanals Solicitors","url":"https:\/\/fontanals-solicitors.com\/","logo":{"@type":"ImageObject","inLanguage":"fr-FR","@id":"https:\/\/fontanals-solicitors.com\/#\/schema\/logo\/image\/","url":"https:\/\/fontanals-solicitors.com\/wp-content\/uploads\/2023\/06\/LOGO-FONTANALS-SOLICITORS-1.png","contentUrl":"https:\/\/fontanals-solicitors.com\/wp-content\/uploads\/2023\/06\/LOGO-FONTANALS-SOLICITORS-1.png","width":1507,"height":507,"caption":"Fontanals Solicitors"},"image":{"@id":"https:\/\/fontanals-solicitors.com\/#\/schema\/logo\/image\/"}}]}},"_links":{"self":[{"href":"https:\/\/fontanals-solicitors.com\/fr\/wp-json\/wp\/v2\/pages\/876"}],"collection":[{"href":"https:\/\/fontanals-solicitors.com\/fr\/wp-json\/wp\/v2\/pages"}],"about":[{"href":"https:\/\/fontanals-solicitors.com\/fr\/wp-json\/wp\/v2\/types\/page"}],"author":[{"embeddable":true,"href":"https:\/\/fontanals-solicitors.com\/fr\/wp-json\/wp\/v2\/users\/2"}],"replies":[{"embeddable":true,"href":"https:\/\/fontanals-solicitors.com\/fr\/wp-json\/wp\/v2\/comments?post=876"}],"version-history":[{"count":1,"href":"https:\/\/fontanals-solicitors.com\/fr\/wp-json\/wp\/v2\/pages\/876\/revisions"}],"predecessor-version":[{"id":878,"href":"https:\/\/fontanals-solicitors.com\/fr\/wp-json\/wp\/v2\/pages\/876\/revisions\/878"}],"wp:attachment":[{"href":"https:\/\/fontanals-solicitors.com\/fr\/wp-json\/wp\/v2\/media?parent=876"}],"wp:term":[{"taxonomy":"category","embeddable":true,"href":"https:\/\/fontanals-solicitors.com\/fr\/wp-json\/wp\/v2\/categories?post=876"}],"curies":[{"name":"wp","href":"https:\/\/api.w.org\/{rel}","templated":true}]}}