{"id":889,"date":"2023-02-07T00:06:50","date_gmt":"2023-02-07T00:06:50","guid":{"rendered":"https:\/\/fontanals-solicitors.com\/tax-compliance\/"},"modified":"2023-10-09T17:28:56","modified_gmt":"2023-10-09T17:28:56","slug":"tax-compliance","status":"publish","type":"page","link":"https:\/\/fontanals-solicitors.com\/fr\/tax-compliance\/","title":{"rendered":"Fiscalit\u00e9 et conformit\u00e9"},"content":{"rendered":"\n<div class=\"wp-block-columns fnt-main__group is-layout-flex wp-container-4\">\n<div class=\"wp-block-column fnt-main__group--begin fnt-main__group--span-4 is-layout-flow\" style=\"flex-basis:50%\">\n<h2 class=\"wp-block-heading\" style=\"font-size:40px\"><strong>Services juridiques fiscaux pour les expatri\u00e9s<\/strong><\/h2>\n<\/div>\n\n\n\n<div class=\"wp-block-column fnt-main__group--span-6 fnt-main__group--begin-mid is-layout-flow\" style=\"flex-basis:50%\">\n<div class=\"wp-block-group fnt-main__group-text-button is-vertical is-layout-flex wp-container-2\">\n<p class=\"fnt-main__group--begin fnt-main__group--span-6\">Remplir sa d\u00e9claration d&rsquo;imp\u00f4ts en Espagne peut s&rsquo;av\u00e9rer difficile, surtout si vous \u00eates \u00e9tranger et que vous ne connaissez pas les lois fiscales locales. \u00c0 Fontanals Solicitors, nous sommes experts en droit fiscal et pouvons vous aider \u00e0 naviguer dans les m\u00e9andres du syst\u00e8me fiscal espagnol.<br><br>Notre \u00e9quipe travaillera avec vous pour comprendre votre situation unique et d\u00e9terminer la mani\u00e8re la plus efficace et la moins risqu\u00e9e de d\u00e9clarer vos imp\u00f4ts. Laissez-nous vous aider \u00e0 remplir votre d\u00e9claration d&rsquo;imp\u00f4ts en Espagne en toute confiance et tranquillit\u00e9 d&rsquo;esprit. Gr\u00e2ce \u00e0 notre expertise, vous pouvez \u00eatre certain que votre d\u00e9claration d&rsquo;imp\u00f4ts est entre de bonnes mains.<\/p>\n\n\n\n<p><\/p>\n\n\n\n<p><\/p>\n\n\n\n<p class=\"fnt-main__button fnt-main__group--begin fnt-main__group--span-3 has-medium-font-size\"><a href=\"https:\/\/fontanals-solicitors.com\/fr\/contact\/\"><strong>Planifiez une consultation gratuite.<\/strong><\/a><\/p>\n<\/div>\n<\/div>\n<\/div>\n\n\n\n<div class=\"wp-block-columns fnt-main__group is-layout-flex wp-container-6\">\n<div class=\"wp-block-column fnt-main__group--begin fnt-main__group--span-4 is-layout-flow\" style=\"flex-basis:50%\">\n<h2 class=\"wp-block-heading\">Quelles taxes dois-je payer en Espagne?<\/h2>\n<\/div>\n<\/div>\n\n\n\n<div class=\"wp-block-columns fnt-main__group-bg is-layout-flex wp-container-9\">\n<div class=\"wp-block-column is-layout-flow\" style=\"flex-basis:50%\">\n<p>L&rsquo;imposition sur le revenu d\u00e9pend de votre statut de r\u00e9sident \ufb01scal. <br><br>En Espagne, vos obligations en mati\u00e8re d&rsquo;imp\u00f4t sur le revenu d\u00e9pendent de votre statut de r\u00e9sident fiscal. Si vous n&rsquo;\u00eates pas citoyen d&rsquo;un pays membre de l&rsquo;Union europ\u00e9enne et que vous pr\u00e9voyez de <strong>r\u00e9sider en Espagne pendant plus de 180 jours<\/strong>, vous devrez \u00e9tablir votre r\u00e9sidence, ce qui fera de vous un r\u00e9sident fiscal. Cela signifie que vous devrez payer l&rsquo;imp\u00f4t sur l&rsquo;ensemble de vos revenus mondiaux, mais vous pouvez \u00e9viter la double imposition sur les imp\u00f4ts que vous avez peut-\u00eatre d\u00e9j\u00e0 pay\u00e9s pour les m\u00eames revenus en dehors de l&rsquo;Espagne.<br><br>I\u00a0Si vous \u00eates citoyen d&rsquo;un \u00c9tat membre de l&rsquo;Union europ\u00e9enne, vous serez consid\u00e9r\u00e9 comme r\u00e9sident fiscal si vous s\u00e9journez physiquement en Espagne pendant plus de 183 jours au cours d&rsquo;une ann\u00e9e civile. Il est recommand\u00e9 de faire une demande de r\u00e9sidence \u00e0 l&rsquo;avance si vous pr\u00e9voyez de rester pendant cette p\u00e9riode.<\/p>\n<\/div>\n\n\n\n<div class=\"wp-block-column is-layout-flow\" style=\"flex-basis:50%\">\n<ul>\n<li>En tant que r\u00e9sident fiscal, vos revenus du travail et les b\u00e9n\u00e9fices que vous tirez de votre patrimoine seront impos\u00e9s \u00e0 un taux progressif compris entre 19 % et 48 %. Les revenus de votre \u00e9pargne sont impos\u00e9s \u00e0 un taux compris entre 19 % et 26 %.<\/li>\n<\/ul>\n\n\n\n<ul>\n<li>En tant que non-r\u00e9sident, vous ne devrez payer qu&rsquo;un imp\u00f4t fixe sur votre patrimoine en Espagne. Le taux est de 19 % pour les citoyens de l&rsquo;UE et de 24 % pour les non-ressortissants de l&rsquo;UE.<\/li>\n<\/ul>\n<\/div>\n<\/div>\n\n\n\n<div class=\"wp-block-columns fnt-main__group is-layout-flex wp-container-11\">\n<div class=\"wp-block-column fnt-main__group--begin fnt-main__group--span-4 is-layout-flow\" style=\"flex-basis:50%\">\n<h2 class=\"wp-block-heading\">Services associ\u00e9s<\/h2>\n<\/div>\n<\/div>\n\n\n\n<div class=\"wp-block-group fnt-servicios is-layout-flex\">\n<div class=\"wp-block-group fnt-servicios__item is-nowrap is-layout-flex wp-container-13\">\n<figure class=\"wp-block-image size-full\"><img decoding=\"async\" src=\"https:\/\/fontanals-solicitors.com\/wp-content\/uploads\/2023\/02\/tax_planning.svg\" alt=\"\" class=\"wp-image-226\"\/><\/figure>\n\n\n\n<div class=\"wp-block-group fnt-servicios__content is-vertical is-layout-flex wp-container-12\">\n<p class=\"fnt-servicios__title\"><strong>Planification fiscale<\/strong><\/p>\n\n\n\n<p class=\"fnt-servicios__description\">Nous \u00e9valuerons comment organiser votre planification fiscale et veillerons \u00e0 ce que la charge soit la plus faible possible.<\/p>\n<\/div>\n<\/div>\n\n\n\n<div class=\"wp-block-group fnt-servicios__item is-nowrap is-layout-flex wp-container-15\">\n<figure class=\"wp-block-image size-full\"><img decoding=\"async\" src=\"https:\/\/fontanals-solicitors.com\/wp-content\/uploads\/2023\/02\/tax_return.svg\" alt=\"\" class=\"wp-image-225\"\/><\/figure>\n\n\n\n<div class=\"wp-block-group fnt-servicios__content is-vertical is-layout-flex wp-container-14\">\n<p class=\"fnt-servicios__title\"><strong>D\u00e9claration d&rsquo;imp\u00f4ts<\/strong><\/p>\n\n\n\n<p class=\"fnt-servicios__description\">Nous vous aidons \u00e0 pr\u00e9parer et \u00e0 d\u00e9poser votre d\u00e9claration fiscale annuelle, en vous conseillant sur l&rsquo;option la plus efficace.<\/p>\n<\/div>\n<\/div>\n\n\n\n<div class=\"wp-block-group fnt-servicios__item is-nowrap is-layout-flex wp-container-17\">\n<figure class=\"wp-block-image size-full\"><img decoding=\"async\" src=\"https:\/\/fontanals-solicitors.com\/wp-content\/uploads\/2023\/02\/taxes.svg\" alt=\"\" class=\"wp-image-224\"\/><\/figure>\n\n\n\n<div class=\"wp-block-group fnt-servicios__content is-vertical is-layout-flex wp-container-16\">\n<p class=\"fnt-servicios__title\"><strong>Droits de mutation<\/strong><\/p>\n\n\n\n<p class=\"fnt-servicios__description\">Nous veillons \u00e0 l&rsquo;efficacit\u00e9 fiscale de l&rsquo;op\u00e9ration du d\u00e9but \u00e0 la fin.<\/p>\n<\/div>\n<\/div>\n\n\n\n<div class=\"wp-block-group fnt-servicios__item is-nowrap is-layout-flex wp-container-19\">\n<figure class=\"wp-block-image size-full\"><img decoding=\"async\" src=\"https:\/\/fontanals-solicitors.com\/wp-content\/uploads\/2023\/02\/donation-icon.svg\" alt=\"\" class=\"wp-image-82\"\/><\/figure>\n\n\n\n<div class=\"wp-block-group fnt-servicios__content is-vertical is-layout-flex wp-container-18\">\n<p class=\"fnt-servicios__title\"><strong>L&rsquo;imp\u00f4t sur les donations<\/strong><\/p>\n\n\n\n<p class=\"fnt-servicios__description\">Il est per\u00e7u sur les dons de biens mobiliers ou immobiliers \u00e0 titre gratuit. Nous vous aiderons \u00e0 trouver la formule optimale qui correspond le mieux \u00e0 vos int\u00e9r\u00eats.<\/p>\n<\/div>\n<\/div>\n\n\n\n<div class=\"wp-block-group fnt-servicios__item is-nowrap is-layout-flex wp-container-21\">\n<figure class=\"wp-block-image size-full\"><img decoding=\"async\" src=\"https:\/\/fontanals-solicitors.com\/wp-content\/uploads\/2023\/02\/local_tax.svg\" alt=\"\" class=\"wp-image-223\"\/><\/figure>\n\n\n\n<div class=\"wp-block-group fnt-servicios__content is-vertical is-layout-flex wp-container-20\">\n<p class=\"fnt-servicios__title\"><strong>Les imp\u00f4ts locaux<\/strong><\/p>\n\n\n\n<p class=\"fnt-servicios__description\">Elles rel\u00e8vent de la comp\u00e9tence des communaut\u00e9s autonomes et des conseils locaux. Nous vous tiendrons inform\u00e9s \u00e0 tout moment afin que vous puissiez les pr\u00e9voir.<\/p>\n<\/div>\n<\/div>\n\n\n\n<div class=\"wp-block-group fnt-servicios__item is-nowrap is-layout-flex wp-container-23\">\n<figure class=\"wp-block-image size-full\"><img decoding=\"async\" src=\"https:\/\/fontanals-solicitors.com\/wp-content\/uploads\/2023\/02\/ownership-icon.svg\" alt=\"\" class=\"wp-image-83\"\/><\/figure>\n\n\n\n<div class=\"wp-block-group fnt-servicios__content is-vertical is-layout-flex wp-container-22\">\n<p class=\"fnt-servicios__title\"><strong>Dissolution des biens<\/strong><\/p>\n\n\n\n<p class=\"fnt-servicios__description\">Nous prot\u00e9geons vos int\u00e9r\u00eats tout au long de la proc\u00e9dure en veillant \u00e0 ce que la r\u00e9partition corresponde \u00e0 vos attentes.<\/p>\n<\/div>\n<\/div>\n\n\n\n<div class=\"wp-block-group fnt-servicios__item is-nowrap is-layout-flex wp-container-25\">\n<figure class=\"wp-block-image size-full\"><img decoding=\"async\" src=\"https:\/\/fontanals-solicitors.com\/wp-content\/uploads\/2023\/02\/3refund.svg\" alt=\"\" class=\"wp-image-222\"\/><\/figure>\n\n\n\n<div class=\"wp-block-group fnt-servicios__content is-vertical is-layout-flex wp-container-24\">\n<p class=\"fnt-servicios__title\"><strong>Remboursement 3%<\/strong><\/p>\n\n\n\n<p class=\"fnt-servicios__description\">Si le vendeur est un non-r\u00e9sident et qu&rsquo;il a obtenu une plus-value nulle ou inf\u00e9rieure \u00e0 3 %, il peut r\u00e9cup\u00e9rer tout ou partie de ce montant en effectuant les d\u00e9marches n\u00e9cessaires.<\/p>\n<\/div>\n<\/div>\n<\/div>\n\n\n\n<div class=\"wp-block-columns fnt-main__group is-layout-flex wp-container-29\">\n<div class=\"wp-block-column fnt-main__group--begin fnt-main__group--span-4 is-layout-flow\" style=\"flex-basis:50%\">\n<h2 class=\"wp-block-heading\">QUESTIONS FR\u00c9QUEMMENT POS\u00c9ES<\/h2>\n<\/div>\n\n\n\n<div class=\"wp-block-column fnt-main__group--span-6 fnt-main__group--begin-mid is-layout-flow\" style=\"flex-basis:50%\">\n<details class=\"wp-block-fontanals-blocks-faq\"><summary class=\"question\"><h2>Dois-je payer des imp\u00f4ts en Espagne si je suis propri\u00e9taire d&rsquo;un bien immobilier?<\/h2><img decoding=\"async\" src=\"data:image\/svg+xml;base64,PHN2ZyB4bWxucz0iaHR0cDovL3d3dy53My5vcmcvMjAwMC9zdmciIHdpZHRoPSIxMC44MiIgaGVpZ2h0PSI2LjU0MSIgdmlld0JveD0iMCAwIDEwLjgyIDYuNTQxIj4NCiAgPHBhdGggaWQ9ImFycm93LWRvd24iIGQ9Ik0xMC44MiwzLjIzOSw1LjQxLDguNjQ5LDAsMy4yMzksMS4xMzEsMi4xMDgsNS40MSw2LjM3LDkuNjcyLDIuMTA4WiIgdHJhbnNmb3JtPSJ0cmFuc2xhdGUoMCAtMi4xMDgpIi8+DQo8L3N2Zz4NCg==\" alt=\"Triangulo\"\/><\/summary><div class=\"answer\">\n<p>En Espagne, toute personne qui poss\u00e8de une propri\u00e9t\u00e9 doit payer des imp\u00f4ts annuels.<\/p>\n\n\n\n<p>Les r\u00e9sidents:<\/p>\n\n\n\n<ul>\n<li>Taxe fonci\u00e8re (IBI)<\/li>\n\n\n\n<li>Imp\u00f4t sur le revenu<\/li>\n\n\n\n<li>Imp\u00f4t sur les plus-values.<\/li>\n<\/ul>\n\n\n\n<p>Non-r\u00e9sidents:<\/p>\n\n\n\n<ul>\n<li>Taxe fonci\u00e8re (IBI)<\/li>\n\n\n\n<li>Imp\u00f4t sur le revenu des non-r\u00e9sidents.<\/li>\n<\/ul>\n<\/div><\/details>\n\n\n\n<details class=\"wp-block-fontanals-blocks-faq\"><summary class=\"question\"><h2>Quels sont les services que nous proposons en tant qu&rsquo;avocats experts?<\/h2><img decoding=\"async\" src=\"data:image\/svg+xml;base64,PHN2ZyB4bWxucz0iaHR0cDovL3d3dy53My5vcmcvMjAwMC9zdmciIHdpZHRoPSIxMC44MiIgaGVpZ2h0PSI2LjU0MSIgdmlld0JveD0iMCAwIDEwLjgyIDYuNTQxIj4NCiAgPHBhdGggaWQ9ImFycm93LWRvd24iIGQ9Ik0xMC44MiwzLjIzOSw1LjQxLDguNjQ5LDAsMy4yMzksMS4xMzEsMi4xMDgsNS40MSw2LjM3LDkuNjcyLDIuMTA4WiIgdHJhbnNmb3JtPSJ0cmFuc2xhdGUoMCAtMi4xMDgpIi8+DQo8L3N2Zz4NCg==\" alt=\"Triangulo\"\/><\/summary><div class=\"answer\">\n<ul>\n<li>Conseils fiscaux\u00a0: Nous fournissons des conseils personnalis\u00e9s adapt\u00e9s \u00e0 votre situation sp\u00e9cifique, en veillant \u00e0 ce que vous compreniez vos obligations fiscales et les possibilit\u00e9s d&rsquo;optimisation.<\/li>\n\n\n\n<li>Calculez votre imp\u00f4t \u00e0 payer en Espagne: Notre \u00e9quipe vous aide \u00e0 d\u00e9terminer avec pr\u00e9cision votre obligation fiscale en Espagne, en tenant compte de divers facteurs et des r\u00e9glementations applicables.<\/li>\n\n\n\n<li>D\u00e9poser vos d\u00e9clarations fiscales espagnoles : Nous vous guidons tout au long du processus de d\u00e9p\u00f4t de vos d\u00e9clarations fiscales en conformit\u00e9 avec les lois fiscales espagnoles, en veillant \u00e0 l&rsquo;exactitude et au respect des d\u00e9lais.<\/li>\n\n\n\n<li>Conseils sur la planification fiscale espagnole : Nous vous aidons \u00e0 \u00e9laborer des strat\u00e9gies de planification fiscale efficaces afin de minimiser votre charge fiscale et de maximiser vos objectifs financiers.<\/li>\n\n\n\n<li>Vous aidez \u00e0 vous conformer \u00e0 la l\u00e9gislation fiscale espagnole : Nos avocats experts veillent \u00e0 ce que vous respectiez pleinement les lois et r\u00e9glementations fiscales espagnoles, afin d&rsquo;\u00e9viter les p\u00e9nalit\u00e9s et les probl\u00e8mes juridiques potentiels.<\/li>\n\n\n\n<li>Fiscalit\u00e9 pour les propri\u00e9taires de biens immobiliers en Espagne : Si vous \u00eates propri\u00e9taire d&rsquo;un bien immobilier en Espagne, nous vous fournissons des conseils fiscaux sp\u00e9cialis\u00e9s concernant la propri\u00e9t\u00e9, les revenus locatifs et d&rsquo;autres questions fiscales li\u00e9es \u00e0 la propri\u00e9t\u00e9.<\/li>\n<\/ul>\n<\/div><\/details>\n\n\n\n<p><\/p>\n<\/div>\n<\/div>\n","protected":false},"excerpt":{"rendered":"<p>Services juridiques fiscaux pour les expatri\u00e9s Remplir sa d\u00e9claration d&rsquo;imp\u00f4ts en Espagne peut s&rsquo;av\u00e9rer difficile, surtout si vous \u00eates \u00e9tranger et que vous ne connaissez pas les lois fiscales locales. \u00c0 Fontanals Solicitors, nous sommes experts en droit fiscal et pouvons vous aider \u00e0 naviguer dans les m\u00e9andres du syst\u00e8me fiscal espagnol. Notre \u00e9quipe travaillera [&hellip;]<\/p>\n","protected":false},"author":2,"featured_media":790,"parent":0,"menu_order":0,"comment_status":"closed","ping_status":"closed","template":"","meta":[],"categories":[20],"yoast_head":"<!-- This site is optimized with the Yoast SEO plugin v21.4 - https:\/\/yoast.com\/wordpress\/plugins\/seo\/ -->\n<title>Solicitors Experts in Spanish Tax. Tax Advice and Compliance - Fontanals Solicitors<\/title>\n<meta name=\"description\" content=\"Fontanals Solicitors is your trusted team of solicitors experts in Spanish tax. We provide comprehensive tax advice, help you calculate your Spanish tax liability, assist with filing tax returns, and ensure compliance with Spanish tax laws. Contact us today!\" \/>\n<meta name=\"robots\" content=\"index, follow, max-snippet:-1, max-image-preview:large, max-video-preview:-1\" \/>\n<link rel=\"canonical\" href=\"https:\/\/fontanals-solicitors.com\/fr\/tax-compliance\/\" \/>\n<meta property=\"og:locale\" content=\"fr_FR\" \/>\n<meta property=\"og:type\" content=\"article\" \/>\n<meta property=\"og:title\" content=\"Solicitors Experts in Spanish Tax. Tax Advice and Compliance - Fontanals Solicitors\" \/>\n<meta property=\"og:description\" content=\"Fontanals Solicitors is your trusted team of solicitors experts in Spanish tax. We provide comprehensive tax advice, help you calculate your Spanish tax liability, assist with filing tax returns, and ensure compliance with Spanish tax laws. Contact us today!\" \/>\n<meta property=\"og:url\" content=\"https:\/\/fontanals-solicitors.com\/fr\/tax-compliance\/\" \/>\n<meta property=\"og:site_name\" content=\"Real Estate Lawyers in Spain | Fontanals Solicitors\" \/>\n<meta property=\"article:modified_time\" content=\"2023-10-09T17:28:56+00:00\" \/>\n<meta property=\"og:image\" content=\"https:\/\/fontanals-solicitors.com\/wp-content\/uploads\/2023\/02\/tax-featured.jpg\" \/>\n\t<meta property=\"og:image:width\" content=\"1910\" \/>\n\t<meta property=\"og:image:height\" content=\"1276\" \/>\n\t<meta property=\"og:image:type\" content=\"image\/jpeg\" \/>\n<meta name=\"twitter:card\" content=\"summary_large_image\" \/>\n<meta name=\"twitter:label1\" content=\"Dur\u00e9e de lecture estim\u00e9e\" \/>\n\t<meta name=\"twitter:data1\" content=\"6 minutes\" \/>\n<script type=\"application\/ld+json\" class=\"yoast-schema-graph\">{\"@context\":\"https:\/\/schema.org\",\"@graph\":[{\"@type\":\"WebPage\",\"@id\":\"https:\/\/fontanals-solicitors.com\/fr\/tax-compliance\/\",\"url\":\"https:\/\/fontanals-solicitors.com\/fr\/tax-compliance\/\",\"name\":\"Solicitors Experts in Spanish Tax. Tax Advice and Compliance - Fontanals Solicitors\",\"isPartOf\":{\"@id\":\"https:\/\/fontanals-solicitors.com\/#website\"},\"datePublished\":\"2023-02-07T00:06:50+00:00\",\"dateModified\":\"2023-10-09T17:28:56+00:00\",\"description\":\"Fontanals Solicitors is your trusted team of solicitors experts in Spanish tax. We provide comprehensive tax advice, help you calculate your Spanish tax liability, assist with filing tax returns, and ensure compliance with Spanish tax laws. Contact us today!\",\"breadcrumb\":{\"@id\":\"https:\/\/fontanals-solicitors.com\/fr\/tax-compliance\/#breadcrumb\"},\"inLanguage\":\"fr-FR\",\"potentialAction\":[{\"@type\":\"ReadAction\",\"target\":[\"https:\/\/fontanals-solicitors.com\/fr\/tax-compliance\/\"]}]},{\"@type\":\"BreadcrumbList\",\"@id\":\"https:\/\/fontanals-solicitors.com\/fr\/tax-compliance\/#breadcrumb\",\"itemListElement\":[{\"@type\":\"ListItem\",\"position\":1,\"name\":\"Home\",\"item\":\"https:\/\/fontanals-solicitors.com\/fr\/\"},{\"@type\":\"ListItem\",\"position\":2,\"name\":\"Fiscalit\u00e9 et conformit\u00e9\"}]},{\"@type\":\"WebSite\",\"@id\":\"https:\/\/fontanals-solicitors.com\/#website\",\"url\":\"https:\/\/fontanals-solicitors.com\/\",\"name\":\"Real Estate Lawyers in Spain | Fontanals Solicitors\",\"description\":\"\",\"publisher\":{\"@id\":\"https:\/\/fontanals-solicitors.com\/#organization\"},\"potentialAction\":[{\"@type\":\"SearchAction\",\"target\":{\"@type\":\"EntryPoint\",\"urlTemplate\":\"https:\/\/fontanals-solicitors.com\/?s={search_term_string}\"},\"query-input\":\"required name=search_term_string\"}],\"inLanguage\":\"fr-FR\"},{\"@type\":\"Organization\",\"@id\":\"https:\/\/fontanals-solicitors.com\/#organization\",\"name\":\"Fontanals Solicitors\",\"url\":\"https:\/\/fontanals-solicitors.com\/\",\"logo\":{\"@type\":\"ImageObject\",\"inLanguage\":\"fr-FR\",\"@id\":\"https:\/\/fontanals-solicitors.com\/#\/schema\/logo\/image\/\",\"url\":\"https:\/\/fontanals-solicitors.com\/wp-content\/uploads\/2023\/06\/LOGO-FONTANALS-SOLICITORS-1.png\",\"contentUrl\":\"https:\/\/fontanals-solicitors.com\/wp-content\/uploads\/2023\/06\/LOGO-FONTANALS-SOLICITORS-1.png\",\"width\":1507,\"height\":507,\"caption\":\"Fontanals Solicitors\"},\"image\":{\"@id\":\"https:\/\/fontanals-solicitors.com\/#\/schema\/logo\/image\/\"}}]}<\/script>\n<!-- \/ Yoast SEO plugin. -->","yoast_head_json":{"title":"Solicitors Experts in Spanish Tax. Tax Advice and Compliance - Fontanals Solicitors","description":"Fontanals Solicitors is your trusted team of solicitors experts in Spanish tax. We provide comprehensive tax advice, help you calculate your Spanish tax liability, assist with filing tax returns, and ensure compliance with Spanish tax laws. Contact us today!","robots":{"index":"index","follow":"follow","max-snippet":"max-snippet:-1","max-image-preview":"max-image-preview:large","max-video-preview":"max-video-preview:-1"},"canonical":"https:\/\/fontanals-solicitors.com\/fr\/tax-compliance\/","og_locale":"fr_FR","og_type":"article","og_title":"Solicitors Experts in Spanish Tax. Tax Advice and Compliance - Fontanals Solicitors","og_description":"Fontanals Solicitors is your trusted team of solicitors experts in Spanish tax. We provide comprehensive tax advice, help you calculate your Spanish tax liability, assist with filing tax returns, and ensure compliance with Spanish tax laws. Contact us today!","og_url":"https:\/\/fontanals-solicitors.com\/fr\/tax-compliance\/","og_site_name":"Real Estate Lawyers in Spain | Fontanals Solicitors","article_modified_time":"2023-10-09T17:28:56+00:00","og_image":[{"width":1910,"height":1276,"url":"https:\/\/fontanals-solicitors.com\/wp-content\/uploads\/2023\/02\/tax-featured.jpg","type":"image\/jpeg"}],"twitter_card":"summary_large_image","twitter_misc":{"Dur\u00e9e de lecture estim\u00e9e":"6 minutes"},"schema":{"@context":"https:\/\/schema.org","@graph":[{"@type":"WebPage","@id":"https:\/\/fontanals-solicitors.com\/fr\/tax-compliance\/","url":"https:\/\/fontanals-solicitors.com\/fr\/tax-compliance\/","name":"Solicitors Experts in Spanish Tax. Tax Advice and Compliance - Fontanals Solicitors","isPartOf":{"@id":"https:\/\/fontanals-solicitors.com\/#website"},"datePublished":"2023-02-07T00:06:50+00:00","dateModified":"2023-10-09T17:28:56+00:00","description":"Fontanals Solicitors is your trusted team of solicitors experts in Spanish tax. We provide comprehensive tax advice, help you calculate your Spanish tax liability, assist with filing tax returns, and ensure compliance with Spanish tax laws. Contact us today!","breadcrumb":{"@id":"https:\/\/fontanals-solicitors.com\/fr\/tax-compliance\/#breadcrumb"},"inLanguage":"fr-FR","potentialAction":[{"@type":"ReadAction","target":["https:\/\/fontanals-solicitors.com\/fr\/tax-compliance\/"]}]},{"@type":"BreadcrumbList","@id":"https:\/\/fontanals-solicitors.com\/fr\/tax-compliance\/#breadcrumb","itemListElement":[{"@type":"ListItem","position":1,"name":"Home","item":"https:\/\/fontanals-solicitors.com\/fr\/"},{"@type":"ListItem","position":2,"name":"Fiscalit\u00e9 et conformit\u00e9"}]},{"@type":"WebSite","@id":"https:\/\/fontanals-solicitors.com\/#website","url":"https:\/\/fontanals-solicitors.com\/","name":"Real Estate Lawyers in Spain | Fontanals Solicitors","description":"","publisher":{"@id":"https:\/\/fontanals-solicitors.com\/#organization"},"potentialAction":[{"@type":"SearchAction","target":{"@type":"EntryPoint","urlTemplate":"https:\/\/fontanals-solicitors.com\/?s={search_term_string}"},"query-input":"required name=search_term_string"}],"inLanguage":"fr-FR"},{"@type":"Organization","@id":"https:\/\/fontanals-solicitors.com\/#organization","name":"Fontanals Solicitors","url":"https:\/\/fontanals-solicitors.com\/","logo":{"@type":"ImageObject","inLanguage":"fr-FR","@id":"https:\/\/fontanals-solicitors.com\/#\/schema\/logo\/image\/","url":"https:\/\/fontanals-solicitors.com\/wp-content\/uploads\/2023\/06\/LOGO-FONTANALS-SOLICITORS-1.png","contentUrl":"https:\/\/fontanals-solicitors.com\/wp-content\/uploads\/2023\/06\/LOGO-FONTANALS-SOLICITORS-1.png","width":1507,"height":507,"caption":"Fontanals Solicitors"},"image":{"@id":"https:\/\/fontanals-solicitors.com\/#\/schema\/logo\/image\/"}}]}},"_links":{"self":[{"href":"https:\/\/fontanals-solicitors.com\/fr\/wp-json\/wp\/v2\/pages\/889"}],"collection":[{"href":"https:\/\/fontanals-solicitors.com\/fr\/wp-json\/wp\/v2\/pages"}],"about":[{"href":"https:\/\/fontanals-solicitors.com\/fr\/wp-json\/wp\/v2\/types\/page"}],"author":[{"embeddable":true,"href":"https:\/\/fontanals-solicitors.com\/fr\/wp-json\/wp\/v2\/users\/2"}],"replies":[{"embeddable":true,"href":"https:\/\/fontanals-solicitors.com\/fr\/wp-json\/wp\/v2\/comments?post=889"}],"version-history":[{"count":2,"href":"https:\/\/fontanals-solicitors.com\/fr\/wp-json\/wp\/v2\/pages\/889\/revisions"}],"predecessor-version":[{"id":893,"href":"https:\/\/fontanals-solicitors.com\/fr\/wp-json\/wp\/v2\/pages\/889\/revisions\/893"}],"wp:featuredmedia":[{"embeddable":true,"href":"https:\/\/fontanals-solicitors.com\/fr\/wp-json\/wp\/v2\/media\/790"}],"wp:attachment":[{"href":"https:\/\/fontanals-solicitors.com\/fr\/wp-json\/wp\/v2\/media?parent=889"}],"wp:term":[{"taxonomy":"category","embeddable":true,"href":"https:\/\/fontanals-solicitors.com\/fr\/wp-json\/wp\/v2\/categories?post=889"}],"curies":[{"name":"wp","href":"https:\/\/api.w.org\/{rel}","templated":true}]}}