{"id":901,"date":"2023-02-07T00:07:25","date_gmt":"2023-02-07T00:07:25","guid":{"rendered":"https:\/\/fontanals-solicitors.com\/claims\/"},"modified":"2023-10-09T17:46:28","modified_gmt":"2023-10-09T17:46:28","slug":"claims","status":"publish","type":"page","link":"https:\/\/fontanals-solicitors.com\/fr\/claims\/","title":{"rendered":"R\u00e9clamations"},"content":{"rendered":"\n<div class=\"wp-block-columns fnt-main__group is-layout-flex wp-container-2\">\n<div class=\"wp-block-column fnt-main__group--begin fnt-main__group--span-4 is-layout-flow\" style=\"flex-basis:50%\">\n<h2 class=\"wp-block-heading\"><strong>Comment pouvons-nous vous aider ?<\/strong><\/h2>\n<\/div>\n<\/div>\n\n\n\n<div class=\"wp-block-columns fnt-main__group-bg is-layout-flex wp-container-5\">\n<div class=\"wp-block-column is-layout-flow\" style=\"flex-basis:50%\">\n<p>Nous sommes tous confront\u00e9s un jour ou l&rsquo;autre \u00e0 des situations injustes ou d\u00e9sagr\u00e9ables. Heureusement, l&rsquo;Espagne dispose d&rsquo;un syst\u00e8me juridique qui nous prot\u00e8ge des abus et des non-conformit\u00e9s. Dans presque toutes les situations, il est judicieux de demander l&rsquo;avis d&rsquo;un avocat.<\/p>\n<\/div>\n\n\n\n<div class=\"wp-block-column is-layout-flow\" style=\"flex-basis:50%\">\n<p>Nous pouvons vous aider \u00e0 \u00e9valuer les risques et les opportunit\u00e9s auxquels vous \u00eates confront\u00e9, en veillant \u00e0 ce que votre position soit objectivement favorable. Nous pouvons \u00e9galement vous indiquer les mesures \u00e0 prendre dans le cadre d&rsquo;une \u00e9ventuelle proc\u00e9dure judiciaire. Laissez-nous vous aider \u00e0 naviguer dans le syst\u00e8me juridique et \u00e0 prot\u00e9ger vos droits.<br><br><\/p>\n\n\n\n<p class=\"fnt-main__button fnt-main__group--begin fnt-main__group--span-3 has-medium-font-size\"><a href=\"https:\/\/fontanals-solicitors.com\/fr\/contact\/\">Planifier un appel gratuit<\/a><\/p>\n<\/div>\n<\/div>\n\n\n\n<div class=\"wp-block-columns fnt-main__group is-layout-flex wp-container-7\">\n<div class=\"wp-block-column fnt-main__group--begin fnt-main__group--span-4 is-layout-flow\" style=\"flex-basis:50%\">\n<h2 class=\"wp-block-heading\">Related services<\/h2>\n<\/div>\n<\/div>\n\n\n\n<div class=\"wp-block-group fnt-servicios is-layout-flex\">\n<div class=\"wp-block-group fnt-servicios__item is-nowrap is-layout-flex wp-container-9\">\n<figure class=\"wp-block-image size-full\"><img decoding=\"async\" src=\"https:\/\/fontanals-solicitors.com\/wp-content\/uploads\/2023\/02\/tribunal.svg\" alt=\"\" class=\"wp-image-266\"\/><\/figure>\n\n\n\n<div class=\"wp-block-group fnt-servicios__content is-vertical is-layout-flex wp-container-8\">\n<p class=\"fnt-servicios__title\"><strong>Banques<\/strong><\/p>\n\n\n\n<p class=\"fnt-servicios__description\">Nous vous aiderons \u00e0 r\u00e9diger et \u00e0 d\u00e9poser la plainte ou la r\u00e9clamation aupr\u00e8s de votre banque en Espagne.<\/p>\n<\/div>\n<\/div>\n\n\n\n<div class=\"wp-block-group fnt-servicios__item is-nowrap is-layout-flex wp-container-11\">\n<figure class=\"wp-block-image size-full\"><img decoding=\"async\" src=\"https:\/\/fontanals-solicitors.com\/wp-content\/uploads\/2023\/02\/administration.svg\" alt=\"\" class=\"wp-image-267\"\/><\/figure>\n\n\n\n<div class=\"wp-block-group fnt-servicios__content is-vertical is-layout-flex wp-container-10\">\n<p class=\"fnt-servicios__title\"><strong>Communaut\u00e9s de voisins<\/strong><\/p>\n\n\n\n<p class=\"fnt-servicios__description\">Si le dialogue ne permet pas de parvenir \u00e0 un accord, nous d\u00e9poserons une plainte officielle aupr\u00e8s de votre communaut\u00e9.<\/p>\n<\/div>\n<\/div>\n\n\n\n<div class=\"wp-block-group fnt-servicios__item is-nowrap is-layout-flex wp-container-13\">\n<figure class=\"wp-block-image size-full\"><img decoding=\"async\" src=\"https:\/\/fontanals-solicitors.com\/wp-content\/uploads\/2023\/02\/divorce.svg\" alt=\"\" class=\"wp-image-268\"\/><\/figure>\n\n\n\n<div class=\"wp-block-group fnt-servicios__content is-vertical is-layout-flex wp-container-12\">\n<p class=\"fnt-servicios__title\"><strong>Le divorce<\/strong><\/p>\n\n\n\n<p class=\"fnt-servicios__description\">Le divorce est une proc\u00e9dure juridique qui met fin \u00e0 la relation conjugale. Nos sp\u00e9cialistes vous aideront \u00e0 d\u00e9fendre vos int\u00e9r\u00eats<\/p>\n<\/div>\n<\/div>\n\n\n\n<div class=\"wp-block-group fnt-servicios__item is-nowrap is-layout-flex wp-container-15\">\n<figure class=\"wp-block-image size-full\"><img decoding=\"async\" src=\"https:\/\/fontanals-solicitors.com\/wp-content\/uploads\/2023\/02\/neighbours.svg\" alt=\"\" class=\"wp-image-269\"\/><\/figure>\n\n\n\n<div class=\"wp-block-group fnt-servicios__content is-vertical is-layout-flex wp-container-14\">\n<p class=\"fnt-servicios__title\"><strong>Administration<\/strong><\/p>\n\n\n\n<p class=\"fnt-servicios__description\">Si vous pensez qu&rsquo;une administration publique espagnole a viol\u00e9 l&rsquo;un de vos droits, nous vous aiderons \u00e0 traiter la plainte et vous accompagnerons jusqu&rsquo;\u00e0 la fin de la proc\u00e9dure.<\/p>\n<\/div>\n<\/div>\n\n\n\n<div class=\"wp-block-group fnt-servicios__item is-nowrap is-layout-flex wp-container-17\">\n<figure class=\"wp-block-image size-full\"><img decoding=\"async\" src=\"https:\/\/fontanals-solicitors.com\/wp-content\/uploads\/2023\/02\/suministros.svg\" alt=\"\" class=\"wp-image-251\"\/><\/figure>\n\n\n\n<div class=\"wp-block-group fnt-servicios__content is-vertical is-layout-flex wp-container-16\">\n<p class=\"fnt-servicios__title\"><strong>Fournitures<\/strong><\/p>\n\n\n\n<p class=\"fnt-servicios__description\">En tant que consommateur, vous pouvez d\u00e9poser des plaintes concernant les fournitures ; en cas de d\u00e9saccord, nous le ferons devant l&rsquo;organisme de consommateurs comp\u00e9tent.<\/p>\n<\/div>\n<\/div>\n\n\n\n<div class=\"wp-block-group fnt-servicios__item is-nowrap is-layout-flex wp-container-19\">\n<figure class=\"wp-block-image size-full\"><img decoding=\"async\" src=\"https:\/\/fontanals-solicitors.com\/wp-content\/uploads\/2023\/02\/tax_planning.svg\" alt=\"\" class=\"wp-image-226\"\/><\/figure>\n\n\n\n<div class=\"wp-block-group fnt-servicios__content is-vertical is-layout-flex wp-container-18\">\n<p class=\"fnt-servicios__title\"><strong>Gestion fiscale<\/strong><\/p>\n\n\n\n<p class=\"fnt-servicios__description\">Nous d\u00e9poserons pour vous la r\u00e9clamation \u00e9conomico-administrative contre les actes de l&rsquo;administration fiscale.<\/p>\n<\/div>\n<\/div>\n\n\n\n<div class=\"wp-block-group fnt-servicios__item is-nowrap is-layout-flex wp-container-21\">\n<figure class=\"wp-block-image size-full\"><img decoding=\"async\" src=\"https:\/\/fontanals-solicitors.com\/wp-content\/uploads\/2023\/02\/power-icon.svg\" alt=\"\" class=\"wp-image-84\"\/><\/figure>\n\n\n\n<div class=\"wp-block-group fnt-servicios__content is-vertical is-layout-flex wp-container-20\">\n<p class=\"fnt-servicios__title\"><strong>Procuration<\/strong><\/p>\n\n\n\n<p class=\"fnt-servicios__description\">Nous serons votre repr\u00e9sentant l\u00e9gal si vous ne pouvez pas \u00eatre physiquement pr\u00e9sent et que vous en avez besoin.<\/p>\n<\/div>\n<\/div>\n\n\n\n<div class=\"wp-block-group fnt-servicios__item is-nowrap is-layout-flex wp-container-23\">\n<figure class=\"wp-block-image size-full\"><img decoding=\"async\" src=\"https:\/\/fontanals-solicitors.com\/wp-content\/uploads\/2023\/02\/banks.svg\" alt=\"\" class=\"wp-image-270\"\/><\/figure>\n\n\n\n<div class=\"wp-block-group fnt-servicios__content is-vertical is-layout-flex wp-container-22\">\n<p class=\"fnt-servicios__title\"><strong>Tribunal<\/strong><\/p>\n\n\n\n<p class=\"fnt-servicios__description\">Lorem ipsum dolor sit amet consectetur adipiscing elit eleifend, taciti libero erat sollici-tudin mus convallis.<\/p>\n<\/div>\n<\/div>\n<\/div>\n\n\n\n<div class=\"wp-block-columns fnt-main__group is-layout-flex wp-container-27\">\n<div class=\"wp-block-column fnt-main__group--begin fnt-main__group--span-4 is-layout-flow\" style=\"flex-basis:50%\">\n<h2 class=\"wp-block-heading\">Questions fr\u00e9quemment pos\u00e9es<\/h2>\n<\/div>\n\n\n\n<div class=\"wp-block-column fnt-main__group--span-6 fnt-main__group--begin-mid is-layout-flow\" style=\"flex-basis:50%\">\n<details class=\"wp-block-fontanals-blocks-faq\"><summary class=\"question\"><h2>Quels sont les pouvoirs qu&rsquo;il est courant d&rsquo;inclure dans une procuration pour l&rsquo;achat d&rsquo;un bien immobilier? <\/h2><img decoding=\"async\" src=\"data:image\/svg+xml;base64,PHN2ZyB4bWxucz0iaHR0cDovL3d3dy53My5vcmcvMjAwMC9zdmciIHdpZHRoPSIxMC44MiIgaGVpZ2h0PSI2LjU0MSIgdmlld0JveD0iMCAwIDEwLjgyIDYuNTQxIj4NCiAgPHBhdGggaWQ9ImFycm93LWRvd24iIGQ9Ik0xMC44MiwzLjIzOSw1LjQxLDguNjQ5LDAsMy4yMzksMS4xMzEsMi4xMDgsNS40MSw2LjM3LDkuNjcyLDIuMTA4WiIgdHJhbnNmb3JtPSJ0cmFuc2xhdGUoMCAtMi4xMDgpIi8+DQo8L3N2Zz4NCg==\" alt=\"Triangulo\"\/><\/summary><div class=\"answer\">\n<p>1- Repr\u00e9senter la personne qui obtient le NIE (num\u00e9ro d&rsquo;identification des \u00e9trangers) devant la police espagnole.<\/p>\n\n\n\n<p>2- Entretenir en votre nom les relations avec le vendeur (promoteur ou propri\u00e9taire) de la mani\u00e8re la plus efficace possible.<\/p>\n\n\n\n<p>3- Payer les imp\u00f4ts en votre nom, en pr\u00e9servant toujours vos int\u00e9r\u00eats vis-\u00e0-vis des autorit\u00e9s fiscales en tant que vos repr\u00e9sentants.<\/p>\n\n\n\n<p>4- R\u00e9clamer et d\u00e9fendre sa position devant l&rsquo;administration publique face aux notifications et aux exigences, en suivant toute proc\u00e9dure administrative pour obtenir le r\u00e9sultat le plus favorable.<\/p>\n\n\n\n<p>5- Agir en tant que repr\u00e9sentant fiscal en Espagne aux fins requises par la loi.<\/p>\n\n\n\n<p>6- Ouvrir et suivre les comptes bancaires en votre absence, les maintenir actifs et toujours sous vos instructions.<\/p>\n\n\n\n<p>7- Se pr\u00e9senter devant les notaires et les registres fonciers pour couvrir tout besoin pendant ou apr\u00e8s le processus d&rsquo;achat.<\/p>\n<\/div><\/details>\n\n\n\n<details class=\"wp-block-fontanals-blocks-faq\"><summary class=\"question\"><h2>Dois-je payer des imp\u00f4ts en Espagne si je suis propri\u00e9taire d&rsquo;un bien immobilier ?<\/h2><img decoding=\"async\" src=\"data:image\/svg+xml;base64,PHN2ZyB4bWxucz0iaHR0cDovL3d3dy53My5vcmcvMjAwMC9zdmciIHdpZHRoPSIxMC44MiIgaGVpZ2h0PSI2LjU0MSIgdmlld0JveD0iMCAwIDEwLjgyIDYuNTQxIj4NCiAgPHBhdGggaWQ9ImFycm93LWRvd24iIGQ9Ik0xMC44MiwzLjIzOSw1LjQxLDguNjQ5LDAsMy4yMzksMS4xMzEsMi4xMDgsNS40MSw2LjM3LDkuNjcyLDIuMTA4WiIgdHJhbnNmb3JtPSJ0cmFuc2xhdGUoMCAtMi4xMDgpIi8+DQo8L3N2Zz4NCg==\" alt=\"Triangulo\"\/><\/summary><div class=\"answer\">\n<p>In Spain, any person who owns a property has to pay annual taxes.<\/p>\n\n\n\n<p><strong>Residents:<\/strong><\/p>\n\n\n\n<p>En Espagne, toute personne qui poss\u00e8de une propri\u00e9t\u00e9 doit payer des imp\u00f4ts annuels.<\/p>\n\n\n\n<p><strong>Les r\u00e9sidents :<\/strong><\/p>\n\n\n\n<ol type=\"1\">\n<li>Taxe fonci\u00e8re (IBI)<\/li>\n\n\n\n<li>Imp\u00f4t sur le revenu<\/li>\n\n\n\n<li>Imp\u00f4t sur les plus-values.<\/li>\n<\/ol>\n\n\n\n<p><strong>Non-r\u00e9sidents :<\/strong><\/p>\n\n\n\n<ol type=\"1\">\n<li>Taxe fonci\u00e8re (IBI)<\/li>\n\n\n\n<li>Imp\u00f4t sur le revenu des non-r\u00e9sidents.<\/li>\n<\/ol>\n<\/div><\/details>\n\n\n\n<details class=\"wp-block-fontanals-blocks-faq\"><summary class=\"question\"><h2>Quelles taxes dois-je payer lorsque j&rsquo;ach\u00e8te un bien immobilier existant?<\/h2><img decoding=\"async\" src=\"data:image\/svg+xml;base64,PHN2ZyB4bWxucz0iaHR0cDovL3d3dy53My5vcmcvMjAwMC9zdmciIHdpZHRoPSIxMC44MiIgaGVpZ2h0PSI2LjU0MSIgdmlld0JveD0iMCAwIDEwLjgyIDYuNTQxIj4NCiAgPHBhdGggaWQ9ImFycm93LWRvd24iIGQ9Ik0xMC44MiwzLjIzOSw1LjQxLDguNjQ5LDAsMy4yMzksMS4xMzEsMi4xMDgsNS40MSw2LjM3LDkuNjcyLDIuMTA4WiIgdHJhbnNmb3JtPSJ0cmFuc2xhdGUoMCAtMi4xMDgpIi8+DQo8L3N2Zz4NCg==\" alt=\"Triangulo\"\/><\/summary><div class=\"answer\">\n<p>Lors de l&rsquo;achat d&rsquo;un bien immobilier existant, vous devez payer exclusivement un droit de mutation (et non la TVA). En fonction du prix d&rsquo;achat, les taxes sont d\u00e9gressives : 10 % dans la Communaut\u00e9 de Valence (Costa Blanca), ce dernier pourcentage variant dans la Communaut\u00e9 de Murcie (Costa C\u00e1lida) jusqu&rsquo;\u00e0 8 %.<\/p>\n<\/div><\/details>\n<\/div>\n<\/div>\n","protected":false},"excerpt":{"rendered":"<p>Comment pouvons-nous vous aider ? Nous sommes tous confront\u00e9s un jour ou l&rsquo;autre \u00e0 des situations injustes ou d\u00e9sagr\u00e9ables. Heureusement, l&rsquo;Espagne dispose d&rsquo;un syst\u00e8me juridique qui nous prot\u00e8ge des abus et des non-conformit\u00e9s. Dans presque toutes les situations, il est judicieux de demander l&rsquo;avis d&rsquo;un avocat. Nous pouvons vous aider \u00e0 \u00e9valuer les risques et [&hellip;]<\/p>\n","protected":false},"author":2,"featured_media":792,"parent":0,"menu_order":0,"comment_status":"closed","ping_status":"closed","template":"","meta":[],"categories":[20],"yoast_head":"<!-- This site is optimized with the Yoast SEO plugin v21.4 - https:\/\/yoast.com\/wordpress\/plugins\/seo\/ -->\n<title>Property Claims Lawyers in Spain - Fontanals Solicitors<\/title>\n<meta name=\"description\" content=\"Fontanals Solicitors is a leading law firm in Spain specializing in property claims. Our expert lawyers provide professional legal advice and representation to victims of conveyancing negligence, property mis-description, property fraud, and more. If you have experienced any issues related to your property, seek legal guidance from our experienced team today.\" \/>\n<meta name=\"robots\" content=\"index, follow, max-snippet:-1, max-image-preview:large, max-video-preview:-1\" \/>\n<link rel=\"canonical\" href=\"https:\/\/fontanals-solicitors.com\/fr\/claims\/\" \/>\n<meta property=\"og:locale\" content=\"fr_FR\" \/>\n<meta property=\"og:type\" content=\"article\" \/>\n<meta property=\"og:title\" content=\"Property Claims Lawyers in Spain - Fontanals Solicitors\" \/>\n<meta property=\"og:description\" content=\"Fontanals Solicitors is a leading law firm in Spain specializing in property claims. Our expert lawyers provide professional legal advice and representation to victims of conveyancing negligence, property mis-description, property fraud, and more. If you have experienced any issues related to your property, seek legal guidance from our experienced team today.\" \/>\n<meta property=\"og:url\" content=\"https:\/\/fontanals-solicitors.com\/fr\/claims\/\" \/>\n<meta property=\"og:site_name\" content=\"Real Estate Lawyers in Spain | Fontanals Solicitors\" \/>\n<meta property=\"article:modified_time\" content=\"2023-10-09T17:46:28+00:00\" \/>\n<meta property=\"og:image\" content=\"https:\/\/fontanals-solicitors.com\/wp-content\/uploads\/2023\/02\/claims-featured-scaled.jpg\" \/>\n\t<meta property=\"og:image:width\" content=\"1707\" \/>\n\t<meta property=\"og:image:height\" content=\"2560\" \/>\n\t<meta property=\"og:image:type\" content=\"image\/jpeg\" \/>\n<meta name=\"twitter:card\" content=\"summary_large_image\" \/>\n<meta name=\"twitter:label1\" content=\"Dur\u00e9e de lecture estim\u00e9e\" \/>\n\t<meta name=\"twitter:data1\" content=\"6 minutes\" \/>\n<script type=\"application\/ld+json\" class=\"yoast-schema-graph\">{\"@context\":\"https:\/\/schema.org\",\"@graph\":[{\"@type\":\"WebPage\",\"@id\":\"https:\/\/fontanals-solicitors.com\/fr\/claims\/\",\"url\":\"https:\/\/fontanals-solicitors.com\/fr\/claims\/\",\"name\":\"Property Claims Lawyers in Spain - Fontanals Solicitors\",\"isPartOf\":{\"@id\":\"https:\/\/fontanals-solicitors.com\/#website\"},\"datePublished\":\"2023-02-07T00:07:25+00:00\",\"dateModified\":\"2023-10-09T17:46:28+00:00\",\"description\":\"Fontanals Solicitors is a leading law firm in Spain specializing in property claims. Our expert lawyers provide professional legal advice and representation to victims of conveyancing negligence, property mis-description, property fraud, and more. If you have experienced any issues related to your property, seek legal guidance from our experienced team today.\",\"breadcrumb\":{\"@id\":\"https:\/\/fontanals-solicitors.com\/fr\/claims\/#breadcrumb\"},\"inLanguage\":\"fr-FR\",\"potentialAction\":[{\"@type\":\"ReadAction\",\"target\":[\"https:\/\/fontanals-solicitors.com\/fr\/claims\/\"]}]},{\"@type\":\"BreadcrumbList\",\"@id\":\"https:\/\/fontanals-solicitors.com\/fr\/claims\/#breadcrumb\",\"itemListElement\":[{\"@type\":\"ListItem\",\"position\":1,\"name\":\"Home\",\"item\":\"https:\/\/fontanals-solicitors.com\/fr\/\"},{\"@type\":\"ListItem\",\"position\":2,\"name\":\"R\u00e9clamations\"}]},{\"@type\":\"WebSite\",\"@id\":\"https:\/\/fontanals-solicitors.com\/#website\",\"url\":\"https:\/\/fontanals-solicitors.com\/\",\"name\":\"Real Estate Lawyers in Spain | Fontanals Solicitors\",\"description\":\"\",\"publisher\":{\"@id\":\"https:\/\/fontanals-solicitors.com\/#organization\"},\"potentialAction\":[{\"@type\":\"SearchAction\",\"target\":{\"@type\":\"EntryPoint\",\"urlTemplate\":\"https:\/\/fontanals-solicitors.com\/?s={search_term_string}\"},\"query-input\":\"required name=search_term_string\"}],\"inLanguage\":\"fr-FR\"},{\"@type\":\"Organization\",\"@id\":\"https:\/\/fontanals-solicitors.com\/#organization\",\"name\":\"Fontanals Solicitors\",\"url\":\"https:\/\/fontanals-solicitors.com\/\",\"logo\":{\"@type\":\"ImageObject\",\"inLanguage\":\"fr-FR\",\"@id\":\"https:\/\/fontanals-solicitors.com\/#\/schema\/logo\/image\/\",\"url\":\"https:\/\/fontanals-solicitors.com\/wp-content\/uploads\/2023\/06\/LOGO-FONTANALS-SOLICITORS-1.png\",\"contentUrl\":\"https:\/\/fontanals-solicitors.com\/wp-content\/uploads\/2023\/06\/LOGO-FONTANALS-SOLICITORS-1.png\",\"width\":1507,\"height\":507,\"caption\":\"Fontanals Solicitors\"},\"image\":{\"@id\":\"https:\/\/fontanals-solicitors.com\/#\/schema\/logo\/image\/\"}}]}<\/script>\n<!-- \/ Yoast SEO plugin. -->","yoast_head_json":{"title":"Property Claims Lawyers in Spain - Fontanals Solicitors","description":"Fontanals Solicitors is a leading law firm in Spain specializing in property claims. Our expert lawyers provide professional legal advice and representation to victims of conveyancing negligence, property mis-description, property fraud, and more. If you have experienced any issues related to your property, seek legal guidance from our experienced team today.","robots":{"index":"index","follow":"follow","max-snippet":"max-snippet:-1","max-image-preview":"max-image-preview:large","max-video-preview":"max-video-preview:-1"},"canonical":"https:\/\/fontanals-solicitors.com\/fr\/claims\/","og_locale":"fr_FR","og_type":"article","og_title":"Property Claims Lawyers in Spain - Fontanals Solicitors","og_description":"Fontanals Solicitors is a leading law firm in Spain specializing in property claims. Our expert lawyers provide professional legal advice and representation to victims of conveyancing negligence, property mis-description, property fraud, and more. If you have experienced any issues related to your property, seek legal guidance from our experienced team today.","og_url":"https:\/\/fontanals-solicitors.com\/fr\/claims\/","og_site_name":"Real Estate Lawyers in Spain | Fontanals Solicitors","article_modified_time":"2023-10-09T17:46:28+00:00","og_image":[{"width":1707,"height":2560,"url":"https:\/\/fontanals-solicitors.com\/wp-content\/uploads\/2023\/02\/claims-featured-scaled.jpg","type":"image\/jpeg"}],"twitter_card":"summary_large_image","twitter_misc":{"Dur\u00e9e de lecture estim\u00e9e":"6 minutes"},"schema":{"@context":"https:\/\/schema.org","@graph":[{"@type":"WebPage","@id":"https:\/\/fontanals-solicitors.com\/fr\/claims\/","url":"https:\/\/fontanals-solicitors.com\/fr\/claims\/","name":"Property Claims Lawyers in Spain - Fontanals Solicitors","isPartOf":{"@id":"https:\/\/fontanals-solicitors.com\/#website"},"datePublished":"2023-02-07T00:07:25+00:00","dateModified":"2023-10-09T17:46:28+00:00","description":"Fontanals Solicitors is a leading law firm in Spain specializing in property claims. Our expert lawyers provide professional legal advice and representation to victims of conveyancing negligence, property mis-description, property fraud, and more. If you have experienced any issues related to your property, seek legal guidance from our experienced team today.","breadcrumb":{"@id":"https:\/\/fontanals-solicitors.com\/fr\/claims\/#breadcrumb"},"inLanguage":"fr-FR","potentialAction":[{"@type":"ReadAction","target":["https:\/\/fontanals-solicitors.com\/fr\/claims\/"]}]},{"@type":"BreadcrumbList","@id":"https:\/\/fontanals-solicitors.com\/fr\/claims\/#breadcrumb","itemListElement":[{"@type":"ListItem","position":1,"name":"Home","item":"https:\/\/fontanals-solicitors.com\/fr\/"},{"@type":"ListItem","position":2,"name":"R\u00e9clamations"}]},{"@type":"WebSite","@id":"https:\/\/fontanals-solicitors.com\/#website","url":"https:\/\/fontanals-solicitors.com\/","name":"Real Estate Lawyers in Spain | Fontanals Solicitors","description":"","publisher":{"@id":"https:\/\/fontanals-solicitors.com\/#organization"},"potentialAction":[{"@type":"SearchAction","target":{"@type":"EntryPoint","urlTemplate":"https:\/\/fontanals-solicitors.com\/?s={search_term_string}"},"query-input":"required name=search_term_string"}],"inLanguage":"fr-FR"},{"@type":"Organization","@id":"https:\/\/fontanals-solicitors.com\/#organization","name":"Fontanals Solicitors","url":"https:\/\/fontanals-solicitors.com\/","logo":{"@type":"ImageObject","inLanguage":"fr-FR","@id":"https:\/\/fontanals-solicitors.com\/#\/schema\/logo\/image\/","url":"https:\/\/fontanals-solicitors.com\/wp-content\/uploads\/2023\/06\/LOGO-FONTANALS-SOLICITORS-1.png","contentUrl":"https:\/\/fontanals-solicitors.com\/wp-content\/uploads\/2023\/06\/LOGO-FONTANALS-SOLICITORS-1.png","width":1507,"height":507,"caption":"Fontanals Solicitors"},"image":{"@id":"https:\/\/fontanals-solicitors.com\/#\/schema\/logo\/image\/"}}]}},"_links":{"self":[{"href":"https:\/\/fontanals-solicitors.com\/fr\/wp-json\/wp\/v2\/pages\/901"}],"collection":[{"href":"https:\/\/fontanals-solicitors.com\/fr\/wp-json\/wp\/v2\/pages"}],"about":[{"href":"https:\/\/fontanals-solicitors.com\/fr\/wp-json\/wp\/v2\/types\/page"}],"author":[{"embeddable":true,"href":"https:\/\/fontanals-solicitors.com\/fr\/wp-json\/wp\/v2\/users\/2"}],"replies":[{"embeddable":true,"href":"https:\/\/fontanals-solicitors.com\/fr\/wp-json\/wp\/v2\/comments?post=901"}],"version-history":[{"count":1,"href":"https:\/\/fontanals-solicitors.com\/fr\/wp-json\/wp\/v2\/pages\/901\/revisions"}],"predecessor-version":[{"id":903,"href":"https:\/\/fontanals-solicitors.com\/fr\/wp-json\/wp\/v2\/pages\/901\/revisions\/903"}],"wp:featuredmedia":[{"embeddable":true,"href":"https:\/\/fontanals-solicitors.com\/fr\/wp-json\/wp\/v2\/media\/792"}],"wp:attachment":[{"href":"https:\/\/fontanals-solicitors.com\/fr\/wp-json\/wp\/v2\/media?parent=901"}],"wp:term":[{"taxonomy":"category","embeddable":true,"href":"https:\/\/fontanals-solicitors.com\/fr\/wp-json\/wp\/v2\/categories?post=901"}],"curies":[{"name":"wp","href":"https:\/\/api.w.org\/{rel}","templated":true}]}}