{"id":907,"date":"2023-02-07T00:07:05","date_gmt":"2023-02-07T00:07:05","guid":{"rendered":"https:\/\/fontanals-solicitors.com\/convenience\/"},"modified":"2023-10-09T18:01:59","modified_gmt":"2023-10-09T18:01:59","slug":"convenience","status":"publish","type":"page","link":"https:\/\/fontanals-solicitors.com\/fr\/convenience\/","title":{"rendered":"Convenience+"},"content":{"rendered":"\n<div class=\"wp-block-columns fnt-main__group is-layout-flex wp-container-4\">\n<div class=\"wp-block-column fnt-main__group--begin fnt-main__group--span-4 is-layout-flow\" style=\"flex-basis:50%\">\n<h2 class=\"wp-block-heading\"><strong>Nos services de simplification de la bureaucratie<\/strong>.<\/h2>\n<\/div>\n\n\n\n<div class=\"wp-block-column fnt-main__group--span-6 fnt-main__group--begin-mid is-layout-flow\" style=\"flex-basis:50%\">\n<div class=\"wp-block-group fnt-main__group-text-button is-vertical is-layout-flex wp-container-2\">\n<p class=\"fnt-main__group--begin fnt-main__group--span-6\">Traiter avec des agences gouvernementales, qu&rsquo;elles soient nationales ou \u00e9trang\u00e8res, peut \u00eatre une exp\u00e9rience frustrante et chronophage. En tant que cabinet d&rsquo;avocats sp\u00e9cialis\u00e9, nous sommes l\u00e0 pour vous faciliter la t\u00e2che.<\/p>\n\n\n\n<p class=\"fnt-main__group--begin fnt-main__group--span-6\">Que vous soyez dans le pays ou \u00e0 l&rsquo;\u00e9tranger, nous simplifierons la bureaucratie et veillerons \u00e0 ce que toute situation soit r\u00e9solue de mani\u00e8re efficace et s\u00fbre. Laissez-nous nous occuper de la complexit\u00e9, afin que vous puissiez vous concentrer sur ce qui compte pour vous.<br><br>\u00c1 Fontanals Solicitors, nous sommes sp\u00e9cialis\u00e9s dans la simplification de la bureaucratie et la gestion efficace des r\u00e9glementations gouvernementales. Notre \u00e9quipe d&rsquo;experts poss\u00e8de une connaissance approfondie des proc\u00e9dures administratives et des exigences l\u00e9gales. Nous travaillons en \u00e9troite collaboration avec vous pour identifier les d\u00e9fis sp\u00e9cifiques et d\u00e9velopper des strat\u00e9gies sur mesure qui vous permettent de naviguer avec succ\u00e8s dans les complexit\u00e9s bureaucratiques.<\/p>\n\n\n\n<p><\/p>\n\n\n\n<p class=\"fnt-main__button fnt-main__group--begin fnt-main__group--span-3 has-medium-font-size\"><a href=\"https:\/\/fontanals-solicitors.com\/fr\/contact\/\">Parlons-en maintenant!<\/a><\/p>\n<\/div>\n<\/div>\n<\/div>\n\n\n\n<div class=\"wp-block-columns fnt-main__group is-layout-flex wp-container-6\">\n<div class=\"wp-block-column fnt-main__group--begin fnt-main__group--span-4 is-layout-flow\" style=\"flex-basis:50%\">\n<h2 class=\"wp-block-heading\">Qu&rsquo;est-ce qu&rsquo;une procuration et \u00e0 quoi sert-elle?<\/h2>\n<\/div>\n<\/div>\n\n\n\n<div class=\"wp-block-columns fnt-main__group-bg is-layout-flex wp-container-9\">\n<div class=\"wp-block-column is-layout-flow\" style=\"flex-basis:50%\">\n<p>Une procuration est un document juridique qui donne \u00e0 une personne le pouvoir d&rsquo;agir au nom d&rsquo;une autre dans des domaines juridiques et financiers sp\u00e9cifiques ou dans tous les domaines. Une procuration g\u00e9n\u00e9rale conf\u00e8re des pouvoirs \u00e9tendus, tandis qu&rsquo;une procuration sp\u00e9ciale est limit\u00e9e \u00e0 des situations sp\u00e9cifiques.<\/p>\n\n\n\n<p>La procuration est utile pour les non-r\u00e9sidents en Espagne, notamment lors de l&rsquo;achat ou de la vente d&rsquo;une maison, mais elle a \u00e9galement de nombreuses autres applications.<\/p>\n<\/div>\n\n\n\n<div class=\"wp-block-column is-layout-flow\" style=\"flex-basis:50%\">\n<p>En nous donnant une procuration, nous pouvons agir en votre nom aupr\u00e8s des agences gouvernementales et g\u00e9rer les proc\u00e9dures n\u00e9cessaires. Vous n&rsquo;avez ainsi plus \u00e0 vous occuper directement des processus bureaucratiques. Nous nous occupons de tout, de la collecte des documents \u00e0 la soumission des demandes, en veillant \u00e0 ce que vos processus soient men\u00e9s de mani\u00e8re efficace et pr\u00e9cise.<\/p>\n<\/div>\n<\/div>\n\n\n\n<div class=\"wp-block-columns fnt-main__group is-layout-flex wp-container-11\">\n<div class=\"wp-block-column fnt-main__group--begin fnt-main__group--span-4 is-layout-flow\" style=\"flex-basis:50%\">\n<h2 class=\"wp-block-heading\">Services associ\u00e9s<\/h2>\n<\/div>\n<\/div>\n\n\n\n<div class=\"wp-block-group fnt-servicios is-layout-flex\">\n<div class=\"wp-block-group fnt-servicios__item is-nowrap is-layout-flex wp-container-13\">\n<figure class=\"wp-block-image size-full\"><img decoding=\"async\" src=\"https:\/\/fontanals-solicitors.com\/wp-content\/uploads\/2023\/02\/importacion.svg\" alt=\"\" class=\"wp-image-256\"\/><\/figure>\n\n\n\n<div class=\"wp-block-group fnt-servicios__content is-vertical is-layout-flex wp-container-12\">\n<p class=\"fnt-servicios__title\"><strong>Importation de marchandises<\/strong><\/p>\n\n\n\n<p class=\"fnt-servicios__description\">Nous vous aidons \u00e0 \u00e9tablir les documents sp\u00e9cifiques et les taxes sur les importations conform\u00e9ment \u00e0 la l\u00e9gislation en vigueur.<\/p>\n<\/div>\n<\/div>\n\n\n\n<div class=\"wp-block-group fnt-servicios__item is-nowrap is-layout-flex wp-container-15\">\n<figure class=\"wp-block-image size-full\"><img decoding=\"async\" src=\"https:\/\/fontanals-solicitors.com\/wp-content\/uploads\/2023\/02\/okupas.svg\" alt=\"\" class=\"wp-image-255\"\/><\/figure>\n\n\n\n<div class=\"wp-block-group fnt-servicios__content is-vertical is-layout-flex wp-container-14\">\n<p class=\"fnt-servicios__title\"><strong><strong>Pr\u00e9vention des squatteur<\/strong><\/strong><\/p>\n\n\n\n<p class=\"fnt-servicios__description\">Profitez de notre exp\u00e9rience dans le secteur de l&rsquo;immobilier et nous vous conseillerons sur les meilleures mesures \u00e0 prendre pour \u00e9viter les squatteurs dans votre logement.<\/p>\n<\/div>\n<\/div>\n\n\n\n<div class=\"wp-block-group fnt-servicios__item is-nowrap is-layout-flex wp-container-17\">\n<figure class=\"wp-block-image size-full\"><img decoding=\"async\" src=\"https:\/\/fontanals-solicitors.com\/wp-content\/uploads\/2023\/02\/traduccion.svg\" alt=\"\" class=\"wp-image-254\"\/><\/figure>\n\n\n\n<div class=\"wp-block-group fnt-servicios__content is-vertical is-layout-flex wp-container-16\">\n<p class=\"fnt-servicios__title\"><strong>Traduction officielle<\/strong><\/p>\n\n\n\n<p class=\"fnt-servicios__description\">Nous vous offrons un service officiel, rapide et professionnel dans plusieurs langues.<\/p>\n<\/div>\n<\/div>\n\n\n\n<div class=\"wp-block-group fnt-servicios__item is-nowrap is-layout-flex wp-container-19\">\n<figure class=\"wp-block-image size-full\"><img decoding=\"async\" src=\"https:\/\/fontanals-solicitors.com\/wp-content\/uploads\/2023\/02\/energetico.svg\" alt=\"\" class=\"wp-image-253\"\/><\/figure>\n\n\n\n<div class=\"wp-block-group fnt-servicios__content is-vertical is-layout-flex wp-container-18\">\n<p class=\"fnt-servicios__title\"><strong>Certificat \u00e9nerg\u00e9tique<\/strong><\/p>\n\n\n\n<p class=\"fnt-servicios__description\">Obtenir le document officiel \u00e9tabli par un technicien avec des informations objectives sur les caract\u00e9ristiques \u00e9nerg\u00e9tiques de votre bien.<\/p>\n<\/div>\n<\/div>\n\n\n\n<div class=\"wp-block-group fnt-servicios__item is-nowrap is-layout-flex wp-container-21\">\n<figure class=\"wp-block-image size-full\"><img decoding=\"async\" src=\"https:\/\/fontanals-solicitors.com\/wp-content\/uploads\/2023\/02\/ampliacion.svg\" alt=\"\" class=\"wp-image-252\"\/><\/figure>\n\n\n\n<div class=\"wp-block-group fnt-servicios__content is-vertical is-layout-flex wp-container-20\">\n<p class=\"fnt-servicios__title\"><strong>Permis d&rsquo;extension<\/strong><\/p>\n\n\n\n<p class=\"fnt-servicios__description\">Confiez-nous la gestion de la documentation n\u00e9cessaire pour l\u00e9galiser toute extension\/construction dans votre maison.<\/p>\n<\/div>\n<\/div>\n\n\n\n<div class=\"wp-block-group fnt-servicios__item is-nowrap is-layout-flex wp-container-23\">\n<figure class=\"wp-block-image size-full\"><img decoding=\"async\" src=\"https:\/\/fontanals-solicitors.com\/wp-content\/uploads\/2023\/02\/suministros.svg\" alt=\"\" class=\"wp-image-251\"\/><\/figure>\n\n\n\n<div class=\"wp-block-group fnt-servicios__content is-vertical is-layout-flex wp-container-22\">\n<p class=\"fnt-servicios__title\"><strong>Contrats de fournitures<\/strong><\/p>\n\n\n\n<p class=\"fnt-servicios__description\">Nous enregistrons les contrats avec les soci\u00e9t\u00e9s d&rsquo;approvisionnement pour les nouveaux logements et le changement de propri\u00e9taire et la domiciliation pour les logements existants.<\/p>\n<\/div>\n<\/div>\n\n\n\n<div class=\"wp-block-group fnt-servicios__item is-nowrap is-layout-flex wp-container-25\">\n<figure class=\"wp-block-image size-full\"><img decoding=\"async\" src=\"https:\/\/fontanals-solicitors.com\/wp-content\/uploads\/2023\/02\/power-icon.svg\" alt=\"\" class=\"wp-image-84\"\/><\/figure>\n\n\n\n<div class=\"wp-block-group fnt-servicios__content is-vertical is-layout-flex wp-container-24\">\n<p class=\"fnt-servicios__title\"><strong>Assurance<\/strong><\/p>\n\n\n\n<p class=\"fnt-servicios__description\">Nous vous donnons acc\u00e8s \u00e0 des devis de diff\u00e9rentes compagnies d&rsquo;assurance, y compris la couverture qui correspond le mieux \u00e0 vos besoins<\/p>\n<\/div>\n<\/div>\n<\/div>\n\n\n\n<div class=\"wp-block-columns fnt-main__group is-layout-flex wp-container-29\">\n<div class=\"wp-block-column fnt-main__group--begin fnt-main__group--span-4 is-layout-flow\" style=\"flex-basis:50%\">\n<h2 class=\"wp-block-heading\">Questions fr\u00e9quemment pos\u00e9es<\/h2>\n<\/div>\n\n\n\n<div class=\"wp-block-column fnt-main__group--span-6 fnt-main__group--begin-mid is-layout-flow\" style=\"flex-basis:50%\">\n<details class=\"wp-block-fontanals-blocks-faq\"><summary class=\"question\"><h2>Quels sont les pouvoirs qu&rsquo;il est courant d&rsquo;inclure dans une procuration pour l&rsquo;achat d&rsquo;un bien immobilier?<\/h2><img decoding=\"async\" src=\"data:image\/svg+xml;base64,PHN2ZyB4bWxucz0iaHR0cDovL3d3dy53My5vcmcvMjAwMC9zdmciIHdpZHRoPSIxMC44MiIgaGVpZ2h0PSI2LjU0MSIgdmlld0JveD0iMCAwIDEwLjgyIDYuNTQxIj4NCiAgPHBhdGggaWQ9ImFycm93LWRvd24iIGQ9Ik0xMC44MiwzLjIzOSw1LjQxLDguNjQ5LDAsMy4yMzksMS4xMzEsMi4xMDgsNS40MSw2LjM3LDkuNjcyLDIuMTA4WiIgdHJhbnNmb3JtPSJ0cmFuc2xhdGUoMCAtMi4xMDgpIi8+DQo8L3N2Zz4NCg==\" alt=\"Triangulo\"\/><\/summary><div class=\"answer\">\n<ol>\n<li>Repr\u00e9senter la personne qui obtient le NIE (num\u00e9ro d&rsquo;identification des \u00e9trangers) devant la police espagnole.<\/li>\n\n\n\n<li>Entretenir en votre nom les relations avec le vendeur (promoteur ou propri\u00e9taire) de la mani\u00e8re la plus efficace possible.<\/li>\n\n\n\n<li>Payer les imp\u00f4ts en votre nom, en pr\u00e9servant toujours vos int\u00e9r\u00eats vis-\u00e0-vis des autorit\u00e9s fiscales en tant que vos repr\u00e9sentants.<\/li>\n\n\n\n<li>R\u00e9clamer et d\u00e9fendre sa position devant l&rsquo;administration publique face aux notifications et aux exigences, en suivant toute proc\u00e9dure administrative pour obtenir le r\u00e9sultat le plus favorable.<\/li>\n\n\n\n<li>Agir en tant que repr\u00e9sentant fiscal en Espagne aux fins requises par la loi.<\/li>\n\n\n\n<li>Ouvrir et suivre les comptes bancaires en votre absence, les maintenir actifs et toujours sous vos instructions.<\/li>\n\n\n\n<li>Se pr\u00e9senter devant les notaires et les registres fonciers pour couvrir tout besoin pendant ou apr\u00e8s le processus d&rsquo;achat.<\/li>\n<\/ol>\n<\/div><\/details>\n<\/div>\n<\/div>\n","protected":false},"excerpt":{"rendered":"<p>Nos services de simplification de la bureaucratie. Traiter avec des agences gouvernementales, qu&rsquo;elles soient nationales ou \u00e9trang\u00e8res, peut \u00eatre une exp\u00e9rience frustrante et chronophage. En tant que cabinet d&rsquo;avocats sp\u00e9cialis\u00e9, nous sommes l\u00e0 pour vous faciliter la t\u00e2che. Que vous soyez dans le pays ou \u00e0 l&rsquo;\u00e9tranger, nous simplifierons la bureaucratie et veillerons \u00e0 ce [&hellip;]<\/p>\n","protected":false},"author":2,"featured_media":791,"parent":0,"menu_order":0,"comment_status":"closed","ping_status":"closed","template":"","meta":[],"categories":[20],"yoast_head":"<!-- This site is optimized with the Yoast SEO plugin v21.4 - https:\/\/yoast.com\/wordpress\/plugins\/seo\/ -->\n<title>Bureaucracy Simplification Services. Streamline Your Administrative Processes - Fontanals Solicitors<\/title>\n<meta name=\"description\" content=\"Make your life easier in Spain with the help of Fontanals Solicitors and our Convenience + services. Our team of experienced lawyers can assist with a wide range of services, including real estate, wills and inheritances, relocation and immigration, and tax planning. Contact us today for more information.\" \/>\n<meta name=\"robots\" content=\"index, follow, max-snippet:-1, max-image-preview:large, max-video-preview:-1\" \/>\n<link rel=\"canonical\" href=\"https:\/\/fontanals-solicitors.com\/fr\/convenience\/\" \/>\n<meta property=\"og:locale\" content=\"fr_FR\" \/>\n<meta property=\"og:type\" content=\"article\" \/>\n<meta property=\"og:title\" content=\"Bureaucracy Simplification Services. Streamline Your Administrative Processes - Fontanals Solicitors\" \/>\n<meta property=\"og:description\" content=\"Make your life easier in Spain with the help of Fontanals Solicitors and our Convenience + services. Our team of experienced lawyers can assist with a wide range of services, including real estate, wills and inheritances, relocation and immigration, and tax planning. Contact us today for more information.\" \/>\n<meta property=\"og:url\" content=\"https:\/\/fontanals-solicitors.com\/fr\/convenience\/\" \/>\n<meta property=\"og:site_name\" content=\"Real Estate Lawyers in Spain | Fontanals Solicitors\" \/>\n<meta property=\"article:modified_time\" content=\"2023-10-09T18:01:59+00:00\" \/>\n<meta property=\"og:image\" content=\"https:\/\/fontanals-solicitors.com\/wp-content\/uploads\/2023\/02\/convenience-featured.jpg\" \/>\n\t<meta property=\"og:image:width\" content=\"2000\" \/>\n\t<meta property=\"og:image:height\" content=\"1336\" \/>\n\t<meta property=\"og:image:type\" content=\"image\/jpeg\" \/>\n<meta name=\"twitter:card\" content=\"summary_large_image\" \/>\n<meta name=\"twitter:label1\" content=\"Dur\u00e9e de lecture estim\u00e9e\" \/>\n\t<meta name=\"twitter:data1\" content=\"5 minutes\" \/>\n<script type=\"application\/ld+json\" class=\"yoast-schema-graph\">{\"@context\":\"https:\/\/schema.org\",\"@graph\":[{\"@type\":\"WebPage\",\"@id\":\"https:\/\/fontanals-solicitors.com\/fr\/convenience\/\",\"url\":\"https:\/\/fontanals-solicitors.com\/fr\/convenience\/\",\"name\":\"Bureaucracy Simplification Services. Streamline Your Administrative Processes - Fontanals Solicitors\",\"isPartOf\":{\"@id\":\"https:\/\/fontanals-solicitors.com\/#website\"},\"datePublished\":\"2023-02-07T00:07:05+00:00\",\"dateModified\":\"2023-10-09T18:01:59+00:00\",\"description\":\"Make your life easier in Spain with the help of Fontanals Solicitors and our Convenience + services. Our team of experienced lawyers can assist with a wide range of services, including real estate, wills and inheritances, relocation and immigration, and tax planning. Contact us today for more information.\",\"breadcrumb\":{\"@id\":\"https:\/\/fontanals-solicitors.com\/fr\/convenience\/#breadcrumb\"},\"inLanguage\":\"fr-FR\",\"potentialAction\":[{\"@type\":\"ReadAction\",\"target\":[\"https:\/\/fontanals-solicitors.com\/fr\/convenience\/\"]}]},{\"@type\":\"BreadcrumbList\",\"@id\":\"https:\/\/fontanals-solicitors.com\/fr\/convenience\/#breadcrumb\",\"itemListElement\":[{\"@type\":\"ListItem\",\"position\":1,\"name\":\"Home\",\"item\":\"https:\/\/fontanals-solicitors.com\/fr\/\"},{\"@type\":\"ListItem\",\"position\":2,\"name\":\"Convenience+\"}]},{\"@type\":\"WebSite\",\"@id\":\"https:\/\/fontanals-solicitors.com\/#website\",\"url\":\"https:\/\/fontanals-solicitors.com\/\",\"name\":\"Real Estate Lawyers in Spain | Fontanals Solicitors\",\"description\":\"\",\"publisher\":{\"@id\":\"https:\/\/fontanals-solicitors.com\/#organization\"},\"potentialAction\":[{\"@type\":\"SearchAction\",\"target\":{\"@type\":\"EntryPoint\",\"urlTemplate\":\"https:\/\/fontanals-solicitors.com\/?s={search_term_string}\"},\"query-input\":\"required name=search_term_string\"}],\"inLanguage\":\"fr-FR\"},{\"@type\":\"Organization\",\"@id\":\"https:\/\/fontanals-solicitors.com\/#organization\",\"name\":\"Fontanals Solicitors\",\"url\":\"https:\/\/fontanals-solicitors.com\/\",\"logo\":{\"@type\":\"ImageObject\",\"inLanguage\":\"fr-FR\",\"@id\":\"https:\/\/fontanals-solicitors.com\/#\/schema\/logo\/image\/\",\"url\":\"https:\/\/fontanals-solicitors.com\/wp-content\/uploads\/2023\/06\/LOGO-FONTANALS-SOLICITORS-1.png\",\"contentUrl\":\"https:\/\/fontanals-solicitors.com\/wp-content\/uploads\/2023\/06\/LOGO-FONTANALS-SOLICITORS-1.png\",\"width\":1507,\"height\":507,\"caption\":\"Fontanals Solicitors\"},\"image\":{\"@id\":\"https:\/\/fontanals-solicitors.com\/#\/schema\/logo\/image\/\"}}]}<\/script>\n<!-- \/ Yoast SEO plugin. -->","yoast_head_json":{"title":"Bureaucracy Simplification Services. Streamline Your Administrative Processes - Fontanals Solicitors","description":"Make your life easier in Spain with the help of Fontanals Solicitors and our Convenience + services. Our team of experienced lawyers can assist with a wide range of services, including real estate, wills and inheritances, relocation and immigration, and tax planning. Contact us today for more information.","robots":{"index":"index","follow":"follow","max-snippet":"max-snippet:-1","max-image-preview":"max-image-preview:large","max-video-preview":"max-video-preview:-1"},"canonical":"https:\/\/fontanals-solicitors.com\/fr\/convenience\/","og_locale":"fr_FR","og_type":"article","og_title":"Bureaucracy Simplification Services. Streamline Your Administrative Processes - Fontanals Solicitors","og_description":"Make your life easier in Spain with the help of Fontanals Solicitors and our Convenience + services. Our team of experienced lawyers can assist with a wide range of services, including real estate, wills and inheritances, relocation and immigration, and tax planning. Contact us today for more information.","og_url":"https:\/\/fontanals-solicitors.com\/fr\/convenience\/","og_site_name":"Real Estate Lawyers in Spain | Fontanals Solicitors","article_modified_time":"2023-10-09T18:01:59+00:00","og_image":[{"width":2000,"height":1336,"url":"https:\/\/fontanals-solicitors.com\/wp-content\/uploads\/2023\/02\/convenience-featured.jpg","type":"image\/jpeg"}],"twitter_card":"summary_large_image","twitter_misc":{"Dur\u00e9e de lecture estim\u00e9e":"5 minutes"},"schema":{"@context":"https:\/\/schema.org","@graph":[{"@type":"WebPage","@id":"https:\/\/fontanals-solicitors.com\/fr\/convenience\/","url":"https:\/\/fontanals-solicitors.com\/fr\/convenience\/","name":"Bureaucracy Simplification Services. Streamline Your Administrative Processes - Fontanals Solicitors","isPartOf":{"@id":"https:\/\/fontanals-solicitors.com\/#website"},"datePublished":"2023-02-07T00:07:05+00:00","dateModified":"2023-10-09T18:01:59+00:00","description":"Make your life easier in Spain with the help of Fontanals Solicitors and our Convenience + services. Our team of experienced lawyers can assist with a wide range of services, including real estate, wills and inheritances, relocation and immigration, and tax planning. Contact us today for more information.","breadcrumb":{"@id":"https:\/\/fontanals-solicitors.com\/fr\/convenience\/#breadcrumb"},"inLanguage":"fr-FR","potentialAction":[{"@type":"ReadAction","target":["https:\/\/fontanals-solicitors.com\/fr\/convenience\/"]}]},{"@type":"BreadcrumbList","@id":"https:\/\/fontanals-solicitors.com\/fr\/convenience\/#breadcrumb","itemListElement":[{"@type":"ListItem","position":1,"name":"Home","item":"https:\/\/fontanals-solicitors.com\/fr\/"},{"@type":"ListItem","position":2,"name":"Convenience+"}]},{"@type":"WebSite","@id":"https:\/\/fontanals-solicitors.com\/#website","url":"https:\/\/fontanals-solicitors.com\/","name":"Real Estate Lawyers in Spain | Fontanals Solicitors","description":"","publisher":{"@id":"https:\/\/fontanals-solicitors.com\/#organization"},"potentialAction":[{"@type":"SearchAction","target":{"@type":"EntryPoint","urlTemplate":"https:\/\/fontanals-solicitors.com\/?s={search_term_string}"},"query-input":"required name=search_term_string"}],"inLanguage":"fr-FR"},{"@type":"Organization","@id":"https:\/\/fontanals-solicitors.com\/#organization","name":"Fontanals Solicitors","url":"https:\/\/fontanals-solicitors.com\/","logo":{"@type":"ImageObject","inLanguage":"fr-FR","@id":"https:\/\/fontanals-solicitors.com\/#\/schema\/logo\/image\/","url":"https:\/\/fontanals-solicitors.com\/wp-content\/uploads\/2023\/06\/LOGO-FONTANALS-SOLICITORS-1.png","contentUrl":"https:\/\/fontanals-solicitors.com\/wp-content\/uploads\/2023\/06\/LOGO-FONTANALS-SOLICITORS-1.png","width":1507,"height":507,"caption":"Fontanals Solicitors"},"image":{"@id":"https:\/\/fontanals-solicitors.com\/#\/schema\/logo\/image\/"}}]}},"_links":{"self":[{"href":"https:\/\/fontanals-solicitors.com\/fr\/wp-json\/wp\/v2\/pages\/907"}],"collection":[{"href":"https:\/\/fontanals-solicitors.com\/fr\/wp-json\/wp\/v2\/pages"}],"about":[{"href":"https:\/\/fontanals-solicitors.com\/fr\/wp-json\/wp\/v2\/types\/page"}],"author":[{"embeddable":true,"href":"https:\/\/fontanals-solicitors.com\/fr\/wp-json\/wp\/v2\/users\/2"}],"replies":[{"embeddable":true,"href":"https:\/\/fontanals-solicitors.com\/fr\/wp-json\/wp\/v2\/comments?post=907"}],"version-history":[{"count":1,"href":"https:\/\/fontanals-solicitors.com\/fr\/wp-json\/wp\/v2\/pages\/907\/revisions"}],"predecessor-version":[{"id":909,"href":"https:\/\/fontanals-solicitors.com\/fr\/wp-json\/wp\/v2\/pages\/907\/revisions\/909"}],"wp:featuredmedia":[{"embeddable":true,"href":"https:\/\/fontanals-solicitors.com\/fr\/wp-json\/wp\/v2\/media\/791"}],"wp:attachment":[{"href":"https:\/\/fontanals-solicitors.com\/fr\/wp-json\/wp\/v2\/media?parent=907"}],"wp:term":[{"taxonomy":"category","embeddable":true,"href":"https:\/\/fontanals-solicitors.com\/fr\/wp-json\/wp\/v2\/categories?post=907"}],"curies":[{"name":"wp","href":"https:\/\/api.w.org\/{rel}","templated":true}]}}