{"id":910,"date":"2023-02-07T00:06:34","date_gmt":"2023-02-07T00:06:34","guid":{"rendered":"https:\/\/fontanals-solicitors.com\/relocation\/"},"modified":"2023-10-09T18:12:26","modified_gmt":"2023-10-09T18:12:26","slug":"relocation","status":"publish","type":"page","link":"https:\/\/fontanals-solicitors.com\/fr\/relocation\/","title":{"rendered":"Relocation"},"content":{"rendered":"\n<div class=\"wp-block-columns fnt-main__group is-layout-flex wp-container-4\">\n<div class=\"wp-block-column fnt-main__group--begin fnt-main__group--span-4 is-layout-flow\" style=\"flex-basis:50%\">\n<h2 class=\"wp-block-heading\"><strong>Envisagez-vous de vous installer en Espagne?<\/strong><\/h2>\n<\/div>\n\n\n\n<div class=\"wp-block-column fnt-main__group--span-6 fnt-main__group--begin-mid is-layout-flow\" style=\"flex-basis:50%\">\n<div class=\"wp-block-group fnt-main__group-text-button is-vertical is-layout-flex wp-container-2\">\n<p class=\"fnt-main__group--begin fnt-main__group--span-6\">L&rsquo;Espagne est une destination populaire pour ceux qui cherchent \u00e0 am\u00e9liorer leur qualit\u00e9 de vie. \u00c1 Fontanals Solicitors, nous comprenons que le processus d&rsquo;immigration n&rsquo;est pas seulement une proc\u00e9dure bureaucratique, mais une \u00e9tape cruciale pour atteindre la tranquillit\u00e9 d&rsquo;esprit et le plaisir dans votre nouveau foyer.<\/p>\n\n\n\n<p class=\"fnt-main__group--begin fnt-main__group--span-6\"><br>Notre \u00e9quipe d&rsquo;experts en droit de la relocalisation en Espagne vous aidera \u00e0 naviguer dans les m\u00e9andres du processus d&rsquo;immigration et veillera \u00e0 ce que votre demande soit trait\u00e9e de mani\u00e8re fluide et efficace. Laissez-nous vous aider \u00e0 r\u00e9aliser votre r\u00eave de vivre en Espagne.<\/p>\n\n\n\n<p><\/p>\n\n\n\n<p><\/p>\n\n\n\n<p class=\"fnt-main__button fnt-main__group--begin fnt-main__group--span-3\"><a href=\"https:\/\/fontanals-solicitors.com\/fr\/contact\/\">Parlons-en maintenant!<\/a><\/p>\n<\/div>\n<\/div>\n<\/div>\n\n\n\n<div class=\"wp-block-columns fnt-main__group is-layout-flex wp-container-6\">\n<div class=\"wp-block-column fnt-main__group--begin fnt-main__group--span-4 is-layout-flow\" style=\"flex-basis:50%\">\n<h2 class=\"wp-block-heading\">Comment pouvons-nous vous aider?<\/h2>\n<\/div>\n<\/div>\n\n\n\n<div class=\"wp-block-columns fnt-main__group-bg is-layout-flex wp-container-9\">\n<div class=\"wp-block-column is-layout-flow\" style=\"flex-basis:50%\">\n<p>Notre \u00e9quipe de sp\u00e9cialistes est l\u00e0 pour rendre le processus aussi simple que possible. Nous vous tiendrons au courant de l&rsquo;\u00e9volution de la situation et nous vous proposerons des solutions \u00e0 tous les probl\u00e8mes qui pourraient se poser.<\/p>\n\n\n\n<p>\u00c1 Fontanals Solicitors, nous comprenons les d\u00e9fis juridiques et les proc\u00e9dures associ\u00e9es \u00e0 la relocalisation en Espagne. Nos avocats experts offrent des conseils et un soutien juridique dans un large \u00e9ventail de domaines, y compris:<\/p>\n<\/div>\n\n\n\n<div class=\"wp-block-column is-layout-flow\" style=\"flex-basis:50%\">\n<ul>\n<li><strong>Visas:<\/strong> Nous fournissons des informations et des conseils sur les diff\u00e9rentes options de visa disponibles en Espagne, telles que le Golden Visa, les visas de travail, les visas de retraite et les programmes d&rsquo;immigration des investisseurs.<br><\/li>\n\n\n\n<li><strong>Nationalit\u00e9: <\/strong>Nous guidons nos clients tout au long du processus d&rsquo;obtention de la nationalit\u00e9 espagnole, y compris les exigences et les proc\u00e9dures n\u00e9cessaires<br><\/li>\n\n\n\n<li><strong>Achat de propri\u00e9t\u00e9: <\/strong>Nous offrons des conseils juridiques pour l&rsquo;achat d&rsquo;une propri\u00e9t\u00e9 en Espagne, y compris l&rsquo;examen du contrat et la gestion de la documentation n\u00e9cessaire.<br><\/li>\n\n\n\n<li><strong>Documents espagnols:<\/strong> Nous vous aidons \u00e0 g\u00e9rer les proc\u00e9dures li\u00e9es \u00e0 l&rsquo;obtention de documents espagnols, tels que le NIE (num\u00e9ro d&rsquo;identification de l&rsquo;\u00e9tranger) et l&rsquo;enregistrement.<br><\/li>\n\n\n\n<li><strong>Soins de sant\u00e9: <\/strong>Nous fournissons des informations sur le syst\u00e8me de sant\u00e9 en Espagne et sur la mani\u00e8re d&rsquo;acc\u00e9der aux services de sant\u00e9.<\/li>\n<\/ul>\n<\/div>\n<\/div>\n\n\n\n<div class=\"wp-block-columns fnt-main__group is-layout-flex wp-container-11\">\n<div class=\"wp-block-column fnt-main__group--begin fnt-main__group--span-4 is-layout-flow\" style=\"flex-basis:50%\">\n<h2 class=\"wp-block-heading\">Related services<\/h2>\n<\/div>\n<\/div>\n\n\n\n<div class=\"wp-block-group fnt-servicios is-layout-flex\">\n<div class=\"wp-block-group fnt-servicios__item is-nowrap is-layout-flex wp-container-13\">\n<figure class=\"wp-block-image size-full\"><img decoding=\"async\" src=\"https:\/\/fontanals-solicitors.com\/wp-content\/uploads\/2023\/02\/nie.svg\" alt=\"\" class=\"wp-image-189\"\/><\/figure>\n\n\n\n<div class=\"wp-block-group fnt-servicios__content is-vertical is-layout-flex wp-container-12\">\n<p class=\"fnt-servicios__title\"><strong>NIE<\/strong><\/p>\n\n\n\n<p class=\"fnt-servicios__description\">il s&rsquo;agit d&rsquo;un num\u00e9ro d&rsquo;identification fiscale en Espagne. Nous effectuons toutes les d\u00e9marches n\u00e9cessaires pour l&rsquo;obtenir aupr\u00e8s du bureau de l&rsquo;immigration.<\/p>\n<\/div>\n<\/div>\n\n\n\n<div class=\"wp-block-group fnt-servicios__item is-nowrap is-layout-flex wp-container-15\">\n<figure class=\"wp-block-image size-full\"><img decoding=\"async\" src=\"https:\/\/fontanals-solicitors.com\/wp-content\/uploads\/2023\/02\/visa.svg\" alt=\"\" class=\"wp-image-190\"\/><\/figure>\n\n\n\n<div class=\"wp-block-group fnt-servicios__content is-vertical is-layout-flex wp-container-14\">\n<p class=\"fnt-servicios__title\"><strong>VISA<\/strong><\/p>\n\n\n\n<p class=\"fnt-servicios__description\">Nous vous fournirons toutes les informations n\u00e9cessaires pour demander un visa au consulat.<\/p>\n<\/div>\n<\/div>\n\n\n\n<div class=\"wp-block-group fnt-servicios__item is-nowrap is-layout-flex wp-container-17\">\n<figure class=\"wp-block-image size-full\"><img decoding=\"async\" src=\"https:\/\/fontanals-solicitors.com\/wp-content\/uploads\/2023\/02\/nationality.svg\" alt=\"\" class=\"wp-image-191\"\/><\/figure>\n\n\n\n<div class=\"wp-block-group fnt-servicios__content is-vertical is-layout-flex wp-container-16\">\n<p class=\"fnt-servicios__title\"><strong>Nationalit\u00e9<\/strong><\/p>\n\n\n\n<p class=\"fnt-servicios__description\">Nos experts vous aideront tout au long du processus de demande de la nationalit\u00e9 espagnole.<\/p>\n<\/div>\n<\/div>\n\n\n\n<div class=\"wp-block-group fnt-servicios__item is-nowrap is-layout-flex wp-container-19\">\n<figure class=\"wp-block-image size-full\"><img decoding=\"async\" src=\"https:\/\/fontanals-solicitors.com\/wp-content\/uploads\/2023\/02\/residence.svg\" alt=\"\" class=\"wp-image-192\"\/><\/figure>\n\n\n\n<div class=\"wp-block-group fnt-servicios__content is-vertical is-layout-flex wp-container-18\">\n<p class=\"fnt-servicios__title\"><strong>R\u00e9sidence<\/strong><\/p>\n\n\n\n<p class=\"fnt-servicios__description\">Nous vous informerons des conditions \u00e0 remplir et vous guiderons tout au long du processus.<\/p>\n<\/div>\n<\/div>\n\n\n\n<div class=\"wp-block-group fnt-servicios__item is-nowrap is-layout-flex wp-container-21\">\n<figure class=\"wp-block-image size-full\"><img decoding=\"async\" src=\"https:\/\/fontanals-solicitors.com\/wp-content\/uploads\/2023\/02\/visa.svg\" alt=\"\" class=\"wp-image-190\"\/><\/figure>\n\n\n\n<div class=\"wp-block-group fnt-servicios__content is-vertical is-layout-flex wp-container-20\">\n<p class=\"fnt-servicios__title\"><strong>Golden VISA<\/strong><\/p>\n\n\n\n<p class=\"fnt-servicios__description\">Nous vous aiderons \u00e0 comprendre la proc\u00e9dure et la fa\u00e7on de pr\u00e9senter votre demande au consulat.\u00a0<\/p>\n<\/div>\n<\/div>\n\n\n\n<div class=\"wp-block-group fnt-servicios__item is-nowrap is-layout-flex wp-container-23\">\n<figure class=\"wp-block-image size-full\"><img decoding=\"async\" src=\"https:\/\/fontanals-solicitors.com\/wp-content\/uploads\/2023\/02\/health.svg\" alt=\"\" class=\"wp-image-193\"\/><\/figure>\n\n\n\n<div class=\"wp-block-group fnt-servicios__content is-vertical is-layout-flex wp-container-22\">\n<p class=\"fnt-servicios__title\"><strong>Carte de sant\u00e9<\/strong><\/p>\n\n\n\n<p class=\"fnt-servicios__description\">Cette carte certifie le niveau des prestations de sant\u00e9 publique auxquelles chaque citoyen a l\u00e9galement droit dans le cadre du syst\u00e8me national de sant\u00e9.<\/p>\n<\/div>\n<\/div>\n\n\n\n<div class=\"wp-block-group fnt-servicios__item is-nowrap is-layout-flex wp-container-25\">\n<figure class=\"wp-block-image size-full\"><img decoding=\"async\" src=\"https:\/\/fontanals-solicitors.com\/wp-content\/uploads\/2023\/02\/power-icon.svg\" alt=\"\" class=\"wp-image-84\"\/><\/figure>\n\n\n\n<div class=\"wp-block-group fnt-servicios__content is-vertical is-layout-flex wp-container-24\">\n<p class=\"fnt-servicios__title\"><strong>L&rsquo;inscription au registre municipal<\/strong><\/p>\n\n\n\n<p class=\"fnt-servicios__description\">Nous vous aiderons \u00e0 r\u00e9duire les formalit\u00e9s administratives et \u00e0 simplifier le processus.\u00a0<\/p>\n<\/div>\n<\/div>\n\n\n\n<div class=\"wp-block-group fnt-servicios__item is-nowrap is-layout-flex wp-container-27\">\n<figure class=\"wp-block-image size-full\"><img decoding=\"async\" src=\"https:\/\/fontanals-solicitors.com\/wp-content\/uploads\/2023\/02\/contract-icon.svg\" alt=\"\" class=\"wp-image-85\"\/><\/figure>\n\n\n\n<div class=\"wp-block-group fnt-servicios__content is-vertical is-layout-flex wp-container-26\">\n<p class=\"fnt-servicios__title\"><strong>R\u00e9daction du contrat de location<\/strong><\/p>\n\n\n\n<p class=\"fnt-servicios__description\">si vous souhaitez louer votre bien, nous vous aiderons \u00e0 r\u00e9diger le contrat le mieux adapt\u00e9 \u00e0 votre situation, tout en assurant votre protection juridique.<\/p>\n<\/div>\n<\/div>\n<\/div>\n\n\n\n<div class=\"wp-block-columns fnt-main__group is-layout-flex wp-container-31\">\n<div class=\"wp-block-column fnt-main__group--begin fnt-main__group--span-4 is-layout-flow\" style=\"flex-basis:50%\">\n<h2 class=\"wp-block-heading\">Questions fr\u00e9quemment pos\u00e9es<\/h2>\n<\/div>\n\n\n\n<div class=\"wp-block-column fnt-main__group--span-6 fnt-main__group--begin-mid is-layout-flow\" style=\"flex-basis:50%\">\n<details class=\"wp-block-fontanals-blocks-faq\"><summary class=\"question\"><h2>Les \u00e9trangers peuvent-ils acheter une propri\u00e9t\u00e9 en Espagne?<\/h2><img decoding=\"async\" src=\"data:image\/svg+xml;base64,PHN2ZyB4bWxucz0iaHR0cDovL3d3dy53My5vcmcvMjAwMC9zdmciIHdpZHRoPSIxMC44MiIgaGVpZ2h0PSI2LjU0MSIgdmlld0JveD0iMCAwIDEwLjgyIDYuNTQxIj4NCiAgPHBhdGggaWQ9ImFycm93LWRvd24iIGQ9Ik0xMC44MiwzLjIzOSw1LjQxLDguNjQ5LDAsMy4yMzksMS4xMzEsMi4xMDgsNS40MSw2LjM3LDkuNjcyLDIuMTA4WiIgdHJhbnNmb3JtPSJ0cmFuc2xhdGUoMCAtMi4xMDgpIi8+DQo8L3N2Zz4NCg==\" alt=\"Triangulo\"\/><\/summary><div class=\"answer\">\n<p>Comme nous l&rsquo;avons soulign\u00e9, il n&rsquo;y a aucune restriction \u00e0 l&rsquo;achat d&rsquo;une propri\u00e9t\u00e9 en Espagne, mais les exigences d\u00e9pendent de la nationalit\u00e9 de l&rsquo;acheteur. <\/p>\n\n\n\n<p>Dans tous les cas, nous vous aiderons \u00e0 remplir les conditions mentionn\u00e9es ci-dessus, afin que l&rsquo;achat souhait\u00e9 soit r\u00e9alisable.<\/p>\n<\/div><\/details>\n\n\n\n<details class=\"wp-block-fontanals-blocks-faq\"><summary class=\"question\"><h2>Puis-je obtenir la citoyennet\u00e9 si j&rsquo;ach\u00e8te un bien immobilier?<\/h2><img decoding=\"async\" src=\"data:image\/svg+xml;base64,PHN2ZyB4bWxucz0iaHR0cDovL3d3dy53My5vcmcvMjAwMC9zdmciIHdpZHRoPSIxMC44MiIgaGVpZ2h0PSI2LjU0MSIgdmlld0JveD0iMCAwIDEwLjgyIDYuNTQxIj4NCiAgPHBhdGggaWQ9ImFycm93LWRvd24iIGQ9Ik0xMC44MiwzLjIzOSw1LjQxLDguNjQ5LDAsMy4yMzksMS4xMzEsMi4xMDgsNS40MSw2LjM3LDkuNjcyLDIuMTA4WiIgdHJhbnNmb3JtPSJ0cmFuc2xhdGUoMCAtMi4xMDgpIi8+DQo8L3N2Zz4NCg==\" alt=\"Triangulo\"\/><\/summary><div class=\"answer\">\n<p>Le Golden Visa ou visa d&rsquo;or est un visa de r\u00e9sidence destin\u00e9 aux investisseurs. L&rsquo;investissement peut porter sur un actif financier, un bien immobilier ou un projet d&rsquo;entreprise.<br><br>\u00a0L&rsquo;achat d&rsquo;un bien immobilier d&rsquo;une valeur de 500 000 euros sans dette permet de demander un visa de r\u00e9sidence. Il peut s&rsquo;agir de l&rsquo;acquisition de plusieurs biens immobiliers, mais au moins un doit \u00eatre destin\u00e9 \u00e0 la r\u00e9sidence principale de l&rsquo;investisseur en Espagne.<br><br>Si l&rsquo;investissement est r\u00e9alis\u00e9 par l&rsquo;interm\u00e9diaire d&rsquo;une soci\u00e9t\u00e9, le demandeur doit \u00eatre l&rsquo;actionnaire majoritaire. N\u00e9anmoins, la r\u00e9sidence peut \u00eatre demand\u00e9e par toute personne qui remplit les conditions \u00e9conomiques li\u00e9es \u00e0 son lieu d&rsquo;implantation et \u00e0 ses moyens de subsistance.<\/p>\n<\/div><\/details>\n<\/div>\n<\/div>\n","protected":false},"excerpt":{"rendered":"<p>Envisagez-vous de vous installer en Espagne? L&rsquo;Espagne est une destination populaire pour ceux qui cherchent \u00e0 am\u00e9liorer leur qualit\u00e9 de vie. \u00c1 Fontanals Solicitors, nous comprenons que le processus d&rsquo;immigration n&rsquo;est pas seulement une proc\u00e9dure bureaucratique, mais une \u00e9tape cruciale pour atteindre la tranquillit\u00e9 d&rsquo;esprit et le plaisir dans votre nouveau foyer. Notre \u00e9quipe d&rsquo;experts [&hellip;]<\/p>\n","protected":false},"author":2,"featured_media":789,"parent":0,"menu_order":0,"comment_status":"closed","ping_status":"closed","template":"","meta":[],"categories":[20],"yoast_head":"<!-- This site is optimized with the Yoast SEO plugin v21.4 - https:\/\/yoast.com\/wordpress\/plugins\/seo\/ -->\n<title>Relocation Lawyers in Spain - Fontanals Solicitors<\/title>\n<meta name=\"description\" content=\"Fontanals Solicitors has specialized relocation lawyers in Spain who provide comprehensive legal advice for individuals planning to move to Spain, obtain a visa, buy property, secure permanent residency, and more.\" \/>\n<meta name=\"robots\" content=\"index, follow, max-snippet:-1, max-image-preview:large, max-video-preview:-1\" \/>\n<link rel=\"canonical\" href=\"https:\/\/fontanals-solicitors.com\/fr\/relocation\/\" \/>\n<meta property=\"og:locale\" content=\"fr_FR\" \/>\n<meta property=\"og:type\" content=\"article\" \/>\n<meta property=\"og:title\" content=\"Relocation Lawyers in Spain - Fontanals Solicitors\" \/>\n<meta property=\"og:description\" content=\"Fontanals Solicitors has specialized relocation lawyers in Spain who provide comprehensive legal advice for individuals planning to move to Spain, obtain a visa, buy property, secure permanent residency, and more.\" \/>\n<meta property=\"og:url\" content=\"https:\/\/fontanals-solicitors.com\/fr\/relocation\/\" \/>\n<meta property=\"og:site_name\" content=\"Real Estate Lawyers in Spain | Fontanals Solicitors\" \/>\n<meta property=\"article:modified_time\" content=\"2023-10-09T18:12:26+00:00\" \/>\n<meta property=\"og:image\" content=\"https:\/\/fontanals-solicitors.com\/wp-content\/uploads\/2023\/02\/relocation-featured.jpg\" \/>\n\t<meta property=\"og:image:width\" content=\"2000\" \/>\n\t<meta property=\"og:image:height\" content=\"1502\" \/>\n\t<meta property=\"og:image:type\" content=\"image\/jpeg\" \/>\n<meta name=\"twitter:card\" content=\"summary_large_image\" \/>\n<meta name=\"twitter:label1\" content=\"Dur\u00e9e de lecture estim\u00e9e\" \/>\n\t<meta name=\"twitter:data1\" content=\"6 minutes\" \/>\n<script type=\"application\/ld+json\" class=\"yoast-schema-graph\">{\"@context\":\"https:\/\/schema.org\",\"@graph\":[{\"@type\":\"WebPage\",\"@id\":\"https:\/\/fontanals-solicitors.com\/fr\/relocation\/\",\"url\":\"https:\/\/fontanals-solicitors.com\/fr\/relocation\/\",\"name\":\"Relocation Lawyers in Spain - Fontanals Solicitors\",\"isPartOf\":{\"@id\":\"https:\/\/fontanals-solicitors.com\/#website\"},\"datePublished\":\"2023-02-07T00:06:34+00:00\",\"dateModified\":\"2023-10-09T18:12:26+00:00\",\"description\":\"Fontanals Solicitors has specialized relocation lawyers in Spain who provide comprehensive legal advice for individuals planning to move to Spain, obtain a visa, buy property, secure permanent residency, and more.\",\"breadcrumb\":{\"@id\":\"https:\/\/fontanals-solicitors.com\/fr\/relocation\/#breadcrumb\"},\"inLanguage\":\"fr-FR\",\"potentialAction\":[{\"@type\":\"ReadAction\",\"target\":[\"https:\/\/fontanals-solicitors.com\/fr\/relocation\/\"]}]},{\"@type\":\"BreadcrumbList\",\"@id\":\"https:\/\/fontanals-solicitors.com\/fr\/relocation\/#breadcrumb\",\"itemListElement\":[{\"@type\":\"ListItem\",\"position\":1,\"name\":\"Home\",\"item\":\"https:\/\/fontanals-solicitors.com\/fr\/\"},{\"@type\":\"ListItem\",\"position\":2,\"name\":\"Relocation\"}]},{\"@type\":\"WebSite\",\"@id\":\"https:\/\/fontanals-solicitors.com\/#website\",\"url\":\"https:\/\/fontanals-solicitors.com\/\",\"name\":\"Real Estate Lawyers in Spain | Fontanals Solicitors\",\"description\":\"\",\"publisher\":{\"@id\":\"https:\/\/fontanals-solicitors.com\/#organization\"},\"potentialAction\":[{\"@type\":\"SearchAction\",\"target\":{\"@type\":\"EntryPoint\",\"urlTemplate\":\"https:\/\/fontanals-solicitors.com\/?s={search_term_string}\"},\"query-input\":\"required name=search_term_string\"}],\"inLanguage\":\"fr-FR\"},{\"@type\":\"Organization\",\"@id\":\"https:\/\/fontanals-solicitors.com\/#organization\",\"name\":\"Fontanals Solicitors\",\"url\":\"https:\/\/fontanals-solicitors.com\/\",\"logo\":{\"@type\":\"ImageObject\",\"inLanguage\":\"fr-FR\",\"@id\":\"https:\/\/fontanals-solicitors.com\/#\/schema\/logo\/image\/\",\"url\":\"https:\/\/fontanals-solicitors.com\/wp-content\/uploads\/2023\/06\/LOGO-FONTANALS-SOLICITORS-1.png\",\"contentUrl\":\"https:\/\/fontanals-solicitors.com\/wp-content\/uploads\/2023\/06\/LOGO-FONTANALS-SOLICITORS-1.png\",\"width\":1507,\"height\":507,\"caption\":\"Fontanals Solicitors\"},\"image\":{\"@id\":\"https:\/\/fontanals-solicitors.com\/#\/schema\/logo\/image\/\"}}]}<\/script>\n<!-- \/ Yoast SEO plugin. -->","yoast_head_json":{"title":"Relocation Lawyers in Spain - Fontanals Solicitors","description":"Fontanals Solicitors has specialized relocation lawyers in Spain who provide comprehensive legal advice for individuals planning to move to Spain, obtain a visa, buy property, secure permanent residency, and more.","robots":{"index":"index","follow":"follow","max-snippet":"max-snippet:-1","max-image-preview":"max-image-preview:large","max-video-preview":"max-video-preview:-1"},"canonical":"https:\/\/fontanals-solicitors.com\/fr\/relocation\/","og_locale":"fr_FR","og_type":"article","og_title":"Relocation Lawyers in Spain - Fontanals Solicitors","og_description":"Fontanals Solicitors has specialized relocation lawyers in Spain who provide comprehensive legal advice for individuals planning to move to Spain, obtain a visa, buy property, secure permanent residency, and more.","og_url":"https:\/\/fontanals-solicitors.com\/fr\/relocation\/","og_site_name":"Real Estate Lawyers in Spain | Fontanals Solicitors","article_modified_time":"2023-10-09T18:12:26+00:00","og_image":[{"width":2000,"height":1502,"url":"https:\/\/fontanals-solicitors.com\/wp-content\/uploads\/2023\/02\/relocation-featured.jpg","type":"image\/jpeg"}],"twitter_card":"summary_large_image","twitter_misc":{"Dur\u00e9e de lecture estim\u00e9e":"6 minutes"},"schema":{"@context":"https:\/\/schema.org","@graph":[{"@type":"WebPage","@id":"https:\/\/fontanals-solicitors.com\/fr\/relocation\/","url":"https:\/\/fontanals-solicitors.com\/fr\/relocation\/","name":"Relocation Lawyers in Spain - Fontanals Solicitors","isPartOf":{"@id":"https:\/\/fontanals-solicitors.com\/#website"},"datePublished":"2023-02-07T00:06:34+00:00","dateModified":"2023-10-09T18:12:26+00:00","description":"Fontanals Solicitors has specialized relocation lawyers in Spain who provide comprehensive legal advice for individuals planning to move to Spain, obtain a visa, buy property, secure permanent residency, and more.","breadcrumb":{"@id":"https:\/\/fontanals-solicitors.com\/fr\/relocation\/#breadcrumb"},"inLanguage":"fr-FR","potentialAction":[{"@type":"ReadAction","target":["https:\/\/fontanals-solicitors.com\/fr\/relocation\/"]}]},{"@type":"BreadcrumbList","@id":"https:\/\/fontanals-solicitors.com\/fr\/relocation\/#breadcrumb","itemListElement":[{"@type":"ListItem","position":1,"name":"Home","item":"https:\/\/fontanals-solicitors.com\/fr\/"},{"@type":"ListItem","position":2,"name":"Relocation"}]},{"@type":"WebSite","@id":"https:\/\/fontanals-solicitors.com\/#website","url":"https:\/\/fontanals-solicitors.com\/","name":"Real Estate Lawyers in Spain | Fontanals Solicitors","description":"","publisher":{"@id":"https:\/\/fontanals-solicitors.com\/#organization"},"potentialAction":[{"@type":"SearchAction","target":{"@type":"EntryPoint","urlTemplate":"https:\/\/fontanals-solicitors.com\/?s={search_term_string}"},"query-input":"required name=search_term_string"}],"inLanguage":"fr-FR"},{"@type":"Organization","@id":"https:\/\/fontanals-solicitors.com\/#organization","name":"Fontanals Solicitors","url":"https:\/\/fontanals-solicitors.com\/","logo":{"@type":"ImageObject","inLanguage":"fr-FR","@id":"https:\/\/fontanals-solicitors.com\/#\/schema\/logo\/image\/","url":"https:\/\/fontanals-solicitors.com\/wp-content\/uploads\/2023\/06\/LOGO-FONTANALS-SOLICITORS-1.png","contentUrl":"https:\/\/fontanals-solicitors.com\/wp-content\/uploads\/2023\/06\/LOGO-FONTANALS-SOLICITORS-1.png","width":1507,"height":507,"caption":"Fontanals Solicitors"},"image":{"@id":"https:\/\/fontanals-solicitors.com\/#\/schema\/logo\/image\/"}}]}},"_links":{"self":[{"href":"https:\/\/fontanals-solicitors.com\/fr\/wp-json\/wp\/v2\/pages\/910"}],"collection":[{"href":"https:\/\/fontanals-solicitors.com\/fr\/wp-json\/wp\/v2\/pages"}],"about":[{"href":"https:\/\/fontanals-solicitors.com\/fr\/wp-json\/wp\/v2\/types\/page"}],"author":[{"embeddable":true,"href":"https:\/\/fontanals-solicitors.com\/fr\/wp-json\/wp\/v2\/users\/2"}],"replies":[{"embeddable":true,"href":"https:\/\/fontanals-solicitors.com\/fr\/wp-json\/wp\/v2\/comments?post=910"}],"version-history":[{"count":1,"href":"https:\/\/fontanals-solicitors.com\/fr\/wp-json\/wp\/v2\/pages\/910\/revisions"}],"predecessor-version":[{"id":912,"href":"https:\/\/fontanals-solicitors.com\/fr\/wp-json\/wp\/v2\/pages\/910\/revisions\/912"}],"wp:featuredmedia":[{"embeddable":true,"href":"https:\/\/fontanals-solicitors.com\/fr\/wp-json\/wp\/v2\/media\/789"}],"wp:attachment":[{"href":"https:\/\/fontanals-solicitors.com\/fr\/wp-json\/wp\/v2\/media?parent=910"}],"wp:term":[{"taxonomy":"category","embeddable":true,"href":"https:\/\/fontanals-solicitors.com\/fr\/wp-json\/wp\/v2\/categories?post=910"}],"curies":[{"name":"wp","href":"https:\/\/api.w.org\/{rel}","templated":true}]}}