{"id":943,"date":"2023-02-07T00:05:57","date_gmt":"2023-02-07T00:05:57","guid":{"rendered":"https:\/\/fontanals-solicitors.com\/last-will-testament\/"},"modified":"2023-10-09T19:26:28","modified_gmt":"2023-10-09T19:26:28","slug":"last-will-testament","status":"publish","type":"page","link":"https:\/\/fontanals-solicitors.com\/fr\/last-will-testament\/","title":{"rendered":"Testament et H\u00e9ritage"},"content":{"rendered":"\n<div class=\"wp-block-columns fnt-main__group is-layout-flex wp-container-4\">\n<div class=\"wp-block-column fnt-main__group--begin fnt-main__group--span-4 is-layout-flow\" style=\"flex-basis:50%\">\n<h2 class=\"wp-block-heading\">Ai-je besoin d&rsquo;un testament en Espagne?<\/h2>\n<\/div>\n\n\n\n<div class=\"wp-block-column fnt-main__group--span-6 fnt-main__group--begin-mid is-layout-flow\" style=\"flex-basis:50%\">\n<div class=\"wp-block-group fnt-main__group-text-button is-vertical is-layout-flex wp-container-2\">\n<p><\/p>\n\n\n\n<p class=\"fnt-main__group--begin fnt-main__group--span-6\">Fontanals Solicitors est sp\u00e9cialis\u00e9 dans les questions de succession pour les r\u00e9sidents en Espagne. Notre \u00e9quipe de juristes est l\u00e0 pour vous fournir des conseils d&rsquo;experts et un soutien dans tous les aspects des questions de succession<\/p>\n\n\n\n<p class=\"fnt-main__group--begin fnt-main__group--span-6\">En Espagne, si vous n&rsquo;avez pas de testament, c&rsquo;est la loi qui d\u00e9cidera de la r\u00e9partition de vos biens apr\u00e8s votre d\u00e9c\u00e8s. Cela peut poser un probl\u00e8me, car la r\u00e9partition l\u00e9gale n&rsquo;est souvent pas la plus avantageuse sur le plan fiscal et peut provoquer des conflits entre vos proches.<br><br>\u00c0 Fontanals Solicitors, nous aidons nos clients internationaux \u00e0 planifier leur succession depuis plus de 30 ans. Notre proc\u00e9dure est simple et efficace, et nous pouvons vous aider \u00e0 r\u00e9diger un testament qui garantira que vos biens, y compris les propri\u00e9t\u00e9s que vous poss\u00e9dez, seront distribu\u00e9s conform\u00e9ment \u00e0 vos souhaits.<\/p>\n\n\n\n<p class=\"fnt-main__button fnt-main__group--begin fnt-main__group--span-3\"><br><a href=\"https:\/\/fontanals-solicitors.com\/fr\/contact\/\">Planifier une consultation gratuite<\/a><\/p>\n<\/div>\n<\/div>\n<\/div>\n\n\n\n<div class=\"wp-block-columns fnt-main__group is-layout-flex wp-container-6\">\n<div class=\"wp-block-column fnt-main__group--begin fnt-main__group--span-4 is-layout-flow\" style=\"flex-basis:50%\">\n<h2 class=\"wp-block-heading\">Comment pouvons-nous vous aider?<\/h2>\n<\/div>\n<\/div>\n\n\n\n<div class=\"wp-block-group fnt-main__enumeration is-nowrap is-layout-flex wp-container-9\">\n<div class=\"wp-block-group fnt-background--blue-100 is-vertical is-layout-flex wp-container-7\">\n<p class=\"fnt-text-colossal\">1<\/p>\n\n\n\n<p class=\"fnt-text-small\">\u00c0 Fontanals Solicitors, nous comprenons que la r\u00e9daction d&rsquo;un testament et la gestion d&rsquo;une succession sont des questions tr\u00e8s personnelles qui n\u00e9cessitent une approche sur mesure. C&rsquo;est pourquoi nous prenons le temps de comprendre votre situation unique et de travailler avec vous pour cr\u00e9er un testament ou g\u00e9rer votre h\u00e9ritage de la mani\u00e8re qui r\u00e9pond le mieux \u00e0 vos besoins et \u00e0 vos souhaits.<\/p>\n<\/div>\n\n\n\n<div class=\"wp-block-group fnt-background--blue-200 is-vertical is-layout-flex wp-container-8\">\n<p class=\"fnt-text-colossal\">2<\/p>\n\n\n\n<p class=\"fnt-text-small\">Notre \u00e9quipe d&rsquo;experts veillera \u00e0 ce que vos biens soient distribu\u00e9s efficacement et conform\u00e9ment \u00e0 vos souhaits. Laissez-nous vous aider \u00e0 prot\u00e9ger vos proches et votre patrimoine gr\u00e2ce \u00e0 un plan personnalis\u00e9 qui r\u00e9pond \u00e0 vos besoins uniques. Vous pouvez nous faire confiance pour g\u00e9rer votre testament et votre h\u00e9ritage avec le soin et le professionnalisme qu&rsquo;ils m\u00e9ritent.<\/p>\n<\/div>\n<\/div>\n\n\n\n<div class=\"wp-block-columns fnt-main__group is-layout-flex wp-container-11\">\n<div class=\"wp-block-column fnt-main__group--begin fnt-main__group--span-4 is-layout-flow\" style=\"flex-basis:50%\">\n<h2 class=\"wp-block-heading\">Services connexes<\/h2>\n<\/div>\n<\/div>\n\n\n\n<div class=\"wp-block-group fnt-servicios is-layout-flex\">\n<div class=\"wp-block-group fnt-servicios__item is-nowrap is-layout-flex wp-container-13\">\n<figure class=\"wp-block-image size-full\"><img decoding=\"async\" src=\"https:\/\/fontanals-solicitors.com\/wp-content\/uploads\/2023\/02\/inheritance.svg\" alt=\"\" class=\"wp-image-134\"\/><\/figure>\n\n\n\n<div class=\"wp-block-group fnt-servicios__content is-vertical is-layout-flex wp-container-12\">\n<p class=\"fnt-servicios__title\"><strong>H\u00e9ritage<\/strong><\/p>\n\n\n\n<p class=\"fnt-servicios__description\">Nous veillons \u00e0 ce qu&rsquo;elle soit ex\u00e9cut\u00e9e le plus efficacement possible, en tenant compte de toutes les taxes<\/p>\n<\/div>\n<\/div>\n\n\n\n<div class=\"wp-block-group fnt-servicios__item is-nowrap is-layout-flex wp-container-15\">\n<figure class=\"wp-block-image size-full\"><img decoding=\"async\" src=\"https:\/\/fontanals-solicitors.com\/wp-content\/uploads\/2023\/02\/will-icon.svg\" alt=\"\" class=\"wp-image-86\"\/><\/figure>\n\n\n\n<div class=\"wp-block-group fnt-servicios__content is-vertical is-layout-flex wp-container-14\">\n<p class=\"fnt-servicios__title\"><strong>Testament<\/strong><\/p>\n\n\n\n<p class=\"fnt-servicios__description\">D\u00e9cidez du sort de vos biens en Espagne en cas de d\u00e9c\u00e8s et optimisez les taxes inh\u00e9rentes.<\/p>\n<\/div>\n<\/div>\n\n\n\n<div class=\"wp-block-group fnt-servicios__item is-nowrap is-layout-flex wp-container-17\">\n<figure class=\"wp-block-image size-full\"><img decoding=\"async\" src=\"https:\/\/fontanals-solicitors.com\/wp-content\/uploads\/2023\/02\/probate.svg\" alt=\"\" class=\"wp-image-136\"\/><\/figure>\n\n\n\n<div class=\"wp-block-group fnt-servicios__content is-vertical is-layout-flex wp-container-16\">\n<p class=\"fnt-servicios__title\"><strong>Homologation<\/strong><\/p>\n\n\n\n<p class=\"fnt-servicios__description\">Nous nous chargeons de l&rsquo;homologation pour vous au Royaume-Uni.<\/p>\n<\/div>\n<\/div>\n\n\n\n<div class=\"wp-block-group fnt-servicios__item is-nowrap is-layout-flex wp-container-19\">\n<figure class=\"wp-block-image size-full\"><img decoding=\"async\" src=\"https:\/\/fontanals-solicitors.com\/wp-content\/uploads\/2023\/02\/donation-icon.svg\" alt=\"\" class=\"wp-image-82\"\/><\/figure>\n\n\n\n<div class=\"wp-block-group fnt-servicios__content is-vertical is-layout-flex wp-container-18\">\n<p class=\"fnt-servicios__title\"><strong>Donation<\/strong><\/p>\n\n\n\n<p class=\"fnt-servicios__description\">Nous examinerons les diff\u00e9rentes possibilit\u00e9s qui s&rsquo;offrent \u00e0 vous et vous conseillerons sur la solution la plus rapide et la plus avantageuse d&rsquo;un point de vue fiscal<\/p>\n<\/div>\n<\/div>\n\n\n\n<div class=\"wp-block-group fnt-servicios__item is-nowrap is-layout-flex wp-container-21\">\n<figure class=\"wp-block-image size-full\"><img decoding=\"async\" src=\"https:\/\/fontanals-solicitors.com\/wp-content\/uploads\/2023\/02\/power-icon.svg\" alt=\"\" class=\"wp-image-84\"\/><\/figure>\n\n\n\n<div class=\"wp-block-group fnt-servicios__content is-vertical is-layout-flex wp-container-20\">\n<p class=\"fnt-servicios__title\"><strong>Procuration<\/strong><\/p>\n\n\n\n<p class=\"fnt-servicios__description\">Nous serons votre repr\u00e9sentant l\u00e9gal si vous ne pouvez pas \u00eatre physiquement pr\u00e9sent et que vous en avez besoin<\/p>\n<\/div>\n<\/div>\n\n\n\n<div class=\"wp-block-group fnt-servicios__item is-nowrap is-layout-flex wp-container-23\">\n<figure class=\"wp-block-image size-full\"><img decoding=\"async\" src=\"https:\/\/fontanals-solicitors.com\/wp-content\/uploads\/2023\/02\/ownership-icon.svg\" alt=\"\" class=\"wp-image-83\"\/><\/figure>\n\n\n\n<div class=\"wp-block-group fnt-servicios__content is-vertical is-layout-flex wp-container-22\">\n<p class=\"fnt-servicios__title\"><strong>Transfert d&rsquo;actifs<\/strong><\/p>\n\n\n\n<p class=\"fnt-servicios__description\">Nous vous conseillons tout au long du processus et veillons \u00e0 ce qu&rsquo;il se d\u00e9roule de mani\u00e8re optimale pour vos int\u00e9r\u00eats<\/p>\n<\/div>\n<\/div>\n\n\n\n<div class=\"wp-block-group fnt-servicios__item is-nowrap is-layout-flex wp-container-25\">\n<figure class=\"wp-block-image size-full\"><img decoding=\"async\" src=\"https:\/\/fontanals-solicitors.com\/wp-content\/uploads\/2023\/02\/certificates.svg\" alt=\"\" class=\"wp-image-139\"\/><\/figure>\n\n\n\n<div class=\"wp-block-group fnt-servicios__content is-vertical is-layout-flex wp-container-24\">\n<p class=\"fnt-servicios__title\"><strong>Certificats<\/strong><\/p>\n\n\n\n<p class=\"fnt-servicios__description\">La validation et la traduction de documents officiels repr\u00e9sentent une charge bureaucratique importante. Nous pouvons le faire pour vous.\u00a0<\/p>\n<\/div>\n<\/div>\n\n\n\n<div class=\"wp-block-group fnt-servicios__item is-nowrap is-layout-flex wp-container-27\">\n<figure class=\"wp-block-image size-full\"><img decoding=\"async\" src=\"https:\/\/fontanals-solicitors.com\/wp-content\/uploads\/2023\/02\/contract-icon.svg\" alt=\"\" class=\"wp-image-85\"\/><\/figure>\n\n\n\n<div class=\"wp-block-group fnt-servicios__content is-vertical is-layout-flex wp-container-26\">\n<p class=\"fnt-servicios__title\"><strong>R\u00e9daction du contrat de location<\/strong><\/p>\n\n\n\n<p class=\"fnt-servicios__description\">Nous vous aidons \u00e0 pr\u00e9parer ou \u00e0 r\u00e9viser votre contrat de location, en veillant \u00e0 ce que vos int\u00e9r\u00eats soient toujours prot\u00e9g\u00e9s<\/p>\n<\/div>\n<\/div>\n<\/div>\n\n\n\n<div class=\"wp-block-columns fnt-main__group is-layout-flex wp-container-31\">\n<div class=\"wp-block-column fnt-main__group--begin fnt-main__group--span-4 is-layout-flow\" style=\"flex-basis:50%\">\n<h2 class=\"wp-block-heading\">Questions fr\u00e9quemment pos\u00e9es<\/h2>\n<\/div>\n\n\n\n<div class=\"wp-block-column fnt-main__group--span-6 fnt-main__group--begin-mid is-layout-flow\" style=\"flex-basis:50%\">\n<details class=\"wp-block-fontanals-blocks-faq\" open><summary class=\"question\"><h2>La signature d&rsquo;un testament est-elle obligatoire en Espagne?<\/h2><img decoding=\"async\" src=\"data:image\/svg+xml;base64,PHN2ZyB4bWxucz0iaHR0cDovL3d3dy53My5vcmcvMjAwMC9zdmciIHdpZHRoPSIxMC44MiIgaGVpZ2h0PSI2LjU0MSIgdmlld0JveD0iMCAwIDEwLjgyIDYuNTQxIj4NCiAgPHBhdGggaWQ9ImFycm93LWRvd24iIGQ9Ik0xMC44MiwzLjIzOSw1LjQxLDguNjQ5LDAsMy4yMzksMS4xMzEsMi4xMDgsNS40MSw2LjM3LDkuNjcyLDIuMTA4WiIgdHJhbnNmb3JtPSJ0cmFuc2xhdGUoMCAtMi4xMDgpIi8+DQo8L3N2Zz4NCg==\" alt=\"Triangulo\"\/><\/summary><div class=\"answer\">\n<p>Non, mais il est fortement recommand\u00e9 d&rsquo;acc\u00e9l\u00e9rer les proc\u00e9dures dans les futures adjudications d&rsquo;h\u00e9ritage.<\/p>\n<\/div><\/details>\n\n\n\n<details class=\"wp-block-fontanals-blocks-faq\"><summary class=\"question\"><h2>Quelle est la loi qui r\u00e9gira mon testament?<\/h2><img decoding=\"async\" src=\"data:image\/svg+xml;base64,PHN2ZyB4bWxucz0iaHR0cDovL3d3dy53My5vcmcvMjAwMC9zdmciIHdpZHRoPSIxMC44MiIgaGVpZ2h0PSI2LjU0MSIgdmlld0JveD0iMCAwIDEwLjgyIDYuNTQxIj4NCiAgPHBhdGggaWQ9ImFycm93LWRvd24iIGQ9Ik0xMC44MiwzLjIzOSw1LjQxLDguNjQ5LDAsMy4yMzksMS4xMzEsMi4xMDgsNS40MSw2LjM3LDkuNjcyLDIuMTA4WiIgdHJhbnNmb3JtPSJ0cmFuc2xhdGUoMCAtMi4xMDgpIi8+DQo8L3N2Zz4NCg==\" alt=\"Triangulo\"\/><\/summary><div class=\"answer\">\n<p>Le testateur a la possibilit\u00e9 de choisir, suite aux dispositions du r\u00e8glement (UE) n\u00b0 650\/2012 du Parlement europ\u00e9en et du Conseil du 4 juillet 2012, de faire r\u00e9gir son testament par la loi de sa nationalit\u00e9.<\/p>\n<\/div><\/details>\n\n\n\n<details class=\"wp-block-fontanals-blocks-faq\"><summary class=\"question\"><h2>Quel est le pourcentage des droits de succession \u00e0 payer?<\/h2><img decoding=\"async\" src=\"data:image\/svg+xml;base64,PHN2ZyB4bWxucz0iaHR0cDovL3d3dy53My5vcmcvMjAwMC9zdmciIHdpZHRoPSIxMC44MiIgaGVpZ2h0PSI2LjU0MSIgdmlld0JveD0iMCAwIDEwLjgyIDYuNTQxIj4NCiAgPHBhdGggaWQ9ImFycm93LWRvd24iIGQ9Ik0xMC44MiwzLjIzOSw1LjQxLDguNjQ5LDAsMy4yMzksMS4xMzEsMi4xMDgsNS40MSw2LjM3LDkuNjcyLDIuMTA4WiIgdHJhbnNmb3JtPSJ0cmFuc2xhdGUoMCAtMi4xMDgpIi8+DQo8L3N2Zz4NCg==\" alt=\"Triangulo\"\/><\/summary><div class=\"answer\">\n<p>Le calcul des droits de succession est d\u00e9termin\u00e9 sur la base de diff\u00e9rentes valeurs qui varient en fonction du montant total de la succession. <br><br>Les contr\u00f4les appropri\u00e9s doivent \u00eatre effectu\u00e9s pour appliquer les \u00e9ventuelles d\u00e9ductions approuv\u00e9es par la Communaut\u00e9 autonome o\u00f9 se trouvent les biens.<\/p>\n<\/div><\/details>\n\n\n\n<details class=\"wp-block-fontanals-blocks-faq\"><summary class=\"question\"><h2>Dans quelle langue le testament doit-il \u00eatre r\u00e9dig\u00e9?<\/h2><img decoding=\"async\" src=\"data:image\/svg+xml;base64,PHN2ZyB4bWxucz0iaHR0cDovL3d3dy53My5vcmcvMjAwMC9zdmciIHdpZHRoPSIxMC44MiIgaGVpZ2h0PSI2LjU0MSIgdmlld0JveD0iMCAwIDEwLjgyIDYuNTQxIj4NCiAgPHBhdGggaWQ9ImFycm93LWRvd24iIGQ9Ik0xMC44MiwzLjIzOSw1LjQxLDguNjQ5LDAsMy4yMzksMS4xMzEsMi4xMDgsNS40MSw2LjM3LDkuNjcyLDIuMTA4WiIgdHJhbnNmb3JtPSJ0cmFuc2xhdGUoMCAtMi4xMDgpIi8+DQo8L3N2Zz4NCg==\" alt=\"Triangulo\"\/><\/summary><div class=\"answer\">\n<p>Il sera r\u00e9dig\u00e9 \u00e0 la demande du testateur en double colonne espagnol &#8211; fran\u00e7ais.<\/p>\n<\/div><\/details>\n<\/div>\n<\/div>\n","protected":false},"excerpt":{"rendered":"<p>Ai-je besoin d&rsquo;un testament en Espagne? Fontanals Solicitors est sp\u00e9cialis\u00e9 dans les questions de succession pour les r\u00e9sidents en Espagne. Notre \u00e9quipe de juristes est l\u00e0 pour vous fournir des conseils d&rsquo;experts et un soutien dans tous les aspects des questions de succession En Espagne, si vous n&rsquo;avez pas de testament, c&rsquo;est la loi qui [&hellip;]<\/p>\n","protected":false},"author":2,"featured_media":788,"parent":0,"menu_order":0,"comment_status":"closed","ping_status":"closed","template":"","meta":[],"categories":[20],"yoast_head":"<!-- This site is optimized with the Yoast SEO plugin v21.4 - https:\/\/yoast.com\/wordpress\/plugins\/seo\/ -->\n<title>Expert Wills and Inheritances Lawyers in Spain | Fontanals Solicitors<\/title>\n<meta name=\"description\" content=\"Our experienced Will &amp; Inheritance solicitors provide comprehensive services, including last will and testament, transfers to heirs, distribution of assets, and more. Contact us today!\" \/>\n<meta name=\"robots\" content=\"index, follow, max-snippet:-1, max-image-preview:large, max-video-preview:-1\" \/>\n<link rel=\"canonical\" href=\"https:\/\/fontanals-solicitors.com\/fr\/last-will-testament\/\" \/>\n<meta property=\"og:locale\" content=\"fr_FR\" \/>\n<meta property=\"og:type\" content=\"article\" \/>\n<meta property=\"og:title\" content=\"Expert Wills and Inheritances Lawyers in Spain | Fontanals Solicitors\" \/>\n<meta property=\"og:description\" content=\"Our experienced Will &amp; Inheritance solicitors provide comprehensive services, including last will and testament, transfers to heirs, distribution of assets, and more. Contact us today!\" \/>\n<meta property=\"og:url\" content=\"https:\/\/fontanals-solicitors.com\/fr\/last-will-testament\/\" \/>\n<meta property=\"og:site_name\" content=\"Real Estate Lawyers in Spain | Fontanals Solicitors\" \/>\n<meta property=\"article:modified_time\" content=\"2023-10-09T19:26:28+00:00\" \/>\n<meta property=\"og:image\" content=\"https:\/\/fontanals-solicitors.com\/wp-content\/uploads\/2023\/02\/last-will-featured.jpg\" \/>\n\t<meta property=\"og:image:width\" content=\"2000\" \/>\n\t<meta property=\"og:image:height\" content=\"1333\" \/>\n\t<meta property=\"og:image:type\" content=\"image\/jpeg\" \/>\n<meta name=\"twitter:card\" content=\"summary_large_image\" \/>\n<meta name=\"twitter:label1\" content=\"Dur\u00e9e de lecture estim\u00e9e\" \/>\n\t<meta name=\"twitter:data1\" content=\"6 minutes\" \/>\n<script type=\"application\/ld+json\" class=\"yoast-schema-graph\">{\"@context\":\"https:\/\/schema.org\",\"@graph\":[{\"@type\":\"WebPage\",\"@id\":\"https:\/\/fontanals-solicitors.com\/fr\/last-will-testament\/\",\"url\":\"https:\/\/fontanals-solicitors.com\/fr\/last-will-testament\/\",\"name\":\"Expert Wills and Inheritances Lawyers in Spain | Fontanals Solicitors\",\"isPartOf\":{\"@id\":\"https:\/\/fontanals-solicitors.com\/#website\"},\"datePublished\":\"2023-02-07T00:05:57+00:00\",\"dateModified\":\"2023-10-09T19:26:28+00:00\",\"description\":\"Our experienced Will & Inheritance solicitors provide comprehensive services, including last will and testament, transfers to heirs, distribution of assets, and more. Contact us today!\",\"breadcrumb\":{\"@id\":\"https:\/\/fontanals-solicitors.com\/fr\/last-will-testament\/#breadcrumb\"},\"inLanguage\":\"fr-FR\",\"potentialAction\":[{\"@type\":\"ReadAction\",\"target\":[\"https:\/\/fontanals-solicitors.com\/fr\/last-will-testament\/\"]}]},{\"@type\":\"BreadcrumbList\",\"@id\":\"https:\/\/fontanals-solicitors.com\/fr\/last-will-testament\/#breadcrumb\",\"itemListElement\":[{\"@type\":\"ListItem\",\"position\":1,\"name\":\"Home\",\"item\":\"https:\/\/fontanals-solicitors.com\/fr\/\"},{\"@type\":\"ListItem\",\"position\":2,\"name\":\"Testament et H\u00e9ritage\"}]},{\"@type\":\"WebSite\",\"@id\":\"https:\/\/fontanals-solicitors.com\/#website\",\"url\":\"https:\/\/fontanals-solicitors.com\/\",\"name\":\"Real Estate Lawyers in Spain | Fontanals Solicitors\",\"description\":\"\",\"publisher\":{\"@id\":\"https:\/\/fontanals-solicitors.com\/#organization\"},\"potentialAction\":[{\"@type\":\"SearchAction\",\"target\":{\"@type\":\"EntryPoint\",\"urlTemplate\":\"https:\/\/fontanals-solicitors.com\/?s={search_term_string}\"},\"query-input\":\"required name=search_term_string\"}],\"inLanguage\":\"fr-FR\"},{\"@type\":\"Organization\",\"@id\":\"https:\/\/fontanals-solicitors.com\/#organization\",\"name\":\"Fontanals Solicitors\",\"url\":\"https:\/\/fontanals-solicitors.com\/\",\"logo\":{\"@type\":\"ImageObject\",\"inLanguage\":\"fr-FR\",\"@id\":\"https:\/\/fontanals-solicitors.com\/#\/schema\/logo\/image\/\",\"url\":\"https:\/\/fontanals-solicitors.com\/wp-content\/uploads\/2023\/06\/LOGO-FONTANALS-SOLICITORS-1.png\",\"contentUrl\":\"https:\/\/fontanals-solicitors.com\/wp-content\/uploads\/2023\/06\/LOGO-FONTANALS-SOLICITORS-1.png\",\"width\":1507,\"height\":507,\"caption\":\"Fontanals Solicitors\"},\"image\":{\"@id\":\"https:\/\/fontanals-solicitors.com\/#\/schema\/logo\/image\/\"}}]}<\/script>\n<!-- \/ Yoast SEO plugin. -->","yoast_head_json":{"title":"Expert Wills and Inheritances Lawyers in Spain | Fontanals Solicitors","description":"Our experienced Will & Inheritance solicitors provide comprehensive services, including last will and testament, transfers to heirs, distribution of assets, and more. Contact us today!","robots":{"index":"index","follow":"follow","max-snippet":"max-snippet:-1","max-image-preview":"max-image-preview:large","max-video-preview":"max-video-preview:-1"},"canonical":"https:\/\/fontanals-solicitors.com\/fr\/last-will-testament\/","og_locale":"fr_FR","og_type":"article","og_title":"Expert Wills and Inheritances Lawyers in Spain | Fontanals Solicitors","og_description":"Our experienced Will & Inheritance solicitors provide comprehensive services, including last will and testament, transfers to heirs, distribution of assets, and more. Contact us today!","og_url":"https:\/\/fontanals-solicitors.com\/fr\/last-will-testament\/","og_site_name":"Real Estate Lawyers in Spain | Fontanals Solicitors","article_modified_time":"2023-10-09T19:26:28+00:00","og_image":[{"width":2000,"height":1333,"url":"https:\/\/fontanals-solicitors.com\/wp-content\/uploads\/2023\/02\/last-will-featured.jpg","type":"image\/jpeg"}],"twitter_card":"summary_large_image","twitter_misc":{"Dur\u00e9e de lecture estim\u00e9e":"6 minutes"},"schema":{"@context":"https:\/\/schema.org","@graph":[{"@type":"WebPage","@id":"https:\/\/fontanals-solicitors.com\/fr\/last-will-testament\/","url":"https:\/\/fontanals-solicitors.com\/fr\/last-will-testament\/","name":"Expert Wills and Inheritances Lawyers in Spain | Fontanals Solicitors","isPartOf":{"@id":"https:\/\/fontanals-solicitors.com\/#website"},"datePublished":"2023-02-07T00:05:57+00:00","dateModified":"2023-10-09T19:26:28+00:00","description":"Our experienced Will & Inheritance solicitors provide comprehensive services, including last will and testament, transfers to heirs, distribution of assets, and more. Contact us today!","breadcrumb":{"@id":"https:\/\/fontanals-solicitors.com\/fr\/last-will-testament\/#breadcrumb"},"inLanguage":"fr-FR","potentialAction":[{"@type":"ReadAction","target":["https:\/\/fontanals-solicitors.com\/fr\/last-will-testament\/"]}]},{"@type":"BreadcrumbList","@id":"https:\/\/fontanals-solicitors.com\/fr\/last-will-testament\/#breadcrumb","itemListElement":[{"@type":"ListItem","position":1,"name":"Home","item":"https:\/\/fontanals-solicitors.com\/fr\/"},{"@type":"ListItem","position":2,"name":"Testament et H\u00e9ritage"}]},{"@type":"WebSite","@id":"https:\/\/fontanals-solicitors.com\/#website","url":"https:\/\/fontanals-solicitors.com\/","name":"Real Estate Lawyers in Spain | Fontanals Solicitors","description":"","publisher":{"@id":"https:\/\/fontanals-solicitors.com\/#organization"},"potentialAction":[{"@type":"SearchAction","target":{"@type":"EntryPoint","urlTemplate":"https:\/\/fontanals-solicitors.com\/?s={search_term_string}"},"query-input":"required name=search_term_string"}],"inLanguage":"fr-FR"},{"@type":"Organization","@id":"https:\/\/fontanals-solicitors.com\/#organization","name":"Fontanals Solicitors","url":"https:\/\/fontanals-solicitors.com\/","logo":{"@type":"ImageObject","inLanguage":"fr-FR","@id":"https:\/\/fontanals-solicitors.com\/#\/schema\/logo\/image\/","url":"https:\/\/fontanals-solicitors.com\/wp-content\/uploads\/2023\/06\/LOGO-FONTANALS-SOLICITORS-1.png","contentUrl":"https:\/\/fontanals-solicitors.com\/wp-content\/uploads\/2023\/06\/LOGO-FONTANALS-SOLICITORS-1.png","width":1507,"height":507,"caption":"Fontanals Solicitors"},"image":{"@id":"https:\/\/fontanals-solicitors.com\/#\/schema\/logo\/image\/"}}]}},"_links":{"self":[{"href":"https:\/\/fontanals-solicitors.com\/fr\/wp-json\/wp\/v2\/pages\/943"}],"collection":[{"href":"https:\/\/fontanals-solicitors.com\/fr\/wp-json\/wp\/v2\/pages"}],"about":[{"href":"https:\/\/fontanals-solicitors.com\/fr\/wp-json\/wp\/v2\/types\/page"}],"author":[{"embeddable":true,"href":"https:\/\/fontanals-solicitors.com\/fr\/wp-json\/wp\/v2\/users\/2"}],"replies":[{"embeddable":true,"href":"https:\/\/fontanals-solicitors.com\/fr\/wp-json\/wp\/v2\/comments?post=943"}],"version-history":[{"count":1,"href":"https:\/\/fontanals-solicitors.com\/fr\/wp-json\/wp\/v2\/pages\/943\/revisions"}],"predecessor-version":[{"id":945,"href":"https:\/\/fontanals-solicitors.com\/fr\/wp-json\/wp\/v2\/pages\/943\/revisions\/945"}],"wp:featuredmedia":[{"embeddable":true,"href":"https:\/\/fontanals-solicitors.com\/fr\/wp-json\/wp\/v2\/media\/788"}],"wp:attachment":[{"href":"https:\/\/fontanals-solicitors.com\/fr\/wp-json\/wp\/v2\/media?parent=943"}],"wp:term":[{"taxonomy":"category","embeddable":true,"href":"https:\/\/fontanals-solicitors.com\/fr\/wp-json\/wp\/v2\/categories?post=943"}],"curies":[{"name":"wp","href":"https:\/\/api.w.org\/{rel}","templated":true}]}}